{"id":502961,"date":"2025-04-13T08:44:31","date_gmt":"2025-04-13T06:44:31","guid":{"rendered":"https:\/\/www.speedcube.nl\/unkategorisiert\/moyu-super-weilong-v2-ai\/"},"modified":"2026-05-01T05:01:54","modified_gmt":"2026-05-01T03:01:54","slug":"moyu-super-weilong-v2-ai","status":"publish","type":"product","link":"https:\/\/www.speedcube.nl\/de\/speedcube-de\/smartcubes-de\/moyu-super-weilong-v2-ai\/","title":{"rendered":"MoYu Super Weilong V2 AI"},"content":{"rendered":"<p data-start=\"117\" data-end=\"187\"><strong>Intelligente Leistung, ultimative Kontrolle<\/strong><\/p>\n<p class=\"\" data-start=\"189\" data-end=\"497\">Der <strong data-start=\"192\" data-end=\"220\">MoYu Super WeiLong V2 AI<\/strong> ist das Flaggschiff von MoYu f\u00fcr 2025: ein 3&#215;3 Speedcube, der fortschrittliche Technologie mit erstklassiger Leistung kombiniert. Mit KI-Funktionalit\u00e4t, Bluetooth-Konnektivit\u00e4t und einer Reihe innovativer Funktionen ist dieser W\u00fcrfel f\u00fcr ernsthafte Speedcuber und Technikbegeisterte gleicherma\u00dfen geeignet. <\/p>\n<p data-start=\"499\" data-end=\"534\"><strong>\ud83d\udd27 Wesentliche Merkmale<\/strong><\/p>\n<ul data-start=\"535\" data-end=\"1116\">\n<li class=\"\" data-start=\"535\" data-end=\"639\">\n<p class=\"\" data-start=\"537\" data-end=\"639\"><strong data-start=\"537\" data-end=\"561\">8-Magnete mit Kugelkern<\/strong>: F\u00fcr verbesserte Stabilit\u00e4t und pr\u00e4zise Ausrichtung beim Drehen.<\/p>\n<\/li>\n<li class=\"\" data-start=\"640\" data-end=\"772\">\n<p class=\"\" data-start=\"642\" data-end=\"772\"><strong data-start=\"642\" data-end=\"664\">MagLev Technologie<\/strong>: Ersetzt herk\u00f6mmliche Federn durch magnetische Absto\u00dfung und sorgt so f\u00fcr schnellere und sanftere Bewegungen.<\/p>\n<\/li>\n<li class=\"\" data-start=\"773\" data-end=\"866\">\n<p class=\"\" data-start=\"775\" data-end=\"866\"><strong data-start=\"775\" data-end=\"789\">UV-Beschichtung<\/strong>: Gl\u00e4nzende, kratzfeste Oberfl\u00e4che, die die Griffigkeit und Haltbarkeit erh\u00f6ht.<\/p>\n<\/li>\n<li class=\"\" data-start=\"867\" data-end=\"988\">\n<p class=\"\" data-start=\"869\" data-end=\"988\"><strong data-start=\"869\" data-end=\"887\">KI &amp; Bluetooth<\/strong>: Echtzeit-Tracking, gyroskopische Sensoren und App-Integration f\u00fcr tiefgreifende Analysen und Training.<\/p>\n<\/li>\n<li class=\"\" data-start=\"989\" data-end=\"1116\">\n<p class=\"\" data-start=\"991\" data-end=\"1116\"><strong data-start=\"991\" data-end=\"1014\">Vollst\u00e4ndig anpassbar<\/strong>: 8 Stufen von Spannung, Kompression, Magnetkraft und Absto\u00dfung f\u00fcr ein individuelles Gef\u00fchl.<\/p>\n<\/li>\n<\/ul>\n<p data-start=\"1118\" data-end=\"1143\"><strong>\ud83d\udcd0 Spezifikationen<\/strong><\/p>\n<ul data-start=\"1144\" data-end=\"1301\">\n<li class=\"\" data-start=\"1144\" data-end=\"1185\">\n \t<\/li>\n<li class=\"\" data-start=\"1186\" data-end=\"1219\">\n<p class=\"\" data-start=\"1188\" data-end=\"1219\"><strong data-start=\"1188\" data-end=\"1199\">Gewicht<\/strong>: Etwa 76 Gramm<\/p>\n<\/li>\n<li class=\"\" data-start=\"1220\" data-end=\"1268\">\n<p class=\"\" data-start=\"1222\" data-end=\"1268\"><strong data-start=\"1222\" data-end=\"1238\">Akkulaufzeit<\/strong>: bis zu 30 Stunden Dauerbetrieb<\/p>\n<\/li>\n<li class=\"\" data-start=\"1269\" data-end=\"1301\">\n<p class=\"\" data-start=\"1271\" data-end=\"1301\"><strong data-start=\"1271\" data-end=\"1285\">Aufladezeit<\/strong>: Etwa 2 Stunden<\/p>\n<\/li>\n<\/ul>\n<p data-start=\"1303\" data-end=\"1337\"><strong>\ud83c\udf81 Inklusive Zubeh\u00f6r<\/strong><\/p>\n<ul data-start=\"1338\" data-end=\"1422\">\n<li class=\"\" data-start=\"1338\" data-end=\"1363\">\n<p class=\"\" data-start=\"1340\" data-end=\"1363\">Wiederaufladbare Aufbewahrungsbox<\/p>\n<\/li>\n<li class=\"\" data-start=\"1364\" data-end=\"1383\">\n<p class=\"\" data-start=\"1366\" data-end=\"1383\">Anpassungswerkzeug<\/p>\n<\/li>\n<li class=\"\" data-start=\"1384\" data-end=\"1422\">\n<p class=\"\" data-start=\"1386\" data-end=\"1422\">Zus\u00e4tzliche Komponenten f\u00fcr die Personalisierung<\/p>\n<\/li>\n<\/ul>\n<p class=\"\" data-start=\"1424\" data-end=\"1595\">Der MoYu Super WeiLong V2 AI ist nicht einfach nur ein weiterer W\u00fcrfel. Er ist ein intelligenter Partner, der Ihnen hilft, Ihre F\u00e4higkeiten zu verbessern und Ihre Leistung auf die n\u00e4chste Stufe zu heben.<\/p>\n","protected":false},"excerpt":{"rendered":"<p>MOYU<\/p>\n","protected":false},"featured_media":502841,"template":"","meta":{"_improvement_type_select":"improve_an_existing","_thumb_yes_seoaic":false,"_frame_yes_seoaic":false,"seoaic_generate_description":"","seoaic_improve_instructions_prompt":"","seoaic_rollback_content_improvement":"","seoaic_idea_thumbnail_generator":"","thumbnail_generated":false,"thumbnail_generate_prompt":"","seoaic_article_description":"","product-afmeting-lengte-mm":"55","product-afmeting-breedte-mm":"55","product-afmeting-hoogte-mm":"55"},"product_brand":[],"product_cat":[1221,1332,1564,1211],"product_tag":[],"class_list":{"0":"post-502961","1":"product","2":"type-product","3":"status-publish","4":"has-post-thumbnail","6":"product_cat-3x3-de","7":"product_cat-moyu-de","8":"product_cat-smartcubes-de","9":"product_cat-speedcube-de","11":"first","12":"instock","13":"taxable","14":"shipping-taxable","15":"purchasable","16":"product-type-simple"},"df_price":134.95,"df_sale_price":"","df_regular_price":134.95,"df_image_link":"https:\/\/www.speedcube.nl\/wp-content\/uploads\/2025\/04\/Productvisuals_Speedcubes-Moyu-Super-Weilong-V2-AI-21-285x300.jpg","_links":{"self":[{"href":"https:\/\/www.speedcube.nl\/de\/wp-json\/wp\/v2\/product\/502961","targetHints":{"allow":["GET"]}}],"collection":[{"href":"https:\/\/www.speedcube.nl\/de\/wp-json\/wp\/v2\/product"}],"about":[{"href":"https:\/\/www.speedcube.nl\/de\/wp-json\/wp\/v2\/types\/product"}],"version-history":[{"count":0,"href":"https:\/\/www.speedcube.nl\/de\/wp-json\/wp\/v2\/product\/502961\/revisions"}],"wp:featuredmedia":[{"embeddable":true,"href":"https:\/\/www.speedcube.nl\/de\/wp-json\/wp\/v2\/media\/502841"}],"wp:attachment":[{"href":"https:\/\/www.speedcube.nl\/de\/wp-json\/wp\/v2\/media?parent=502961"}],"wp:term":[{"taxonomy":"product_brand","embeddable":true,"href":"https:\/\/www.speedcube.nl\/de\/wp-json\/wp\/v2\/product_brand?post=502961"},{"taxonomy":"product_cat","embeddable":true,"href":"https:\/\/www.speedcube.nl\/de\/wp-json\/wp\/v2\/product_cat?post=502961"},{"taxonomy":"product_tag","embeddable":true,"href":"https:\/\/www.speedcube.nl\/de\/wp-json\/wp\/v2\/product_tag?post=502961"}],"curies":[{"name":"wp","href":"https:\/\/api.w.org\/{rel}","templated":true}]}}