{"id":501470,"date":"2025-03-23T08:25:42","date_gmt":"2025-03-23T07:25:42","guid":{"rendered":"https:\/\/www.speedcube.nl\/unkategorisiert\/moyu-weipo-v5-2x2-uv-kugelkern-20-magnete\/"},"modified":"2026-05-16T05:12:13","modified_gmt":"2026-05-16T03:12:13","slug":"moyu-weipo-v5-2x2-uv-kugelkern-20-magnete","status":"publish","type":"product","link":"https:\/\/www.speedcube.nl\/de\/speedcube-de\/moyu-de\/moyu-weipo-v5-2x2-uv-kugelkern-20-magnete\/","title":{"rendered":"MoYu WeiPo V5 2&#215;2 UV Kugelkern (20-Magnete)"},"content":{"rendered":"<p data-start=\"51\" data-end=\"353\">Der <strong data-start=\"54\" data-end=\"88\">MoYu WeiPo V5 2&#215;2 UV Ball Core<\/strong> ist die neueste Erg\u00e4nzung der beliebten WeiPo-Serie und hebt 2&#215;2 Speed Cubes auf die n\u00e4chste Stufe. Dank der innovativen <strong data-start=\"213\" data-end=\"238\">Ball Core Technologie<\/strong> mit <strong data-start=\"243\" data-end=\"281\">20 strategisch platzierten Magneten<\/strong> bietet dieser W\u00fcrfel ein au\u00dfergew\u00f6hnlich stabiles und pr\u00e4zises Spinningerlebnis. <\/p>\n<p data-start=\"355\" data-end=\"624\">Die <strong data-start=\"358\" data-end=\"372\">UV-Beschichtung<\/strong> sorgt nicht nur f\u00fcr einen erstklassigen Look, sondern bietet auch zus\u00e4tzlichen Grip bei schnellen Aufl\u00f6sungen. Mit einem verbesserten Eckenschnitt und einem optimierten Mechanismus minimiert der WeiPo V5 Blockierungen und sorgt f\u00fcr reibungslose, kontrollierte Bewegungen. <\/p>\n<p data-start=\"626\" data-end=\"785\">Egal, ob Sie ein Speedcuber-Anf\u00e4nger sind oder ein neues <strong data-start=\"698\" data-end=\"731\">Hauptger\u00e4t f\u00fcr den Wettkampfeinsatz<\/strong> suchen, der <strong data-start=\"736\" data-end=\"757\">MoYu WeiPo V5 2&#215;2<\/strong> ist eine ausgezeichnete Wahl!<\/p>\n<p data-start=\"787\" data-end=\"1006\">\u2705 <strong data-start=\"789\" data-end=\"814\">Ball Core Technologie<\/strong> f\u00fcr mehr Stabilit\u00e4t<br data-start=\"836\" data-end=\"839\">\u2705 <strong data-start=\"841\" data-end=\"856\">20 Magnete<\/strong> f\u00fcr pr\u00e4zise Magnetkraft<br data-start=\"893\" data-end=\"896\">\u2705 <strong data-start=\"898\" data-end=\"912\">UV-Beschichtung<\/strong> f\u00fcr zus\u00e4tzliche Griffigkeit und Haltbarkeit<br data-start=\"944\" data-end=\"947\">\u2705 <strong data-start=\"949\" data-end=\"979\">Exzellentes Schneiden von Ecken<\/strong> und sanftes Drehen<\/p>\n<p data-start=\"1008\" data-end=\"1069\" data-is-last-node=\"\" data-is-only-node=\"\"><strong data-start=\"1008\" data-end=\"1069\" data-is-last-node=\"\">Bestellen Sie jetzt und verbessern Sie Ihre L\u00f6sungen mit dem MoYu WeiPo V5 2&#215;2!<\/strong><\/p>\n","protected":false},"excerpt":{"rendered":"<p>MOYU<\/p>\n","protected":false},"featured_media":501397,"template":"","meta":{"_improvement_type_select":"improve_an_existing","_thumb_yes_seoaic":false,"_frame_yes_seoaic":false,"seoaic_generate_description":"","seoaic_improve_instructions_prompt":"","seoaic_rollback_content_improvement":"","seoaic_idea_thumbnail_generator":"","thumbnail_generated":false,"thumbnail_generate_prompt":"","seoaic_article_description":"","product-afmeting-lengte-mm":"","product-afmeting-breedte-mm":"","product-afmeting-hoogte-mm":""},"product_brand":[],"product_cat":[1267,1332,1211],"product_tag":[],"class_list":{"0":"post-501470","1":"product","2":"type-product","3":"status-publish","4":"has-post-thumbnail","6":"product_cat-2x2-de","7":"product_cat-moyu-de","8":"product_cat-speedcube-de","10":"first","11":"outofstock","12":"taxable","13":"shipping-taxable","14":"purchasable","15":"product-type-simple"},"df_price":39.99,"df_sale_price":"","df_regular_price":39.99,"df_image_link":"https:\/\/www.speedcube.nl\/wp-content\/uploads\/2025\/03\/Productvisuals_Speedcubes-moyu-Weipo-V5-2x2-3-285x300.jpg","_links":{"self":[{"href":"https:\/\/www.speedcube.nl\/de\/wp-json\/wp\/v2\/product\/501470","targetHints":{"allow":["GET"]}}],"collection":[{"href":"https:\/\/www.speedcube.nl\/de\/wp-json\/wp\/v2\/product"}],"about":[{"href":"https:\/\/www.speedcube.nl\/de\/wp-json\/wp\/v2\/types\/product"}],"version-history":[{"count":0,"href":"https:\/\/www.speedcube.nl\/de\/wp-json\/wp\/v2\/product\/501470\/revisions"}],"wp:featuredmedia":[{"embeddable":true,"href":"https:\/\/www.speedcube.nl\/de\/wp-json\/wp\/v2\/media\/501397"}],"wp:attachment":[{"href":"https:\/\/www.speedcube.nl\/de\/wp-json\/wp\/v2\/media?parent=501470"}],"wp:term":[{"taxonomy":"product_brand","embeddable":true,"href":"https:\/\/www.speedcube.nl\/de\/wp-json\/wp\/v2\/product_brand?post=501470"},{"taxonomy":"product_cat","embeddable":true,"href":"https:\/\/www.speedcube.nl\/de\/wp-json\/wp\/v2\/product_cat?post=501470"},{"taxonomy":"product_tag","embeddable":true,"href":"https:\/\/www.speedcube.nl\/de\/wp-json\/wp\/v2\/product_tag?post=501470"}],"curies":[{"name":"wp","href":"https:\/\/api.w.org\/{rel}","templated":true}]}}