{"id":494551,"date":"2024-12-29T11:06:52","date_gmt":"2024-12-29T10:06:52","guid":{"rendered":"https:\/\/www.speedcube.nl\/unkategorisiert\/jono-toys-knete-obst\/"},"modified":"2026-05-10T05:05:09","modified_gmt":"2026-05-10T03:05:09","slug":"jono-toys-knete-obst","status":"publish","type":"product","link":"https:\/\/www.speedcube.nl\/de\/aanbieding-de\/jono-toys-knete-obst\/","title":{"rendered":"Jono Toys Knete Obst"},"content":{"rendered":"<p>Spielen und entdecken Sie mit unserem bunten Fruity Putty! Erh\u00e4ltlich in 6 einzigartigen Fr\u00fcchten: Wassermelone, Orange, Estragonfrucht, Zitrone, Kiwi und Grapefruit. Jeder Putty hat eine leuchtende Farbe und ein leckeres fruchtiges Thema. Wenn Sie bestellen, erhalten Sie eine zuf\u00e4llige Variante &#8211; die \u00dcberraschung macht es besonders spannend! Sammeln Sie sie alle und genie\u00dfen Sie endloses Kneten und Formen. Perfekt f\u00fcr Kinder und Erwachsene, die kreativen Spa\u00df lieben!     <\/p>\n","protected":false},"excerpt":{"rendered":"<p>JONO TOYS<\/p>\n","protected":false},"featured_media":494296,"template":"","meta":{"_improvement_type_select":"improve_an_existing","_thumb_yes_seoaic":false,"_frame_yes_seoaic":false,"seoaic_generate_description":"","seoaic_improve_instructions_prompt":"","seoaic_rollback_content_improvement":"","seoaic_idea_thumbnail_generator":"","thumbnail_generated":false,"thumbnail_generate_prompt":"","seoaic_article_description":"","product-afmeting-lengte-mm":"","product-afmeting-breedte-mm":"","product-afmeting-hoogte-mm":""},"product_brand":[],"product_cat":[2558,1230],"product_tag":[],"class_list":{"0":"post-494551","1":"product","2":"type-product","3":"status-publish","4":"has-post-thumbnail","6":"product_cat-aanbieding-de","7":"product_cat-zappelphilipp","9":"first","10":"instock","11":"sale","12":"taxable","13":"shipping-taxable","14":"purchasable","15":"product-type-simple"},"df_price":1.79,"df_sale_price":1.79,"df_regular_price":2.99,"df_image_link":"https:\/\/www.speedcube.nl\/wp-content\/uploads\/2024\/12\/Productvisuals_Fidgets-Jono-Toys-Putty-fruit--285x300.jpg","_links":{"self":[{"href":"https:\/\/www.speedcube.nl\/de\/wp-json\/wp\/v2\/product\/494551","targetHints":{"allow":["GET"]}}],"collection":[{"href":"https:\/\/www.speedcube.nl\/de\/wp-json\/wp\/v2\/product"}],"about":[{"href":"https:\/\/www.speedcube.nl\/de\/wp-json\/wp\/v2\/types\/product"}],"version-history":[{"count":0,"href":"https:\/\/www.speedcube.nl\/de\/wp-json\/wp\/v2\/product\/494551\/revisions"}],"wp:featuredmedia":[{"embeddable":true,"href":"https:\/\/www.speedcube.nl\/de\/wp-json\/wp\/v2\/media\/494296"}],"wp:attachment":[{"href":"https:\/\/www.speedcube.nl\/de\/wp-json\/wp\/v2\/media?parent=494551"}],"wp:term":[{"taxonomy":"product_brand","embeddable":true,"href":"https:\/\/www.speedcube.nl\/de\/wp-json\/wp\/v2\/product_brand?post=494551"},{"taxonomy":"product_cat","embeddable":true,"href":"https:\/\/www.speedcube.nl\/de\/wp-json\/wp\/v2\/product_cat?post=494551"},{"taxonomy":"product_tag","embeddable":true,"href":"https:\/\/www.speedcube.nl\/de\/wp-json\/wp\/v2\/product_tag?post=494551"}],"curies":[{"name":"wp","href":"https:\/\/api.w.org\/{rel}","templated":true}]}}