{"id":494547,"date":"2024-12-29T11:07:54","date_gmt":"2024-12-29T10:07:54","guid":{"rendered":"https:\/\/www.speedcube.nl\/unkategorisiert\/jojo-toys-magic-straingy-ball-silikon\/"},"modified":"2026-05-10T05:05:09","modified_gmt":"2026-05-10T03:05:09","slug":"jojo-toys-magic-straingy-ball-silikon","status":"publish","type":"product","link":"https:\/\/www.speedcube.nl\/de\/aanbieding-de\/jojo-toys-magic-straingy-ball-silikon\/","title":{"rendered":"Jojo Toys Magic Straingy Ball Silikon"},"content":{"rendered":"<p>Entdecken Sie die Magie des Magic Stringy Ball, ein buntes und dehnbares Spielzeug in allen Farben des Regenbogens! Dieser Silikonball bietet endlosen Spa\u00df: ziehen, dehnen und drehen Sie ihn in verschiedene Formen. Perfekt f\u00fcr Stressabbau, Konzentration und kreatives Spiel. Der Magic Stringy Ball ist die ideale Wahl f\u00fcr Kinder und Erwachsene und ein Muss in Ihrer Zappelspielzeugsammlung! \ud83c\udf08<\/p>\n","protected":false},"excerpt":{"rendered":"<p>JONO TOYS<\/p>\n","protected":false},"featured_media":494373,"template":"","meta":{"_improvement_type_select":"improve_an_existing","_thumb_yes_seoaic":false,"_frame_yes_seoaic":false,"seoaic_generate_description":"","seoaic_improve_instructions_prompt":"","seoaic_rollback_content_improvement":"","seoaic_idea_thumbnail_generator":"","thumbnail_generated":false,"thumbnail_generate_prompt":"","seoaic_article_description":"","product-afmeting-lengte-mm":"","product-afmeting-breedte-mm":"","product-afmeting-hoogte-mm":""},"product_brand":[],"product_cat":[2558,1230],"product_tag":[],"class_list":{"0":"post-494547","1":"product","2":"type-product","3":"status-publish","4":"has-post-thumbnail","6":"product_cat-aanbieding-de","7":"product_cat-zappelphilipp","9":"first","10":"instock","11":"sale","12":"taxable","13":"shipping-taxable","14":"purchasable","15":"product-type-simple"},"df_price":2.39,"df_sale_price":2.39,"df_regular_price":3.99,"df_image_link":"https:\/\/www.speedcube.nl\/wp-content\/uploads\/2024\/12\/Productvisuals_Fidgets-Jono-Toys-Magic-straingy-ball-silicone--285x300.jpg","_links":{"self":[{"href":"https:\/\/www.speedcube.nl\/de\/wp-json\/wp\/v2\/product\/494547","targetHints":{"allow":["GET"]}}],"collection":[{"href":"https:\/\/www.speedcube.nl\/de\/wp-json\/wp\/v2\/product"}],"about":[{"href":"https:\/\/www.speedcube.nl\/de\/wp-json\/wp\/v2\/types\/product"}],"version-history":[{"count":0,"href":"https:\/\/www.speedcube.nl\/de\/wp-json\/wp\/v2\/product\/494547\/revisions"}],"wp:featuredmedia":[{"embeddable":true,"href":"https:\/\/www.speedcube.nl\/de\/wp-json\/wp\/v2\/media\/494373"}],"wp:attachment":[{"href":"https:\/\/www.speedcube.nl\/de\/wp-json\/wp\/v2\/media?parent=494547"}],"wp:term":[{"taxonomy":"product_brand","embeddable":true,"href":"https:\/\/www.speedcube.nl\/de\/wp-json\/wp\/v2\/product_brand?post=494547"},{"taxonomy":"product_cat","embeddable":true,"href":"https:\/\/www.speedcube.nl\/de\/wp-json\/wp\/v2\/product_cat?post=494547"},{"taxonomy":"product_tag","embeddable":true,"href":"https:\/\/www.speedcube.nl\/de\/wp-json\/wp\/v2\/product_tag?post=494547"}],"curies":[{"name":"wp","href":"https:\/\/api.w.org\/{rel}","templated":true}]}}