{"id":494528,"date":"2024-12-29T11:06:52","date_gmt":"2024-12-29T10:06:52","guid":{"rendered":"https:\/\/www.speedcube.nl\/unkategorisiert\/jono-toys-pedalfeder-metallisch-regenbogen\/"},"modified":"2026-05-10T05:05:09","modified_gmt":"2026-05-10T03:05:09","slug":"jono-toys-pedalfeder-metallisch-regenbogen","status":"publish","type":"product","link":"https:\/\/www.speedcube.nl\/de\/aanbieding-de\/jono-toys-pedalfeder-metallisch-regenbogen\/","title":{"rendered":"Jono Toys Pedalfeder Metallisch\/Regenbogen"},"content":{"rendered":"<p>Erleben Sie endlosen Spa\u00df mit dem farbenfrohen Trapveer Metallic\/Rainbow! Diese klassische 15 cm gro\u00dfe Spielzeugfeder gleitet geschmeidig von Hand zu Hand und kann sogar Treppen hinuntergehen. Erh\u00e4ltlich in drei sch\u00f6nen Farbkombinationen, bleibt die Auswahl eine \u00dcberraschung. Perfekt, um Kreativit\u00e4t und Bewegung zu kombinieren, f\u00fcr Jung und Alt!   <\/p>\n","protected":false},"excerpt":{"rendered":"<p>JONO TOYS<\/p>\n","protected":false},"featured_media":494311,"template":"","meta":{"_improvement_type_select":"improve_an_existing","_thumb_yes_seoaic":false,"_frame_yes_seoaic":false,"seoaic_generate_description":"","seoaic_improve_instructions_prompt":"","seoaic_rollback_content_improvement":"","seoaic_idea_thumbnail_generator":"","thumbnail_generated":false,"thumbnail_generate_prompt":"","seoaic_article_description":"","product-afmeting-lengte-mm":"","product-afmeting-breedte-mm":"","product-afmeting-hoogte-mm":""},"product_brand":[],"product_cat":[2558,1230],"product_tag":[],"class_list":{"0":"post-494528","1":"product","2":"type-product","3":"status-publish","4":"has-post-thumbnail","6":"product_cat-aanbieding-de","7":"product_cat-zappelphilipp","9":"first","10":"instock","11":"sale","12":"taxable","13":"shipping-taxable","14":"purchasable","15":"product-type-simple"},"df_price":2.39,"df_sale_price":2.39,"df_regular_price":3.99,"df_image_link":"https:\/\/www.speedcube.nl\/wp-content\/uploads\/2024\/12\/Productvisuals_Fidgets-Jono-Toys-Trapveer-metallicrainbow--285x300.jpg","_links":{"self":[{"href":"https:\/\/www.speedcube.nl\/de\/wp-json\/wp\/v2\/product\/494528","targetHints":{"allow":["GET"]}}],"collection":[{"href":"https:\/\/www.speedcube.nl\/de\/wp-json\/wp\/v2\/product"}],"about":[{"href":"https:\/\/www.speedcube.nl\/de\/wp-json\/wp\/v2\/types\/product"}],"version-history":[{"count":0,"href":"https:\/\/www.speedcube.nl\/de\/wp-json\/wp\/v2\/product\/494528\/revisions"}],"wp:featuredmedia":[{"embeddable":true,"href":"https:\/\/www.speedcube.nl\/de\/wp-json\/wp\/v2\/media\/494311"}],"wp:attachment":[{"href":"https:\/\/www.speedcube.nl\/de\/wp-json\/wp\/v2\/media?parent=494528"}],"wp:term":[{"taxonomy":"product_brand","embeddable":true,"href":"https:\/\/www.speedcube.nl\/de\/wp-json\/wp\/v2\/product_brand?post=494528"},{"taxonomy":"product_cat","embeddable":true,"href":"https:\/\/www.speedcube.nl\/de\/wp-json\/wp\/v2\/product_cat?post=494528"},{"taxonomy":"product_tag","embeddable":true,"href":"https:\/\/www.speedcube.nl\/de\/wp-json\/wp\/v2\/product_tag?post=494528"}],"curies":[{"name":"wp","href":"https:\/\/api.w.org\/{rel}","templated":true}]}}