{"id":492917,"date":"2024-12-23T21:06:50","date_gmt":"2024-12-23T20:06:50","guid":{"rendered":"https:\/\/www.speedcube.nl\/?post_type=product&#038;p=492917"},"modified":"2026-05-01T05:04:30","modified_gmt":"2026-05-01T03:04:30","slug":"yoyofactory-axolotl-metall","status":"publish","type":"product","link":"https:\/\/www.speedcube.nl\/de\/yo-yos\/rostfreier-stahl\/yoyofactory-axolotl-metall\/","title":{"rendered":"YoYoFactory Axolotl Metall"},"content":{"rendered":"<p><strong>Lernen Sie den Axolotl Metal kennen<\/strong> &#8211; die fortgeschrittene Version der Axolotl-Linie, die von der Weltmeisterin der Frauendivision und mexikanischen Nationalmeisterin Betty Gallegos entwickelt wurde! Diese Metallversion hat die gleiche Form und das gleiche Design wie der urspr\u00fcngliche Axolotl, bietet aber jetzt ein reaktionsschnelles Gameplay und ein verbessertes Erlebnis f\u00fcr Spieler mit mittlerem Niveau. Das Metall verbessert die M\u00f6glichkeiten f\u00fcr komplexe Tricks und bietet l\u00e4ngere Drehzeiten, perfekt f\u00fcr komplizierte Tricks. Dieses Design erm\u00f6glicht es den Spielern auch, DNA-Tricks l\u00e4nger auszuf\u00fchren. Der Axolotl Metal ist die ideale Wahl f\u00fcr Spieler, die ihre F\u00e4higkeiten und ihren Stil auf die n\u00e4chste Stufe heben wollen, ohne das vertraute Design aufzugeben, mit dem sie begonnen haben. <\/p>\n","protected":false},"excerpt":{"rendered":"<p>YOYOFACTORY<\/p>\n","protected":false},"featured_media":492903,"template":"","meta":{"_improvement_type_select":"improve_an_existing","_thumb_yes_seoaic":false,"_frame_yes_seoaic":false,"seoaic_generate_description":"","seoaic_improve_instructions_prompt":"","seoaic_rollback_content_improvement":"","seoaic_idea_thumbnail_generator":"","thumbnail_generated":false,"thumbnail_generate_prompt":"","seoaic_article_description":"","product-afmeting-lengte-mm":"58","product-afmeting-breedte-mm":"58","product-afmeting-hoogte-mm":"58"},"product_brand":[],"product_cat":[1572,1255,1681,1238,1462],"product_tag":[],"class_list":{"0":"post-492917","1":"product","2":"type-product","3":"status-publish","4":"has-post-thumbnail","6":"product_cat-aluminium-de","7":"product_cat-nicht-ansprechbar","8":"product_cat-rostfreier-stahl","9":"product_cat-yo-yos","10":"product_cat-yoyofactory-de","11":"pa_merken-yoyofactory-de","13":"first","14":"instock","15":"sale","16":"taxable","17":"shipping-taxable","18":"purchasable","19":"product-type-variable"},"df_price":32.99,"df_sale_price":"","df_regular_price":32.99,"df_image_link":"https:\/\/www.speedcube.nl\/wp-content\/uploads\/2024\/12\/Productvisuals_yoyo-YoYoFactory-Axolotl-metaal--285x300.jpg","_links":{"self":[{"href":"https:\/\/www.speedcube.nl\/de\/wp-json\/wp\/v2\/product\/492917","targetHints":{"allow":["GET"]}}],"collection":[{"href":"https:\/\/www.speedcube.nl\/de\/wp-json\/wp\/v2\/product"}],"about":[{"href":"https:\/\/www.speedcube.nl\/de\/wp-json\/wp\/v2\/types\/product"}],"version-history":[{"count":1,"href":"https:\/\/www.speedcube.nl\/de\/wp-json\/wp\/v2\/product\/492917\/revisions"}],"predecessor-version":[{"id":494022,"href":"https:\/\/www.speedcube.nl\/de\/wp-json\/wp\/v2\/product\/492917\/revisions\/494022"}],"wp:featuredmedia":[{"embeddable":true,"href":"https:\/\/www.speedcube.nl\/de\/wp-json\/wp\/v2\/media\/492903"}],"wp:attachment":[{"href":"https:\/\/www.speedcube.nl\/de\/wp-json\/wp\/v2\/media?parent=492917"}],"wp:term":[{"taxonomy":"product_brand","embeddable":true,"href":"https:\/\/www.speedcube.nl\/de\/wp-json\/wp\/v2\/product_brand?post=492917"},{"taxonomy":"product_cat","embeddable":true,"href":"https:\/\/www.speedcube.nl\/de\/wp-json\/wp\/v2\/product_cat?post=492917"},{"taxonomy":"product_tag","embeddable":true,"href":"https:\/\/www.speedcube.nl\/de\/wp-json\/wp\/v2\/product_tag?post=492917"}],"curies":[{"name":"wp","href":"https:\/\/api.w.org\/{rel}","templated":true}]}}