{"id":492814,"date":"2024-12-06T16:18:20","date_gmt":"2024-12-06T15:18:20","guid":{"rendered":"https:\/\/www.speedcube.nl\/unkategorisiert\/logische-eule-im-kaefig\/"},"modified":"2026-04-29T05:03:45","modified_gmt":"2026-04-29T03:03:45","slug":"logische-eule-im-kaefig","status":"publish","type":"product","link":"https:\/\/www.speedcube.nl\/de\/stunt-bb-de\/logische-eule-im-kaefig\/","title":{"rendered":"Logische Eule im K\u00e4fig"},"content":{"rendered":"<p>Stellen Sie Ihre Denkf\u00e4higkeiten auf die Probe mit dem Logic Owl in Cage Denkspiel. Dieses herausfordernde R\u00e4tseldesign erfordert Geduld, kreatives Denken und Pr\u00e4zision. Die Eule im K\u00e4fig muss auf raffinierte Weise befreit werden und bietet ein fesselndes Erlebnis f\u00fcr R\u00e4tselfreunde jeden Niveaus. Perfekt als Geschenk f\u00fcr R\u00e4tselfreunde oder zum Selbermachen. K\u00f6nnen Sie die Eule aus dem K\u00e4fig befreien?    <\/p>\n","protected":false},"excerpt":{"rendered":"<p>LOGICA<\/p>\n","protected":false},"featured_media":491776,"template":"","meta":{"_improvement_type_select":"improve_an_existing","_thumb_yes_seoaic":false,"_frame_yes_seoaic":false,"seoaic_generate_description":"","seoaic_improve_instructions_prompt":"","seoaic_rollback_content_improvement":"","seoaic_idea_thumbnail_generator":"","thumbnail_generated":false,"thumbnail_generate_prompt":"","seoaic_article_description":"","product-afmeting-lengte-mm":"","product-afmeting-breedte-mm":"","product-afmeting-hoogte-mm":""},"product_brand":[],"product_cat":[1240,1244,1227,1233,1237,2765,1488,5227],"product_tag":[],"class_list":{"0":"post-492814","1":"product","2":"type-product","3":"status-publish","4":"has-post-thumbnail","6":"product_cat-4-sterne-schwierig","7":"product_cat-knobelaufgaben-de","8":"product_cat-knobelaufgaben","9":"product_cat-knobelaufgaben-fur-erwachsene","10":"product_cat-knobelaufgaben-fur-kinder","11":"product_cat-logica-giochi-de","12":"product_cat-metall","13":"product_cat-stunt-bb-de","14":"pa_merken-logica-de","16":"first","17":"outofstock","18":"taxable","19":"shipping-taxable","20":"purchasable","21":"product-type-simple"},"df_price":21.95,"df_sale_price":"","df_regular_price":21.95,"df_image_link":"https:\/\/www.speedcube.nl\/wp-content\/uploads\/2024\/12\/Productvisuals_Breinbrekers-Logica-Owl-in-Cage--285x300.jpg","_links":{"self":[{"href":"https:\/\/www.speedcube.nl\/de\/wp-json\/wp\/v2\/product\/492814","targetHints":{"allow":["GET"]}}],"collection":[{"href":"https:\/\/www.speedcube.nl\/de\/wp-json\/wp\/v2\/product"}],"about":[{"href":"https:\/\/www.speedcube.nl\/de\/wp-json\/wp\/v2\/types\/product"}],"version-history":[{"count":0,"href":"https:\/\/www.speedcube.nl\/de\/wp-json\/wp\/v2\/product\/492814\/revisions"}],"wp:featuredmedia":[{"embeddable":true,"href":"https:\/\/www.speedcube.nl\/de\/wp-json\/wp\/v2\/media\/491776"}],"wp:attachment":[{"href":"https:\/\/www.speedcube.nl\/de\/wp-json\/wp\/v2\/media?parent=492814"}],"wp:term":[{"taxonomy":"product_brand","embeddable":true,"href":"https:\/\/www.speedcube.nl\/de\/wp-json\/wp\/v2\/product_brand?post=492814"},{"taxonomy":"product_cat","embeddable":true,"href":"https:\/\/www.speedcube.nl\/de\/wp-json\/wp\/v2\/product_cat?post=492814"},{"taxonomy":"product_tag","embeddable":true,"href":"https:\/\/www.speedcube.nl\/de\/wp-json\/wp\/v2\/product_tag?post=492814"}],"curies":[{"name":"wp","href":"https:\/\/api.w.org\/{rel}","templated":true}]}}