{"id":492808,"date":"2024-12-06T16:18:32","date_gmt":"2024-12-06T15:18:32","guid":{"rendered":"https:\/\/www.speedcube.nl\/unkategorisiert\/robotime-wikinger-drachenschiff-lk802\/"},"modified":"2026-04-20T05:02:30","modified_gmt":"2026-04-20T03:02:30","slug":"robotime-wikinger-drachenschiff-lk802","status":"publish","type":"product","link":"https:\/\/www.speedcube.nl\/de\/modellbau\/arbeitsfahrzeuge\/robotime-wikinger-drachenschiff-lk802\/","title":{"rendered":"Robotime Wikinger Drachenschiff LK802"},"content":{"rendered":"<p>Erleben Sie die Abenteuer der Wikinger mit dem Robotime Wikinger-Drachenschiff LK802. Mit diesem detaillierten Modellbausatz k\u00f6nnen Sie ein beeindruckendes Wikinger-Drachenschiff nachbauen, komplett mit dem ikonischen Drachenkopf am Bug und detaillierten Segelelementen. Das Set besteht aus hochwertigen Holzteilen, die sich leicht zusammenbauen lassen, und bietet ein spannendes und lehrreiches Bauerlebnis. Das Wikinger-Drachenschiff LK802 ist nicht nur ein wundersch\u00f6nes Modell, sondern auch eine Ode an die Geschicklichkeit und den Wagemut der wikingerzeitlichen Seeleute. Das Schiff verf\u00fcgt \u00fcber bewegliche Elemente, wie z.B. die Segel und das Ruder, die es zu einem dynamischen und funktionalen Modell machen. Ob Sie nun ein Geschichtsfan sind oder einfach nur den Modellbau lieben, dieses Wikingerschiff ist eine hervorragende Erg\u00e4nzung Ihrer Sammlung und ein spannendes Projekt f\u00fcr Anf\u00e4nger und erfahrene Modellbauer.  <\/p>\n","protected":false},"excerpt":{"rendered":"<p>ROBOTIME<\/p>\n","protected":false},"featured_media":491658,"template":"","meta":{"_improvement_type_select":"improve_an_existing","_thumb_yes_seoaic":false,"_frame_yes_seoaic":false,"seoaic_generate_description":"","seoaic_improve_instructions_prompt":"","seoaic_rollback_content_improvement":"","seoaic_idea_thumbnail_generator":"","thumbnail_generated":false,"thumbnail_generate_prompt":"","seoaic_article_description":"","product-afmeting-lengte-mm":"","product-afmeting-breedte-mm":"","product-afmeting-hoogte-mm":""},"product_brand":[],"product_cat":[2434,1617,1500,1636,1499,1709,1619],"product_tag":[],"class_list":{"0":"post-492808","1":"product","2":"type-product","3":"status-publish","4":"has-post-thumbnail","6":"product_cat-arbeitsfahrzeuge","7":"product_cat-baukasten-aus-holz","8":"product_cat-baukasten-fur-erwachsene","9":"product_cat-baukasten-fur-kinder","10":"product_cat-modellbau","11":"product_cat-modellfahrzeuge","12":"product_cat-robotime-de","13":"pa_merken-robotime-de","15":"first","16":"instock","17":"taxable","18":"shipping-taxable","19":"purchasable","20":"product-type-simple"},"df_price":67.95,"df_sale_price":"","df_regular_price":67.95,"df_image_link":"https:\/\/www.speedcube.nl\/wp-content\/uploads\/2024\/12\/Productvisuals_Modelbouw-Robotime-Viking-Dragon-Ship-LK802--285x300.jpg","_links":{"self":[{"href":"https:\/\/www.speedcube.nl\/de\/wp-json\/wp\/v2\/product\/492808","targetHints":{"allow":["GET"]}}],"collection":[{"href":"https:\/\/www.speedcube.nl\/de\/wp-json\/wp\/v2\/product"}],"about":[{"href":"https:\/\/www.speedcube.nl\/de\/wp-json\/wp\/v2\/types\/product"}],"version-history":[{"count":0,"href":"https:\/\/www.speedcube.nl\/de\/wp-json\/wp\/v2\/product\/492808\/revisions"}],"wp:featuredmedia":[{"embeddable":true,"href":"https:\/\/www.speedcube.nl\/de\/wp-json\/wp\/v2\/media\/491658"}],"wp:attachment":[{"href":"https:\/\/www.speedcube.nl\/de\/wp-json\/wp\/v2\/media?parent=492808"}],"wp:term":[{"taxonomy":"product_brand","embeddable":true,"href":"https:\/\/www.speedcube.nl\/de\/wp-json\/wp\/v2\/product_brand?post=492808"},{"taxonomy":"product_cat","embeddable":true,"href":"https:\/\/www.speedcube.nl\/de\/wp-json\/wp\/v2\/product_cat?post=492808"},{"taxonomy":"product_tag","embeddable":true,"href":"https:\/\/www.speedcube.nl\/de\/wp-json\/wp\/v2\/product_tag?post=492808"}],"curies":[{"name":"wp","href":"https:\/\/api.w.org\/{rel}","templated":true}]}}