{"id":488838,"date":"2024-11-13T10:45:07","date_gmt":"2024-11-13T09:45:07","guid":{"rendered":"https:\/\/www.speedcube.nl\/?post_type=product&#038;p=488838"},"modified":"2026-04-23T05:01:10","modified_gmt":"2026-04-23T03:01:10","slug":"teching-turbolader-4-zylinder-motor-dm111","status":"publish","type":"product","link":"https:\/\/www.speedcube.nl\/de\/modellbau\/teching-de\/teching-turbolader-4-zylinder-motor-dm111\/","title":{"rendered":"Teching Turbolader 4-Zylinder Motor DM111"},"content":{"rendered":"<p data-pm-slice=\"1 1 []\">Vor der Erfindung des Turboladers wurde die Zwangsaufladung mit mechanisch angetriebenen Kompressoren durchgef\u00fchrt. Das Konzept der Aufladung begann 1878 mit den Zweitakt-Gasmotoren von Dugald Clerk. 1885 patentierte Gottlieb Daimler ein Luftkompressionsverfahren f\u00fcr Verbrennungsmotoren. Das Patent von Alfred B\u00fcchi aus dem Jahr 1905 gilt als der Beginn des Turboladers, der den Leistungsverlust von Flugzeugmotoren in gro\u00dfer H\u00f6he ausgleichen sollte. Obwohl der erste Prototyp von 1915 unzuverl\u00e4ssig war, f\u00fchrte die Arbeit von NACA und Sanford Moss 1917 zu erfolgreichen Anwendungen. Die erste kommerzielle Anwendung eines Turboladers erfolgte 1924 durch Brown, Boveri &amp; Cie f\u00fcr die Schifffahrt. Im Zweiten Weltkrieg wurden Turbolader in verschiedenen Flugzeugen wie der Boeing B-17 eingesetzt. Die ersten Lastwagen mit Turbolader wurden in den 1930er Jahren von der Schweizer Firma Saurer entwickelt. In den 1950er Jahren erforschten die Automobilhersteller Motoren mit Turbolader. Die ersten Modelle waren der Chevrolet Corvair Monza und der Oldsmobile Jetfire im Jahr 1962. Ab den 1980er Jahren wurde der Einsatz von Turboladern in Personenkraftwagen immer beliebter, um die Leistung kleinerer Motoren zu verbessern.         <\/p>\n<p data-pm-slice=\"1 1 []\">Der Teching Turbolader 4-Zylinder-Motor DM111 ist ein pr\u00e4zisionsgefertigtes mechanisches Modell, das im CNC-Verfahren aus oxidierten Aluminiumlegierungen hergestellt wird. Es kombiniert klassisches Design und Handwerkskunst mit moderner Technologie, inspiriert von historischen industriellen Kreationen. Das Modell besteht aus mehr als 300 sorgf\u00e4ltig polierten Teilen und wird mit einer englischen Anleitung geliefert, die vom Benutzer zu einer kompletten Maschine zusammengebaut werden kann. Dies bietet nicht nur ein spannendes und herausforderndes Bastelerlebnis, sondern f\u00f6rdert auch F\u00e4higkeiten wie Innovation, Konzentration und technisches Verst\u00e4ndnis. Neben p\u00e4dagogischen Anwendungen kann das Modell auch als hochwertiges Sammlerst\u00fcck dienen.    <\/p>\n<p><strong><em>Spezifikationen:<\/em><\/strong><\/p>\n<p>Material: rostfreier Stahl + Aluminiumlegierung Anzahl der Teile:<\/p>\n<p>360+ Montagezeit: \u00b1 4 Stunden Montageschwierigkeit: 4 Sterne Lithium-Batterie-Kapazit\u00e4t: 3,7V, 450mAh Ladespannung: DC 5V Ladezeit: 2 Stunden Arbeitszeit: 1,5 Stunden Verpackung: hochwertige Metall-Geschenkbox Alter: 14 Jahre und \u00e4lter<\/p>\n","protected":false},"excerpt":{"rendered":"<p>TECHING<\/p>\n","protected":false},"featured_media":510244,"template":"","meta":{"_improvement_type_select":"improve_an_existing","_thumb_yes_seoaic":false,"_frame_yes_seoaic":false,"seoaic_generate_description":"","seoaic_improve_instructions_prompt":"","seoaic_rollback_content_improvement":"","seoaic_idea_thumbnail_generator":"","thumbnail_generated":false,"thumbnail_generate_prompt":"","seoaic_article_description":"","product-afmeting-lengte-mm":"158","product-afmeting-breedte-mm":"117","product-afmeting-hoogte-mm":"182"},"product_brand":[],"product_cat":[1500,1720,1499,1501,2324],"product_tag":[],"class_list":{"0":"post-488838","1":"product","2":"type-product","3":"status-publish","4":"has-post-thumbnail","6":"product_cat-baukasten-fur-erwachsene","7":"product_cat-metallbaukasten","8":"product_cat-modellbau","9":"product_cat-modellmotoren","10":"product_cat-teching-de","11":"pa_merken-teching-de","13":"first","14":"outofstock","15":"taxable","16":"shipping-taxable","17":"purchasable","18":"product-type-simple"},"df_price":449.99,"df_sale_price":"","df_regular_price":449.99,"df_image_link":"https:\/\/www.speedcube.nl\/wp-content\/uploads\/2024\/11\/Productvisuals_Modelbouw-Teching-Turbocharge-4-cylinder-engine-black-DM111-5-285x300.jpg","_links":{"self":[{"href":"https:\/\/www.speedcube.nl\/de\/wp-json\/wp\/v2\/product\/488838","targetHints":{"allow":["GET"]}}],"collection":[{"href":"https:\/\/www.speedcube.nl\/de\/wp-json\/wp\/v2\/product"}],"about":[{"href":"https:\/\/www.speedcube.nl\/de\/wp-json\/wp\/v2\/types\/product"}],"version-history":[{"count":1,"href":"https:\/\/www.speedcube.nl\/de\/wp-json\/wp\/v2\/product\/488838\/revisions"}],"predecessor-version":[{"id":488841,"href":"https:\/\/www.speedcube.nl\/de\/wp-json\/wp\/v2\/product\/488838\/revisions\/488841"}],"wp:featuredmedia":[{"embeddable":true,"href":"https:\/\/www.speedcube.nl\/de\/wp-json\/wp\/v2\/media\/510244"}],"wp:attachment":[{"href":"https:\/\/www.speedcube.nl\/de\/wp-json\/wp\/v2\/media?parent=488838"}],"wp:term":[{"taxonomy":"product_brand","embeddable":true,"href":"https:\/\/www.speedcube.nl\/de\/wp-json\/wp\/v2\/product_brand?post=488838"},{"taxonomy":"product_cat","embeddable":true,"href":"https:\/\/www.speedcube.nl\/de\/wp-json\/wp\/v2\/product_cat?post=488838"},{"taxonomy":"product_tag","embeddable":true,"href":"https:\/\/www.speedcube.nl\/de\/wp-json\/wp\/v2\/product_tag?post=488838"}],"curies":[{"name":"wp","href":"https:\/\/api.w.org\/{rel}","templated":true}]}}