{"id":487418,"date":"2024-11-01T12:59:20","date_gmt":"2024-11-01T11:59:20","guid":{"rendered":"https:\/\/www.speedcube.nl\/?post_type=product&#038;p=487418"},"modified":"2026-04-15T05:02:10","modified_gmt":"2026-04-15T03:02:10","slug":"moyu-2x2x3-gekachelt","status":"publish","type":"product","link":"https:\/\/www.speedcube.nl\/de\/speedcube-de\/1x1-de\/moyu-2x2x3-gekachelt\/","title":{"rendered":"MoYu 2x2x3 (Gekachelt)"},"content":{"rendered":"<p data-pm-slice=\"1 1 []\">Der MoYu 2x2x3-W\u00fcrfel ist ideal f\u00fcr Anf\u00e4nger. Dieses Puzzle ist aufgrund der begrenzten Anzahl m\u00f6glicher Verschl\u00fcsselungen recht einfach zu l\u00f6sen und bietet einen hervorragenden Vertrauensvorschuss f\u00fcr diejenigen, die noch nicht bereit f\u00fcr den 3&#215;3 sind. Dar\u00fcber hinaus ist dieser W\u00fcrfel so konzipiert, dass er sich leicht drehen l\u00e4sst und einfach zu handhaben ist. Dieses Modell hat farbige Quadrate anstelle von Vinyl-Aufklebern.   <\/p>\n","protected":false},"excerpt":{"rendered":"<p>MOYU<\/p>\n","protected":false},"featured_media":487134,"template":"","meta":{"_improvement_type_select":"improve_an_existing","_thumb_yes_seoaic":false,"_frame_yes_seoaic":false,"seoaic_generate_description":"","seoaic_improve_instructions_prompt":"","seoaic_rollback_content_improvement":"","seoaic_idea_thumbnail_generator":"","thumbnail_generated":false,"thumbnail_generate_prompt":"","seoaic_article_description":"","product-afmeting-lengte-mm":"66","product-afmeting-breedte-mm":"44","product-afmeting-hoogte-mm":"44"},"product_brand":[],"product_cat":[2016,1267,1332,1211],"product_tag":[],"class_list":{"0":"post-487418","1":"product","2":"type-product","3":"status-publish","4":"has-post-thumbnail","6":"product_cat-1x1-de","7":"product_cat-2x2-de","8":"product_cat-moyu-de","9":"product_cat-speedcube-de","10":"pa_merken-moyu-de","12":"first","13":"instock","14":"taxable","15":"shipping-taxable","16":"purchasable","17":"product-type-simple"},"df_price":7.99,"df_sale_price":"","df_regular_price":7.99,"df_image_link":"https:\/\/www.speedcube.nl\/wp-content\/uploads\/2024\/10\/Productvisuals_Speedcubes-MoYu-2x2x3-Tiled--285x300.jpg","_links":{"self":[{"href":"https:\/\/www.speedcube.nl\/de\/wp-json\/wp\/v2\/product\/487418","targetHints":{"allow":["GET"]}}],"collection":[{"href":"https:\/\/www.speedcube.nl\/de\/wp-json\/wp\/v2\/product"}],"about":[{"href":"https:\/\/www.speedcube.nl\/de\/wp-json\/wp\/v2\/types\/product"}],"version-history":[{"count":1,"href":"https:\/\/www.speedcube.nl\/de\/wp-json\/wp\/v2\/product\/487418\/revisions"}],"predecessor-version":[{"id":487433,"href":"https:\/\/www.speedcube.nl\/de\/wp-json\/wp\/v2\/product\/487418\/revisions\/487433"}],"wp:featuredmedia":[{"embeddable":true,"href":"https:\/\/www.speedcube.nl\/de\/wp-json\/wp\/v2\/media\/487134"}],"wp:attachment":[{"href":"https:\/\/www.speedcube.nl\/de\/wp-json\/wp\/v2\/media?parent=487418"}],"wp:term":[{"taxonomy":"product_brand","embeddable":true,"href":"https:\/\/www.speedcube.nl\/de\/wp-json\/wp\/v2\/product_brand?post=487418"},{"taxonomy":"product_cat","embeddable":true,"href":"https:\/\/www.speedcube.nl\/de\/wp-json\/wp\/v2\/product_cat?post=487418"},{"taxonomy":"product_tag","embeddable":true,"href":"https:\/\/www.speedcube.nl\/de\/wp-json\/wp\/v2\/product_tag?post=487418"}],"curies":[{"name":"wp","href":"https:\/\/api.w.org\/{rel}","templated":true}]}}