{"id":487405,"date":"2024-11-01T12:59:21","date_gmt":"2024-11-01T11:59:21","guid":{"rendered":"https:\/\/www.speedcube.nl\/?post_type=product&#038;p=487405"},"modified":"2026-05-10T05:07:09","modified_gmt":"2026-05-10T03:07:09","slug":"moyu-meilong-ahornblatt-wurfel","status":"publish","type":"product","link":"https:\/\/www.speedcube.nl\/de\/speedcube-de\/skewb-de\/moyu-meilong-ahornblatt-wurfel\/","title":{"rendered":"MoYu Meilong Ahornblatt-W\u00fcrfel"},"content":{"rendered":"<p>Der MoYu Meilong Maple Leaf W\u00fcrfel ist ein aktualisiertes Design des klassischen Efeu-W\u00fcrfels. Dieser W\u00fcrfel ist f\u00fcr Langlebigkeit gekachelt und hat Einstellm\u00f6glichkeiten f\u00fcr Spannung und Druck. Wenn Sie auf der Suche nach dem neuesten Ivy Cube sind, dann ist dies der richtige W\u00fcrfel! Diesen W\u00fcrfel gibt es in 3 Varianten: Standard (ohne Magnete), Magnetisch und Kugelkern.   <\/p>\n","protected":false},"excerpt":{"rendered":"<p>MOYU<\/p>\n","protected":false},"featured_media":487077,"template":"","meta":{"_improvement_type_select":"improve_an_existing","_thumb_yes_seoaic":false,"_frame_yes_seoaic":false,"seoaic_generate_description":"","seoaic_improve_instructions_prompt":"","seoaic_rollback_content_improvement":"","seoaic_idea_thumbnail_generator":"","thumbnail_generated":false,"thumbnail_generate_prompt":"","seoaic_article_description":"","product-afmeting-lengte-mm":"56","product-afmeting-breedte-mm":"56","product-afmeting-hoogte-mm":"56"},"product_brand":[],"product_cat":[1332,1339,1211],"product_tag":[],"class_list":{"0":"post-487405","1":"product","2":"type-product","3":"status-publish","4":"has-post-thumbnail","6":"product_cat-moyu-de","7":"product_cat-skewb-de","8":"product_cat-speedcube-de","9":"pa_merken-moyu-de","11":"first","12":"instock","13":"taxable","14":"shipping-taxable","15":"purchasable","16":"product-type-variable"},"df_price":7.99,"df_sale_price":"","df_regular_price":7.99,"df_image_link":"https:\/\/www.speedcube.nl\/wp-content\/uploads\/2024\/10\/Productvisuals_Speedcubes-MoYu-Meilong-Maple-Leaf-Cube-Ball-core-285x300.jpg","_links":{"self":[{"href":"https:\/\/www.speedcube.nl\/de\/wp-json\/wp\/v2\/product\/487405","targetHints":{"allow":["GET"]}}],"collection":[{"href":"https:\/\/www.speedcube.nl\/de\/wp-json\/wp\/v2\/product"}],"about":[{"href":"https:\/\/www.speedcube.nl\/de\/wp-json\/wp\/v2\/types\/product"}],"version-history":[{"count":1,"href":"https:\/\/www.speedcube.nl\/de\/wp-json\/wp\/v2\/product\/487405\/revisions"}],"predecessor-version":[{"id":487437,"href":"https:\/\/www.speedcube.nl\/de\/wp-json\/wp\/v2\/product\/487405\/revisions\/487437"}],"wp:featuredmedia":[{"embeddable":true,"href":"https:\/\/www.speedcube.nl\/de\/wp-json\/wp\/v2\/media\/487077"}],"wp:attachment":[{"href":"https:\/\/www.speedcube.nl\/de\/wp-json\/wp\/v2\/media?parent=487405"}],"wp:term":[{"taxonomy":"product_brand","embeddable":true,"href":"https:\/\/www.speedcube.nl\/de\/wp-json\/wp\/v2\/product_brand?post=487405"},{"taxonomy":"product_cat","embeddable":true,"href":"https:\/\/www.speedcube.nl\/de\/wp-json\/wp\/v2\/product_cat?post=487405"},{"taxonomy":"product_tag","embeddable":true,"href":"https:\/\/www.speedcube.nl\/de\/wp-json\/wp\/v2\/product_tag?post=487405"}],"curies":[{"name":"wp","href":"https:\/\/api.w.org\/{rel}","templated":true}]}}