{"id":487396,"date":"2024-11-01T13:00:00","date_gmt":"2024-11-01T12:00:00","guid":{"rendered":"https:\/\/www.speedcube.nl\/?post_type=product&#038;p=487396"},"modified":"2026-05-10T05:04:19","modified_gmt":"2026-05-10T03:04:19","slug":"qiyi-9x9-m-kugelkern","status":"publish","type":"product","link":"https:\/\/www.speedcube.nl\/de\/speedcube-de\/9x9-de\/qiyi-9x9-m-kugelkern\/","title":{"rendered":"QiYi 9&#215;9 M Kugelkern"},"content":{"rendered":"<p data-pm-slice=\"1 1 []\">Der QiYi 9&#215;9 Magnetic Ball-Core ist ein Speed Cube, der f\u00fcr seine Benutzerfreundlichkeit und beeindruckende Leistung bekannt ist. Mit seinem leichten und kompakten Design ist er der handlichste 9&#215;9 auf dem Markt. Eines der einzigartigen Merkmale dieses W\u00fcrfels ist seine Ball-Core-Technologie. Der Magnetkern sorgt in Kombination mit den Winkelmagneten f\u00fcr ein ausgezeichnetes kontrolliertes Drehgef\u00fchl. Dadurch wird jede Bewegung sanft und pr\u00e4zise, was den L\u00f6sungsprozess noch angenehmer macht. Dieser W\u00fcrfel zeichnet sich durch seine doppelzentrische Struktur aus, die im Vergleich zu anderen 9&#215;9-Modellen viel mehr Stabilit\u00e4t bietet. Das sechsteilige Design sorgt f\u00fcr eine bessere Verteilung des Schmiermittels und tr\u00e4gt so zur Konsistenz und Geschwindigkeit der Bewegung bei. Die Mittelkappen rasten sicher ein und bieten zus\u00e4tzliche Sicherheit bei starker Beanspruchung. Der QiYi 9&#215;9 wird mit werkseitig eingebauten Magneten geliefert. Diese sorgen nicht nur f\u00fcr ein geschmeidigeres Drehverhalten, sondern auch f\u00fcr Genauigkeit bei jedem Schritt der L\u00f6sung. Alles in allem ist der QiYi 9&#215;9 eine ausgezeichnete Wahl f\u00fcr alle, die einen hochwertigen 9&#215;9 suchen, der Leistung und Stil vereint.          <\/p>\n<p data-pm-slice=\"1 1 []\">\n<p><strong>Sind Sie neu im Cubing oder ein Anf\u00e4nger?<\/strong><\/p>\n<p><strong>Pops und Expolsians sind nicht von der Garantie abgedeckt.<\/strong><\/p>\n<p><strong>Seien Sie also vorsichtig, wenn Sie die ersten Kurven fahren.<\/strong><\/p>\n<p><strong>Passen Sie den W\u00fcrfel bei Bedarf fester an.<\/strong><\/p>\n<p><strong>R\u00fccksendungen werden nur f\u00fcr vollst\u00e4ndig montierte W\u00fcrfel akzeptiert.<\/strong><\/p>\n<p><strong>Es gibt 2 Arten von &#8218;Pops&#8216; beim W\u00fcrfeln:<\/strong><\/p>\n<p><strong> <\/strong><strong>-Pops &#8211; Ein einzelnes St\u00fcck (oder mehrere St\u00fccke) f\u00e4llt aus dem W\u00fcrfel.<\/strong><\/p>\n<p><strong>-Explosionen &#8211; der ganze W\u00fcrfel f\u00e4llt auseinander und Sie haben nur noch einen Haufen Scherben.<\/strong><\/p>\n<p><strong><br \/>\n<\/strong><strong>Hinweis: Dies kann bei einem brandneuen W\u00fcrfel bei Ihrer ersten L\u00f6sung passieren. Es ist immer eine gute Idee, einige langsame Drehungen zu machen und die Spannung des W\u00fcrfels zu \u00fcberpr\u00fcfen.<br \/>\n<\/strong><\/p>\n<p><strong>In jedem Fall sind Sie vielleicht ein wenig irritiert und verwirrt, wie Sie es wieder zusammensetzen sollen.  <\/strong><\/p>\n<p><strong>Wenn Ihr W\u00fcrfel explodiert ist und Sie nur noch einen Haufen Scherben haben oder ein<\/strong><strong>Wenn Ihr W\u00fcrfel geplatzt ist und ein einzelnes St\u00fcck oder ein paar St\u00fccke herausgekommen sind, lassen Sie es uns bitte wissen und wir k\u00f6nnen Ihnen ein Anleitungsvideo schicken.<\/strong><\/p>\n<p><strong>Hinweis: Sollte ein St\u00fcck brechen, ersetzen wir das St\u00fcck und nicht den ganzen W\u00fcrfel.<\/strong><\/p>\n","protected":false},"excerpt":{"rendered":"<p>QIYI<\/p>\n","protected":false},"featured_media":487219,"template":"","meta":{"_improvement_type_select":"improve_an_existing","_thumb_yes_seoaic":false,"_frame_yes_seoaic":false,"seoaic_generate_description":"","seoaic_improve_instructions_prompt":"","seoaic_rollback_content_improvement":"","seoaic_idea_thumbnail_generator":"","thumbnail_generated":false,"thumbnail_generate_prompt":"","seoaic_article_description":"","product-afmeting-lengte-mm":"68","product-afmeting-breedte-mm":"68","product-afmeting-hoogte-mm":"68"},"product_brand":[],"product_cat":[1379,1235,1211],"product_tag":[],"class_list":{"0":"post-487396","1":"product","2":"type-product","3":"status-publish","4":"has-post-thumbnail","6":"product_cat-9x9-de","7":"product_cat-qiyi-de","8":"product_cat-speedcube-de","9":"pa_merken-qiyi-de","11":"first","12":"outofstock","13":"taxable","14":"shipping-taxable","15":"purchasable","16":"product-type-simple"},"df_price":79.99,"df_sale_price":"","df_regular_price":79.99,"df_image_link":"https:\/\/www.speedcube.nl\/wp-content\/uploads\/2024\/10\/Productvisuals_Speedcubes-QiYi-9x9-M-Ball-Core--285x300.jpg","_links":{"self":[{"href":"https:\/\/www.speedcube.nl\/de\/wp-json\/wp\/v2\/product\/487396","targetHints":{"allow":["GET"]}}],"collection":[{"href":"https:\/\/www.speedcube.nl\/de\/wp-json\/wp\/v2\/product"}],"about":[{"href":"https:\/\/www.speedcube.nl\/de\/wp-json\/wp\/v2\/types\/product"}],"version-history":[{"count":2,"href":"https:\/\/www.speedcube.nl\/de\/wp-json\/wp\/v2\/product\/487396\/revisions"}],"predecessor-version":[{"id":520746,"href":"https:\/\/www.speedcube.nl\/de\/wp-json\/wp\/v2\/product\/487396\/revisions\/520746"}],"wp:featuredmedia":[{"embeddable":true,"href":"https:\/\/www.speedcube.nl\/de\/wp-json\/wp\/v2\/media\/487219"}],"wp:attachment":[{"href":"https:\/\/www.speedcube.nl\/de\/wp-json\/wp\/v2\/media?parent=487396"}],"wp:term":[{"taxonomy":"product_brand","embeddable":true,"href":"https:\/\/www.speedcube.nl\/de\/wp-json\/wp\/v2\/product_brand?post=487396"},{"taxonomy":"product_cat","embeddable":true,"href":"https:\/\/www.speedcube.nl\/de\/wp-json\/wp\/v2\/product_cat?post=487396"},{"taxonomy":"product_tag","embeddable":true,"href":"https:\/\/www.speedcube.nl\/de\/wp-json\/wp\/v2\/product_tag?post=487396"}],"curies":[{"name":"wp","href":"https:\/\/api.w.org\/{rel}","templated":true}]}}