{"id":487390,"date":"2024-11-01T12:59:20","date_gmt":"2024-11-01T11:59:20","guid":{"rendered":"https:\/\/www.speedcube.nl\/?post_type=product&#038;p=487390"},"modified":"2026-05-02T05:00:12","modified_gmt":"2026-05-02T03:00:12","slug":"moyu-1x2x3-gekachelt","status":"publish","type":"product","link":"https:\/\/www.speedcube.nl\/de\/speedcube-de\/dayan-de\/moyu-1x2x3-gekachelt\/","title":{"rendered":"MoYu 1x2x3 (Gekachelt)"},"content":{"rendered":"<p data-pm-slice=\"1 1 []\">Das MoYu 1x2x3 ist perfekt f\u00fcr W\u00fcrfelneulinge. Dieses Puzzle ist recht einfach zu l\u00f6sen, da es nur eine begrenzte Anzahl von m\u00f6glichen Verschl\u00fcsselungen gibt, und bietet einen gro\u00dfen Vertrauensschub f\u00fcr diejenigen, die noch nicht bereit f\u00fcr das 3&#215;3 sind. Au\u00dferdem ist dieses Puzzle so konzipiert, dass es reibungslos funktioniert und leicht zu handhaben ist. Dieses Modell hat farbige Quadrate anstelle von Vinyl-Aufklebern.   <\/p>\n","protected":false},"excerpt":{"rendered":"<p>MOYU<\/p>\n","protected":false},"featured_media":487108,"template":"","meta":{"_improvement_type_select":"improve_an_existing","_thumb_yes_seoaic":false,"_frame_yes_seoaic":false,"seoaic_generate_description":"","seoaic_improve_instructions_prompt":"","seoaic_rollback_content_improvement":"","seoaic_idea_thumbnail_generator":"","thumbnail_generated":false,"thumbnail_generate_prompt":"","seoaic_article_description":"","product-afmeting-lengte-mm":"66","product-afmeting-breedte-mm":"44","product-afmeting-hoogte-mm":"22"},"product_brand":[],"product_cat":[2016,1267,2392,1332,1211],"product_tag":[],"class_list":{"0":"post-487390","1":"product","2":"type-product","3":"status-publish","4":"has-post-thumbnail","6":"product_cat-1x1-de","7":"product_cat-2x2-de","8":"product_cat-dayan-de","9":"product_cat-moyu-de","10":"product_cat-speedcube-de","11":"pa_merken-moyu-de","13":"first","14":"instock","15":"taxable","16":"shipping-taxable","17":"purchasable","18":"product-type-simple"},"df_price":5.99,"df_sale_price":"","df_regular_price":5.99,"df_image_link":"https:\/\/www.speedcube.nl\/wp-content\/uploads\/2024\/10\/Productvisuals_Speedcubes-MoYu-1x2x3-Tiled--285x300.jpg","_links":{"self":[{"href":"https:\/\/www.speedcube.nl\/de\/wp-json\/wp\/v2\/product\/487390","targetHints":{"allow":["GET"]}}],"collection":[{"href":"https:\/\/www.speedcube.nl\/de\/wp-json\/wp\/v2\/product"}],"about":[{"href":"https:\/\/www.speedcube.nl\/de\/wp-json\/wp\/v2\/types\/product"}],"version-history":[{"count":1,"href":"https:\/\/www.speedcube.nl\/de\/wp-json\/wp\/v2\/product\/487390\/revisions"}],"predecessor-version":[{"id":487435,"href":"https:\/\/www.speedcube.nl\/de\/wp-json\/wp\/v2\/product\/487390\/revisions\/487435"}],"wp:featuredmedia":[{"embeddable":true,"href":"https:\/\/www.speedcube.nl\/de\/wp-json\/wp\/v2\/media\/487108"}],"wp:attachment":[{"href":"https:\/\/www.speedcube.nl\/de\/wp-json\/wp\/v2\/media?parent=487390"}],"wp:term":[{"taxonomy":"product_brand","embeddable":true,"href":"https:\/\/www.speedcube.nl\/de\/wp-json\/wp\/v2\/product_brand?post=487390"},{"taxonomy":"product_cat","embeddable":true,"href":"https:\/\/www.speedcube.nl\/de\/wp-json\/wp\/v2\/product_cat?post=487390"},{"taxonomy":"product_tag","embeddable":true,"href":"https:\/\/www.speedcube.nl\/de\/wp-json\/wp\/v2\/product_tag?post=487390"}],"curies":[{"name":"wp","href":"https:\/\/api.w.org\/{rel}","templated":true}]}}