{"id":487379,"date":"2024-11-01T13:00:31","date_gmt":"2024-11-01T12:00:31","guid":{"rendered":"https:\/\/www.speedcube.nl\/?post_type=product&#038;p=487379"},"modified":"2026-04-04T05:15:56","modified_gmt":"2026-04-04T03:15:56","slug":"gan-15-magnetschwebebahn","status":"publish","type":"product","link":"https:\/\/www.speedcube.nl\/de\/speedcube-de\/gan-de\/gan-15-magnetschwebebahn\/","title":{"rendered":"GAN 15 Magnetschwebebahn"},"content":{"rendered":"<p>Der <strong>GAN15 MagLev<\/strong> setzt einen neuen Standard in der Welt des Speedcubing. Erh\u00e4ltlich in zwei Versionen &#8211; Frosted und UV &#8211; kombiniert dieser W\u00fcrfel bahnbrechende Technologie mit unvergleichlicher Leistung, perfekt f\u00fcr Profis und begeisterte Puzzler. <\/p>\n<h4><strong>Eigenschaften<\/strong><\/h4>\n<ul>\n<li><strong>Magnetschwebetechnologie:<\/strong> Die revolution\u00e4re magnetische Aufh\u00e4ngung ersetzt herk\u00f6mmliche Federn und sorgt f\u00fcr ein reibungsloses, sanftes und konsistentes Dreherlebnis.<\/li>\n<li><strong>Anpassbare Magnete:<\/strong> Der W\u00fcrfel wird mit zus\u00e4tzlichen Eck- und Kernmagneten geliefert, die Sie einfach austauschen k\u00f6nnen, um die Magnetst\u00e4rke nach Ihren W\u00fcnschen einzustellen &#8211; von einem leichteren zu einem st\u00e4rkeren Magnetgef\u00fchl.<\/li>\n<li><strong>Mattierte und UV-Beschichtung:<\/strong> W\u00e4hlen Sie die matte Mattierung f\u00fcr optimale Griffigkeit ohne Fingerabdr\u00fccke oder die UV-beschichtete Version f\u00fcr einen strahlenden, strapazierf\u00e4higen Glanz.<\/li>\n<li><strong>Leichter und schneller:<\/strong> Im Vergleich zu seinem Vorg\u00e4nger, dem GAN14, ist der GAN15 leichter, schneller und f\u00fcr Spitzenleistungen optimiert.<\/li>\n<li><strong>Einstellbares Spannsystem:<\/strong> Passen Sie Spannung und Stabilit\u00e4t mit dem einfachen Verstellmechanismus an, um Ihren W\u00fcrfel ganz individuell zu gestalten.<\/li>\n<\/ul>\n<p><strong><em>Inklusive:<\/em><\/strong><\/p>\n<p>+ W\u00fcrfelst\u00e4nder + GANCube-Tasche + Werkzeug zum Entfernen des Mittelpunkts + Justierwerkzeug + Zus\u00e4tzliche Mittelstifte + Zus\u00e4tzliche Winkel-\/Kernmagnete<\/p>\n","protected":false},"excerpt":{"rendered":"<p>GAN<\/p>\n","protected":false},"featured_media":487065,"template":"","meta":{"_improvement_type_select":"improve_an_existing","_thumb_yes_seoaic":false,"_frame_yes_seoaic":false,"seoaic_generate_description":"","seoaic_improve_instructions_prompt":"","seoaic_rollback_content_improvement":"","seoaic_idea_thumbnail_generator":"","thumbnail_generated":false,"thumbnail_generate_prompt":"","seoaic_article_description":"","product-afmeting-lengte-mm":"56","product-afmeting-breedte-mm":"56","product-afmeting-hoogte-mm":"56"},"product_brand":[],"product_cat":[1221,1270,1211],"product_tag":[],"class_list":{"0":"post-487379","1":"product","2":"type-product","3":"status-publish","4":"has-post-thumbnail","6":"product_cat-3x3-de","7":"product_cat-gan-de","8":"product_cat-speedcube-de","9":"pa_merken-gan-de","11":"first","12":"instock","13":"taxable","14":"shipping-taxable","15":"purchasable","16":"product-type-variable"},"df_price":72.99,"df_sale_price":"","df_regular_price":72.99,"df_image_link":"https:\/\/www.speedcube.nl\/wp-content\/uploads\/2024\/10\/Productvisuals_Speedcubes-GAN-15-Maglev-UV--285x300.jpg","_links":{"self":[{"href":"https:\/\/www.speedcube.nl\/de\/wp-json\/wp\/v2\/product\/487379","targetHints":{"allow":["GET"]}}],"collection":[{"href":"https:\/\/www.speedcube.nl\/de\/wp-json\/wp\/v2\/product"}],"about":[{"href":"https:\/\/www.speedcube.nl\/de\/wp-json\/wp\/v2\/types\/product"}],"version-history":[{"count":2,"href":"https:\/\/www.speedcube.nl\/de\/wp-json\/wp\/v2\/product\/487379\/revisions"}],"predecessor-version":[{"id":494566,"href":"https:\/\/www.speedcube.nl\/de\/wp-json\/wp\/v2\/product\/487379\/revisions\/494566"}],"wp:featuredmedia":[{"embeddable":true,"href":"https:\/\/www.speedcube.nl\/de\/wp-json\/wp\/v2\/media\/487065"}],"wp:attachment":[{"href":"https:\/\/www.speedcube.nl\/de\/wp-json\/wp\/v2\/media?parent=487379"}],"wp:term":[{"taxonomy":"product_brand","embeddable":true,"href":"https:\/\/www.speedcube.nl\/de\/wp-json\/wp\/v2\/product_brand?post=487379"},{"taxonomy":"product_cat","embeddable":true,"href":"https:\/\/www.speedcube.nl\/de\/wp-json\/wp\/v2\/product_cat?post=487379"},{"taxonomy":"product_tag","embeddable":true,"href":"https:\/\/www.speedcube.nl\/de\/wp-json\/wp\/v2\/product_tag?post=487379"}],"curies":[{"name":"wp","href":"https:\/\/api.w.org\/{rel}","templated":true}]}}