{"id":484690,"date":"2024-10-10T15:18:31","date_gmt":"2024-10-10T13:18:31","guid":{"rendered":"https:\/\/www.speedcube.nl\/?post_type=product&#038;p=484690"},"modified":"2026-05-11T05:04:19","modified_gmt":"2026-05-11T03:04:19","slug":"moyu-aosu-v7-4x4","status":"publish","type":"product","link":"https:\/\/www.speedcube.nl\/de\/speedcube-de\/moyu-de\/moyu-aosu-v7-4x4\/","title":{"rendered":"MoYu AoSu V7 4&#215;4"},"content":{"rendered":"<p data-pm-slice=\"1 1 []\">Der MoYu AoSu V7 4&#215;4 ist das neueste Flaggschiff von MoYu. Mit einer Gr\u00f6\u00dfe von nur 58 mm ist dieser Speedcube kleiner als sein Vorg\u00e4nger. Er liegt sehr gut in der Hand und bietet ein angenehmes Erlebnis beim Ausf\u00fchren von Algorithmen. MoYu hat den Mechanismus verbessert und mehrere Versionen herausgebracht. Entdecken Sie sie alle und w\u00e4hlen Sie Ihren Favoriten!   <\/p>\n<p data-pm-slice=\"1 1 []\">\nE<strong>inspurig:<\/strong> Dies ist die UV-einspurige Version, UV-beschichtet und st\u00fcckmagnetisierbar.<\/p>\n<p data-pm-slice=\"1 1 []\">\nD<strong>ual Track:<\/strong> Dies ist die doppelspurige Version mit UV-Beschichtung und St\u00fcck-f\u00fcr-St\u00fcck- und Eck-\/Kern-Magneten.<\/p>\n<p data-pm-slice=\"1 1 []\">\nT<strong>riple Track:<\/strong> Dies ist die dreispurige Version mit UV-Beschichtung und St\u00fcck-f\u00fcr-St\u00fcck-Magneten auf der Au\u00dfenschicht, Eck-\/Kernmagneten und Rand-\/Innenrandmagneten.<\/p>\n<p><em>Hinweis: Die Magnete auf der Innenseite der Kanten d\u00fcrfen nicht geklebt werden. Ziehen Sie die Kanten nicht auseinander, da Sie sonst den Mechanismus besch\u00e4digen k\u00f6nnten.<\/em><\/p>\n<p data-pm-slice=\"1 1 []\">\n","protected":false},"excerpt":{"rendered":"<p>MOYU<\/p>\n","protected":false},"featured_media":484543,"template":"","meta":{"_improvement_type_select":"improve_an_existing","_thumb_yes_seoaic":false,"_frame_yes_seoaic":false,"seoaic_generate_description":"","seoaic_improve_instructions_prompt":"","seoaic_rollback_content_improvement":"","seoaic_idea_thumbnail_generator":"","thumbnail_generated":false,"thumbnail_generate_prompt":"","seoaic_article_description":"","product-afmeting-lengte-mm":"58","product-afmeting-breedte-mm":"58","product-afmeting-hoogte-mm":"58"},"product_brand":[],"product_cat":[1229,1332,1211],"product_tag":[],"class_list":{"0":"post-484690","1":"product","2":"type-product","3":"status-publish","4":"has-post-thumbnail","6":"product_cat-4x4-de","7":"product_cat-moyu-de","8":"product_cat-speedcube-de","9":"pa_merken-moyu-de","11":"first","12":"instock","13":"taxable","14":"shipping-taxable","15":"purchasable","16":"product-type-variable"},"df_price":24.99,"df_sale_price":"","df_regular_price":24.99,"df_image_link":"https:\/\/www.speedcube.nl\/wp-content\/uploads\/2024\/10\/Productvisuals_Speedcubes-MoYu-AoSu-V7-4x4--285x300.jpg","_links":{"self":[{"href":"https:\/\/www.speedcube.nl\/de\/wp-json\/wp\/v2\/product\/484690","targetHints":{"allow":["GET"]}}],"collection":[{"href":"https:\/\/www.speedcube.nl\/de\/wp-json\/wp\/v2\/product"}],"about":[{"href":"https:\/\/www.speedcube.nl\/de\/wp-json\/wp\/v2\/types\/product"}],"version-history":[{"count":1,"href":"https:\/\/www.speedcube.nl\/de\/wp-json\/wp\/v2\/product\/484690\/revisions"}],"predecessor-version":[{"id":485007,"href":"https:\/\/www.speedcube.nl\/de\/wp-json\/wp\/v2\/product\/484690\/revisions\/485007"}],"wp:featuredmedia":[{"embeddable":true,"href":"https:\/\/www.speedcube.nl\/de\/wp-json\/wp\/v2\/media\/484543"}],"wp:attachment":[{"href":"https:\/\/www.speedcube.nl\/de\/wp-json\/wp\/v2\/media?parent=484690"}],"wp:term":[{"taxonomy":"product_brand","embeddable":true,"href":"https:\/\/www.speedcube.nl\/de\/wp-json\/wp\/v2\/product_brand?post=484690"},{"taxonomy":"product_cat","embeddable":true,"href":"https:\/\/www.speedcube.nl\/de\/wp-json\/wp\/v2\/product_cat?post=484690"},{"taxonomy":"product_tag","embeddable":true,"href":"https:\/\/www.speedcube.nl\/de\/wp-json\/wp\/v2\/product_tag?post=484690"}],"curies":[{"name":"wp","href":"https:\/\/api.w.org\/{rel}","templated":true}]}}