{"id":484675,"date":"2024-10-10T15:18:32","date_gmt":"2024-10-10T13:18:32","guid":{"rendered":"https:\/\/www.speedcube.nl\/?post_type=product&#038;p=484675"},"modified":"2026-04-29T05:03:41","modified_gmt":"2026-04-29T03:03:41","slug":"diansheng-galaxy-megaminx-m","status":"publish","type":"product","link":"https:\/\/www.speedcube.nl\/de\/speedcube-de\/megaminx-de\/diansheng-galaxy-megaminx-m\/","title":{"rendered":"Diansheng Galaxy Megaminx M"},"content":{"rendered":"<p data-pm-slice=\"1 1 []\">Das DianSheng Galaxy Megaminx M ist ein schnelles und robustes Megaminx, ideal f\u00fcr Anf\u00e4nger und erfahrene W\u00fcrfelspieler gleicherma\u00dfen. DianSheng hat sich in den letzten Jahren mit seinen vielen qualitativ hochwertigen Puzzle-Ver\u00f6ffentlichungen, von gro\u00df bis klein, einen Namen gemacht und war auch oft der erste, der magnetische Versionen verschiedener W\u00fcrfel auf den Markt brachte. Das DianSheng Galaxy Megaminx M passt perfekt in diese Liste. Mit seinem relativ starken Magnetkern (Kugelkern) bietet dieser W\u00fcrfel ein besonders angenehmes L\u00f6sungserlebnis. Dank der Verwendung neuester Technologien ist der Megaminx au\u00dferdem sehr erschwinglich, was ihn sehr empfehlenswert macht.    <\/p>\n","protected":false},"excerpt":{"rendered":"<p>DIANSHENG<\/p>\n","protected":false},"featured_media":484487,"template":"","meta":{"_improvement_type_select":"improve_an_existing","_thumb_yes_seoaic":false,"_frame_yes_seoaic":false,"seoaic_generate_description":"","seoaic_improve_instructions_prompt":"","seoaic_rollback_content_improvement":"","seoaic_idea_thumbnail_generator":"","thumbnail_generated":false,"thumbnail_generate_prompt":"","seoaic_article_description":"","product-afmeting-lengte-mm":"60","product-afmeting-breedte-mm":"60","product-afmeting-hoogte-mm":"60"},"product_brand":[],"product_cat":[1328,1378,1211],"product_tag":[],"class_list":{"0":"post-484675","1":"product","2":"type-product","3":"status-publish","4":"has-post-thumbnail","6":"product_cat-diansheng-de","7":"product_cat-megaminx-de","8":"product_cat-speedcube-de","9":"pa_merken-diansheng-de","11":"first","12":"instock","13":"taxable","14":"shipping-taxable","15":"purchasable","16":"product-type-simple"},"df_price":25.99,"df_sale_price":"","df_regular_price":25.99,"df_image_link":"https:\/\/www.speedcube.nl\/wp-content\/uploads\/2024\/10\/Productvisuals_Speedcubes-Diansheng-Galaxy-Megaminx-M--285x300.jpg","_links":{"self":[{"href":"https:\/\/www.speedcube.nl\/de\/wp-json\/wp\/v2\/product\/484675","targetHints":{"allow":["GET"]}}],"collection":[{"href":"https:\/\/www.speedcube.nl\/de\/wp-json\/wp\/v2\/product"}],"about":[{"href":"https:\/\/www.speedcube.nl\/de\/wp-json\/wp\/v2\/types\/product"}],"version-history":[{"count":1,"href":"https:\/\/www.speedcube.nl\/de\/wp-json\/wp\/v2\/product\/484675\/revisions"}],"predecessor-version":[{"id":485009,"href":"https:\/\/www.speedcube.nl\/de\/wp-json\/wp\/v2\/product\/484675\/revisions\/485009"}],"wp:featuredmedia":[{"embeddable":true,"href":"https:\/\/www.speedcube.nl\/de\/wp-json\/wp\/v2\/media\/484487"}],"wp:attachment":[{"href":"https:\/\/www.speedcube.nl\/de\/wp-json\/wp\/v2\/media?parent=484675"}],"wp:term":[{"taxonomy":"product_brand","embeddable":true,"href":"https:\/\/www.speedcube.nl\/de\/wp-json\/wp\/v2\/product_brand?post=484675"},{"taxonomy":"product_cat","embeddable":true,"href":"https:\/\/www.speedcube.nl\/de\/wp-json\/wp\/v2\/product_cat?post=484675"},{"taxonomy":"product_tag","embeddable":true,"href":"https:\/\/www.speedcube.nl\/de\/wp-json\/wp\/v2\/product_tag?post=484675"}],"curies":[{"name":"wp","href":"https:\/\/api.w.org\/{rel}","templated":true}]}}