{"id":484672,"date":"2024-10-10T15:18:34","date_gmt":"2024-10-10T13:18:34","guid":{"rendered":"https:\/\/www.speedcube.nl\/?post_type=product&#038;p=484672"},"modified":"2026-05-12T05:04:16","modified_gmt":"2026-05-12T03:04:16","slug":"qiyi-spiegel-3x3-gekachelt-magnetisch","status":"publish","type":"product","link":"https:\/\/www.speedcube.nl\/de\/speedcube-de\/spiegel\/qiyi-spiegel-3x3-gekachelt-magnetisch\/","title":{"rendered":"QiYi Spiegel 3&#215;3 (gekachelt) Magnetisch"},"content":{"rendered":"<p data-pm-slice=\"1 1 []\">QiYi Mirror Tiled (Magnetic) ist eine lustige Abwandlung des klassischen 3&#215;3-W\u00fcrfels! Die Magnete des QiYi 3&#215;3 Mirror verbessern die Stabilit\u00e4t des W\u00fcrfels erheblich. Au\u00dferdem ist dieser W\u00fcrfel gekachelt, anstatt mit Aufklebern versehen zu sein, was seine Haltbarkeit deutlich erh\u00f6ht. Dieser Speed Cube ist auch als Speed Cube konzipiert, was bedeutet, dass er sich sofort nach dem Auspacken gut dreht.   <\/p>\n","protected":false},"excerpt":{"rendered":"<p>QIYI<\/p>\n","protected":false},"featured_media":484415,"template":"","meta":{"_improvement_type_select":"improve_an_existing","_thumb_yes_seoaic":false,"_frame_yes_seoaic":false,"seoaic_generate_description":"","seoaic_improve_instructions_prompt":"","seoaic_rollback_content_improvement":"","seoaic_idea_thumbnail_generator":"","thumbnail_generated":false,"thumbnail_generate_prompt":"","seoaic_article_description":"","product-afmeting-lengte-mm":"56","product-afmeting-breedte-mm":"56","product-afmeting-hoogte-mm":"56"},"product_brand":[],"product_cat":[1221,1235,2453,1211],"product_tag":[],"class_list":{"0":"post-484672","1":"product","2":"type-product","3":"status-publish","4":"has-post-thumbnail","6":"product_cat-3x3-de","7":"product_cat-qiyi-de","8":"product_cat-spiegel","9":"product_cat-speedcube-de","10":"pa_merken-qiyi-de","12":"first","13":"instock","14":"taxable","15":"shipping-taxable","16":"purchasable","17":"product-type-variable"},"df_price":10.99,"df_sale_price":"","df_regular_price":10.99,"df_image_link":"https:\/\/www.speedcube.nl\/wp-content\/uploads\/2024\/10\/Productvisuals_Speedcubes-QiYi-Mirror-3x3-Tiled-Magnetic--285x300.jpg","_links":{"self":[{"href":"https:\/\/www.speedcube.nl\/de\/wp-json\/wp\/v2\/product\/484672","targetHints":{"allow":["GET"]}}],"collection":[{"href":"https:\/\/www.speedcube.nl\/de\/wp-json\/wp\/v2\/product"}],"about":[{"href":"https:\/\/www.speedcube.nl\/de\/wp-json\/wp\/v2\/types\/product"}],"version-history":[{"count":1,"href":"https:\/\/www.speedcube.nl\/de\/wp-json\/wp\/v2\/product\/484672\/revisions"}],"predecessor-version":[{"id":485013,"href":"https:\/\/www.speedcube.nl\/de\/wp-json\/wp\/v2\/product\/484672\/revisions\/485013"}],"wp:featuredmedia":[{"embeddable":true,"href":"https:\/\/www.speedcube.nl\/de\/wp-json\/wp\/v2\/media\/484415"}],"wp:attachment":[{"href":"https:\/\/www.speedcube.nl\/de\/wp-json\/wp\/v2\/media?parent=484672"}],"wp:term":[{"taxonomy":"product_brand","embeddable":true,"href":"https:\/\/www.speedcube.nl\/de\/wp-json\/wp\/v2\/product_brand?post=484672"},{"taxonomy":"product_cat","embeddable":true,"href":"https:\/\/www.speedcube.nl\/de\/wp-json\/wp\/v2\/product_cat?post=484672"},{"taxonomy":"product_tag","embeddable":true,"href":"https:\/\/www.speedcube.nl\/de\/wp-json\/wp\/v2\/product_tag?post=484672"}],"curies":[{"name":"wp","href":"https:\/\/api.w.org\/{rel}","templated":true}]}}