{"id":484671,"date":"2024-10-10T15:18:33","date_gmt":"2024-10-10T13:18:33","guid":{"rendered":"https:\/\/www.speedcube.nl\/?post_type=product&#038;p=484671"},"modified":"2026-05-09T05:00:32","modified_gmt":"2026-05-09T03:00:32","slug":"yj-mgc-est-3x3","status":"publish","type":"product","link":"https:\/\/www.speedcube.nl\/de\/aanbieding-de\/yj-mgc-est-3x3\/","title":{"rendered":"YJ MGC EST 3&#215;3"},"content":{"rendered":"<p data-pm-slice=\"1 1 []\">Das YJ MGC EST 3\u00d73 ist ein innovatives Release von YJ mit ausgeschnittenen Kanten und einem v\u00f6llig einzigartigen Verstellsystem. Trotz seines ungew\u00f6hnlichen Aussehens liefert der YJ MGC EST 3&#215;3 sofort nach dem Auspacken eine hervorragende Leistung. Wenn Sie ein Fan von originalen Speedcubes sind, sollte dieses Modell in Ihrer Sammlung nicht fehlen.  <\/p>\n","protected":false},"excerpt":{"rendered":"<p>YJ<\/p>\n","protected":false},"featured_media":484453,"template":"","meta":{"_improvement_type_select":"improve_an_existing","_thumb_yes_seoaic":false,"_frame_yes_seoaic":false,"seoaic_generate_description":"","seoaic_improve_instructions_prompt":"","seoaic_rollback_content_improvement":"","seoaic_idea_thumbnail_generator":"","thumbnail_generated":false,"thumbnail_generate_prompt":"","seoaic_article_description":"","product-afmeting-lengte-mm":"56","product-afmeting-breedte-mm":"56","product-afmeting-hoogte-mm":"56"},"product_brand":[],"product_cat":[2174,1211,2558],"product_tag":[],"class_list":{"0":"post-484671","1":"product","2":"type-product","3":"status-publish","4":"has-post-thumbnail","6":"product_cat-yj-de","7":"product_cat-speedcube-de","8":"product_cat-aanbieding-de","9":"pa_merken-yj-de","11":"first","12":"instock","13":"sale","14":"taxable","15":"shipping-taxable","16":"purchasable","17":"product-type-simple"},"df_price":17.39,"df_sale_price":17.39,"df_regular_price":28.99,"df_image_link":"https:\/\/www.speedcube.nl\/wp-content\/uploads\/2024\/10\/Productvisuals_Speedcubes-YJ-MGC-EST-3x3--285x300.jpg","_links":{"self":[{"href":"https:\/\/www.speedcube.nl\/de\/wp-json\/wp\/v2\/product\/484671","targetHints":{"allow":["GET"]}}],"collection":[{"href":"https:\/\/www.speedcube.nl\/de\/wp-json\/wp\/v2\/product"}],"about":[{"href":"https:\/\/www.speedcube.nl\/de\/wp-json\/wp\/v2\/types\/product"}],"version-history":[{"count":1,"href":"https:\/\/www.speedcube.nl\/de\/wp-json\/wp\/v2\/product\/484671\/revisions"}],"predecessor-version":[{"id":485011,"href":"https:\/\/www.speedcube.nl\/de\/wp-json\/wp\/v2\/product\/484671\/revisions\/485011"}],"wp:featuredmedia":[{"embeddable":true,"href":"https:\/\/www.speedcube.nl\/de\/wp-json\/wp\/v2\/media\/484453"}],"wp:attachment":[{"href":"https:\/\/www.speedcube.nl\/de\/wp-json\/wp\/v2\/media?parent=484671"}],"wp:term":[{"taxonomy":"product_brand","embeddable":true,"href":"https:\/\/www.speedcube.nl\/de\/wp-json\/wp\/v2\/product_brand?post=484671"},{"taxonomy":"product_cat","embeddable":true,"href":"https:\/\/www.speedcube.nl\/de\/wp-json\/wp\/v2\/product_cat?post=484671"},{"taxonomy":"product_tag","embeddable":true,"href":"https:\/\/www.speedcube.nl\/de\/wp-json\/wp\/v2\/product_tag?post=484671"}],"curies":[{"name":"wp","href":"https:\/\/api.w.org\/{rel}","templated":true}]}}