{"id":484668,"date":"2024-10-10T15:18:29","date_gmt":"2024-10-10T13:18:29","guid":{"rendered":"https:\/\/www.speedcube.nl\/?post_type=product&#038;p=484668"},"modified":"2026-05-12T05:04:16","modified_gmt":"2026-05-12T03:04:16","slug":"qiyi-x-man-torando-v4m","status":"publish","type":"product","link":"https:\/\/www.speedcube.nl\/de\/speedcube-de\/qiyi-de\/qiyi-x-man-torando-v4m\/","title":{"rendered":"QiYi X-Man Torando V4M"},"content":{"rendered":"<p data-pm-slice=\"1 1 []\">Dies ist der X-Man Tornado V4 M 3&#215;3. Dieser Speedcube ist der Nachfolger des Tornado V3, der in den letzten Jahren zahlreiche Weltrekorde gebrochen hat. Das neue Modell verf\u00fcgt \u00fcber einen Kugelkern und ein verbessertes Einstellsystem, mit dem Sie die Magnetst\u00e4rke in jedem Winkel mit nur einer Drehung einstellen k\u00f6nnen!  <\/p>\n","protected":false},"excerpt":{"rendered":"<p>QIYI<\/p>\n","protected":false},"featured_media":484593,"template":"","meta":{"_improvement_type_select":"improve_an_existing","_thumb_yes_seoaic":false,"_frame_yes_seoaic":false,"seoaic_generate_description":"","seoaic_improve_instructions_prompt":"","seoaic_rollback_content_improvement":"","seoaic_idea_thumbnail_generator":"","thumbnail_generated":false,"thumbnail_generate_prompt":"","seoaic_article_description":"","product-afmeting-lengte-mm":"56","product-afmeting-breedte-mm":"56","product-afmeting-hoogte-mm":"56"},"product_brand":[],"product_cat":[1221,1235,1211],"product_tag":[],"class_list":{"0":"post-484668","1":"product","2":"type-product","3":"status-publish","4":"has-post-thumbnail","6":"product_cat-3x3-de","7":"product_cat-qiyi-de","8":"product_cat-speedcube-de","9":"pa_merken-qiyi-de","11":"first","12":"instock","13":"taxable","14":"shipping-taxable","15":"purchasable","16":"product-type-variable"},"df_price":37.99,"df_sale_price":"","df_regular_price":37.99,"df_image_link":"https:\/\/www.speedcube.nl\/wp-content\/uploads\/2024\/10\/Productvisuals_Speedcubes-QiYi-X-Man-Torando-V4M--285x300.jpg","_links":{"self":[{"href":"https:\/\/www.speedcube.nl\/de\/wp-json\/wp\/v2\/product\/484668","targetHints":{"allow":["GET"]}}],"collection":[{"href":"https:\/\/www.speedcube.nl\/de\/wp-json\/wp\/v2\/product"}],"about":[{"href":"https:\/\/www.speedcube.nl\/de\/wp-json\/wp\/v2\/types\/product"}],"version-history":[{"count":1,"href":"https:\/\/www.speedcube.nl\/de\/wp-json\/wp\/v2\/product\/484668\/revisions"}],"predecessor-version":[{"id":485005,"href":"https:\/\/www.speedcube.nl\/de\/wp-json\/wp\/v2\/product\/484668\/revisions\/485005"}],"wp:featuredmedia":[{"embeddable":true,"href":"https:\/\/www.speedcube.nl\/de\/wp-json\/wp\/v2\/media\/484593"}],"wp:attachment":[{"href":"https:\/\/www.speedcube.nl\/de\/wp-json\/wp\/v2\/media?parent=484668"}],"wp:term":[{"taxonomy":"product_brand","embeddable":true,"href":"https:\/\/www.speedcube.nl\/de\/wp-json\/wp\/v2\/product_brand?post=484668"},{"taxonomy":"product_cat","embeddable":true,"href":"https:\/\/www.speedcube.nl\/de\/wp-json\/wp\/v2\/product_cat?post=484668"},{"taxonomy":"product_tag","embeddable":true,"href":"https:\/\/www.speedcube.nl\/de\/wp-json\/wp\/v2\/product_tag?post=484668"}],"curies":[{"name":"wp","href":"https:\/\/api.w.org\/{rel}","templated":true}]}}