{"id":482621,"date":"2024-09-03T16:00:21","date_gmt":"2024-09-03T14:00:21","guid":{"rendered":"https:\/\/www.speedcube.nl\/?post_type=product&#038;p=482621"},"modified":"2026-04-28T05:00:40","modified_gmt":"2026-04-28T03:00:40","slug":"ugears-buch-der-geheimnisse","status":"publish","type":"product","link":"https:\/\/www.speedcube.nl\/de\/modellbau\/bucher\/ugears-buch-der-geheimnisse\/","title":{"rendered":"Ugears Buch der Geheimnisse"},"content":{"rendered":"<p data-pm-slice=\"1 1 []\">Verstecken Sie Ihre geheimen Notizen, wertvollen Besitzt\u00fcmer oder andere pers\u00f6nliche Dinge in dem Book of Secrets von Ugears.<br \/>\nDieses bezaubernde 3D-Holzpuzzle ist wie ein Buch mit einem versteckten Fach und einem komplexen, mehrstufigen Entriegelungsvorgang gestaltet, der ausgekl\u00fcgelte mechanische Bewegungen beinhaltet.<br \/>\nDas Buch der Geheimnisse wird ge\u00f6ffnet, indem Sie eine dreistellige Kombination auf der R\u00fcckseite des Buches eingeben, die dann den geheimen Schl\u00fcssel freigibt.<br \/>\nStecken Sie den Schl\u00fcssel in den daf\u00fcr vorgesehenen Schlitz und drehen Sie ihn gegen den Uhrzeigersinn, um den Entriegelungsmechanismus zu aktivieren.<br \/>\nDrehen Sie dann erneut nach links, um das Buch zu \u00f6ffnen.<br \/>\nVerschiedene Fenster auf dem Buch zeigen an, ob jeder Schritt korrekt ausgef\u00fchrt wurde.<br \/>\nZum ersten Mal in der Geschichte von Ugears wurden zwei Schattierungen von Sperrholz (dunkel und hell) verwendet, um dieses Modell f\u00fcr Sie noch einzigartiger zu machen.      <\/p>\n<p data-pm-slice=\"1 1 []\">Sie k\u00f6nnen jeden beliebigen dreistelligen Code einstellen, indem Sie den Stiftblock aus dem Geheimfach entfernen.<br \/>\nDrehen Sie die Kn\u00f6pfe auf die gew\u00fcnschte Kombination und setzen Sie dann den Stiftblock wieder ein.<br \/>\nVon nun an funktioniert der Schl\u00fcsselausl\u00f6semechanismus mit der von Ihnen eingestellten Kombination.<br \/>\nWenn Sie den Hebel am unteren Ende des Buchr\u00fcckens dr\u00fccken, wird der Schl\u00fcssel aus dem Schlitz am oberen Ende freigegeben.<br \/>\nWenn Sie jedoch eine andere Kombination eingestellt haben, bleibt der Schl\u00fcssel sicher im Schlitz verborgen.<br \/>\nSie k\u00f6nnen die Kombination jederzeit \u00e4ndern, indem Sie die gleichen Schritte wiederholen: \u00d6ffnen Sie die 3D-Holzbox, entfernen Sie den Stiftblock, stellen Sie eine neue Kombination ein, setzen Sie den Stiftblock wieder ein und der Schl\u00fcsselentriegelungsmechanismus ist nun auf den neuen Code eingestellt.     <\/p>\n<p data-pm-slice=\"1 1 []\"><strong>Vergessene Kombination?<\/strong>  Keine Panik! Die Sch\u00f6pfer haben eine L\u00f6sung!<br \/>\nEs gibt zwei einfache Methoden, um trotzdem an den Inhalt der Box zu gelangen, auch ohne die Kombination zu kennen.<br \/>\nDie erste M\u00f6glichkeit ist, die R\u00fcckseite der Box vorsichtig aufzuhebeln.<br \/>\nVerwenden Sie dazu ein flaches Werkzeug, z.B. einen Schraubenzieher oder ein Metalllineal, und f\u00fchren Sie es in den Schlitz zwischen der R\u00fcckwand ein.<br \/>\nBewegen Sie das Werkzeug vorsichtig an mehreren Stellen der Platte entlang, um sie zu l\u00f6sen.<br \/>\nSobald die Platte entfernt ist, haben Sie Zugriff auf das Innere der Box.<br \/>\nDann kann ein neuer Code eingestellt werden.      <\/p>\n<p data-pm-slice=\"1 1 []\">Sie k\u00f6nnen auch Safeknacker spielen und die Kombination durch Ber\u00fchrung entdecken.<br \/>\nDr\u00fccken Sie den Schl\u00fcsselentriegelungshebel mit dem Finger, halten Sie ihn mit leichtem Druck und drehen Sie dann nacheinander die einzelnen Zuhaltungen.<br \/>\nSie werden sp\u00fcren, dass sich die richtige Zahl auf jeder Zuhaltung etwas fester dreht als die anderen und dass sich der Hebel unter Ihrem Finger leicht verschiebt, wenn die richtige Zahl einrastet.<br \/>\nWenn die letzte Zuhaltung auf die richtige Zahl eingestellt ist, wechselt die Anzeige auf der R\u00fcckseite von geschlossen auf offen: Die Schl\u00fcsselentriegelung ist nun aktiviert.   <\/p>\n<p data-pm-slice=\"1 1 []\">Anzahl der Teile: 263 Gesch\u00e4tzte Montagezeit: 6 Stunden<\/p>\n","protected":false},"excerpt":{"rendered":"<p>UGEARS<\/p>\n","protected":false},"featured_media":482592,"template":"","meta":{"_improvement_type_select":"improve_an_existing","_thumb_yes_seoaic":false,"_frame_yes_seoaic":false,"seoaic_generate_description":"","seoaic_improve_instructions_prompt":"","seoaic_rollback_content_improvement":"","seoaic_idea_thumbnail_generator":"","thumbnail_generated":false,"thumbnail_generate_prompt":"","seoaic_article_description":"","product-afmeting-lengte-mm":"170","product-afmeting-breedte-mm":"187","product-afmeting-hoogte-mm":"70"},"product_brand":[],"product_cat":[1617,1500,1636,1903,1499,1713],"product_tag":[],"class_list":{"0":"post-482621","1":"product","2":"type-product","3":"status-publish","4":"has-post-thumbnail","6":"product_cat-baukasten-aus-holz","7":"product_cat-baukasten-fur-erwachsene","8":"product_cat-baukasten-fur-kinder","9":"product_cat-bucher","10":"product_cat-modellbau","11":"product_cat-ugears-modellbau","12":"pa_merken-ugears-de","14":"first","15":"instock","16":"taxable","17":"shipping-taxable","18":"purchasable","19":"product-type-simple"},"df_price":64.95,"df_sale_price":"","df_regular_price":64.95,"df_image_link":"https:\/\/www.speedcube.nl\/wp-content\/uploads\/2024\/09\/Productvisuals_Modelbouw-Ugears-Boek-der-Geheimen--285x300.jpg","_links":{"self":[{"href":"https:\/\/www.speedcube.nl\/de\/wp-json\/wp\/v2\/product\/482621","targetHints":{"allow":["GET"]}}],"collection":[{"href":"https:\/\/www.speedcube.nl\/de\/wp-json\/wp\/v2\/product"}],"about":[{"href":"https:\/\/www.speedcube.nl\/de\/wp-json\/wp\/v2\/types\/product"}],"version-history":[{"count":1,"href":"https:\/\/www.speedcube.nl\/de\/wp-json\/wp\/v2\/product\/482621\/revisions"}],"predecessor-version":[{"id":482624,"href":"https:\/\/www.speedcube.nl\/de\/wp-json\/wp\/v2\/product\/482621\/revisions\/482624"}],"wp:featuredmedia":[{"embeddable":true,"href":"https:\/\/www.speedcube.nl\/de\/wp-json\/wp\/v2\/media\/482592"}],"wp:attachment":[{"href":"https:\/\/www.speedcube.nl\/de\/wp-json\/wp\/v2\/media?parent=482621"}],"wp:term":[{"taxonomy":"product_brand","embeddable":true,"href":"https:\/\/www.speedcube.nl\/de\/wp-json\/wp\/v2\/product_brand?post=482621"},{"taxonomy":"product_cat","embeddable":true,"href":"https:\/\/www.speedcube.nl\/de\/wp-json\/wp\/v2\/product_cat?post=482621"},{"taxonomy":"product_tag","embeddable":true,"href":"https:\/\/www.speedcube.nl\/de\/wp-json\/wp\/v2\/product_tag?post=482621"}],"curies":[{"name":"wp","href":"https:\/\/api.w.org\/{rel}","templated":true}]}}