{"id":481936,"date":"2024-08-27T16:01:25","date_gmt":"2024-08-27T14:01:25","guid":{"rendered":"https:\/\/www.speedcube.nl\/?post_type=product&#038;p=481936"},"modified":"2026-05-09T05:00:31","modified_gmt":"2026-05-09T03:00:31","slug":"yj-zhilong-mini-m-4x4-uv","status":"publish","type":"product","link":"https:\/\/www.speedcube.nl\/de\/speedcube-de\/yj-de\/yj-zhilong-mini-m-4x4-uv\/","title":{"rendered":"YJ Zhilong Mini M 4&#215;4 UV"},"content":{"rendered":"<p data-pm-slice=\"1 1 []\">Der YJ ZhiLong Mini 4&#215;4 M UV ist ein k\u00fcrzlich eingef\u00fchrter magnetischer Miniw\u00fcrfel von YongJun Toys.<br \/>\nMit einem Durchmesser von nur 56 mm, was den meisten Standard-3&#215;3-W\u00fcrfeln entspricht, bietet der ZhiLong Mini 4&#215;4 M ein schnelles und angenehm knackiges Erlebnis.<br \/>\nYJ hat eine clevere Balance gefunden, indem es st\u00e4rkere Magnete in der inneren Schicht und leichtere Magnete in der \u00e4u\u00dferen Schicht verwendet hat, was zu einer hervorragenden Stabilit\u00e4t und Kontrolle f\u00fchrt.<br \/>\nIdeal f\u00fcr Menschen mit kleineren H\u00e4nden oder W\u00fcrfelspieler, die kompaktere Puzzles bevorzugen.<br \/>\nDie UV-Beschichtung verleiht dem W\u00fcrfel ein attraktives Aussehen und sorgt f\u00fcr zus\u00e4tzlichen Halt beim W\u00fcrfeln.    <\/p>\n","protected":false},"excerpt":{"rendered":"<p>YJ<\/p>\n","protected":false},"featured_media":481800,"template":"","meta":{"_improvement_type_select":"improve_an_existing","_thumb_yes_seoaic":false,"_frame_yes_seoaic":false,"seoaic_generate_description":"","seoaic_improve_instructions_prompt":"","seoaic_rollback_content_improvement":"","seoaic_idea_thumbnail_generator":"","thumbnail_generated":false,"thumbnail_generate_prompt":"","seoaic_article_description":"","product-afmeting-lengte-mm":"56","product-afmeting-breedte-mm":"56","product-afmeting-hoogte-mm":"56"},"product_brand":[],"product_cat":[1229,2174,1211],"product_tag":[],"class_list":{"0":"post-481936","1":"product","2":"type-product","3":"status-publish","4":"has-post-thumbnail","6":"product_cat-4x4-de","7":"product_cat-yj-de","8":"product_cat-speedcube-de","9":"pa_merken-yj-de","11":"first","12":"instock","13":"taxable","14":"shipping-taxable","15":"purchasable","16":"product-type-simple"},"df_price":18.99,"df_sale_price":"","df_regular_price":18.99,"df_image_link":"https:\/\/www.speedcube.nl\/wp-content\/uploads\/2024\/08\/Productvisuals_Speedcubes-YJ-Zhilong-Mini-M-4x4-UV--285x300.jpg","_links":{"self":[{"href":"https:\/\/www.speedcube.nl\/de\/wp-json\/wp\/v2\/product\/481936","targetHints":{"allow":["GET"]}}],"collection":[{"href":"https:\/\/www.speedcube.nl\/de\/wp-json\/wp\/v2\/product"}],"about":[{"href":"https:\/\/www.speedcube.nl\/de\/wp-json\/wp\/v2\/types\/product"}],"version-history":[{"count":1,"href":"https:\/\/www.speedcube.nl\/de\/wp-json\/wp\/v2\/product\/481936\/revisions"}],"predecessor-version":[{"id":481943,"href":"https:\/\/www.speedcube.nl\/de\/wp-json\/wp\/v2\/product\/481936\/revisions\/481943"}],"wp:featuredmedia":[{"embeddable":true,"href":"https:\/\/www.speedcube.nl\/de\/wp-json\/wp\/v2\/media\/481800"}],"wp:attachment":[{"href":"https:\/\/www.speedcube.nl\/de\/wp-json\/wp\/v2\/media?parent=481936"}],"wp:term":[{"taxonomy":"product_brand","embeddable":true,"href":"https:\/\/www.speedcube.nl\/de\/wp-json\/wp\/v2\/product_brand?post=481936"},{"taxonomy":"product_cat","embeddable":true,"href":"https:\/\/www.speedcube.nl\/de\/wp-json\/wp\/v2\/product_cat?post=481936"},{"taxonomy":"product_tag","embeddable":true,"href":"https:\/\/www.speedcube.nl\/de\/wp-json\/wp\/v2\/product_tag?post=481936"}],"curies":[{"name":"wp","href":"https:\/\/api.w.org\/{rel}","templated":true}]}}