{"id":481933,"date":"2024-08-27T16:00:46","date_gmt":"2024-08-27T14:00:46","guid":{"rendered":"https:\/\/www.speedcube.nl\/?post_type=product&#038;p=481933"},"modified":"2026-05-11T05:00:39","modified_gmt":"2026-05-11T03:00:39","slug":"diansheng-solars-magnetische-2345-wurfel-bundle","status":"publish","type":"product","link":"https:\/\/www.speedcube.nl\/de\/speedcube-de\/besonderheiten\/diansheng-solars-magnetische-2345-wurfel-bundle\/","title":{"rendered":"Diansheng Solars Magnetische 2345 W\u00fcrfel Bundle"},"content":{"rendered":"<p data-pm-slice=\"1 1 []\">Das Diansheng Solars Magnetic 2345 Cubes Bundle bietet Ihnen ein unvergleichliches Puzzlespielerlebnis mit Magneten, die f\u00fcr zus\u00e4tzliche Stabilit\u00e4t und m\u00fcheloses Drehen sorgen.<br \/>\nDieses Bundle enth\u00e4lt vier verschiedene W\u00fcrfelgr\u00f6\u00dfen (2&#215;2, 3&#215;3, 4&#215;4 und 5&#215;5).<br \/>\nDie W\u00fcrfel sind aus strapazierf\u00e4higem Material gefertigt und garantieren eine lange Nutzung ohne Abnutzung und Verschlei\u00df.<br \/>\nDas reibungslose Rotationssystem in Kombination mit strategisch platzierten Magneten sorgt f\u00fcr kontrollierte und effiziente Bewegungen.<br \/>\nDar\u00fcber hinaus haben die W\u00fcrfel leuchtende, kontrastreiche Farben, die die visuelle Erkennung und Pr\u00e4zision verbessern.<br \/>\nMit seinem ausgezeichneten Preis-Leistungs-Verh\u00e4ltnis ist das Diansheng Solars Magnetic 2345 Bundle eine gute Wahl f\u00fcr jeden, der seine W\u00fcrfelsammlung erweitern und seine F\u00e4higkeiten verbessern m\u00f6chte.     <\/p>\n","protected":false},"excerpt":{"rendered":"<p>DIANSHENG<\/p>\n","protected":false},"featured_media":481809,"template":"","meta":{"_improvement_type_select":"improve_an_existing","_thumb_yes_seoaic":false,"_frame_yes_seoaic":false,"seoaic_generate_description":"","seoaic_improve_instructions_prompt":"","seoaic_rollback_content_improvement":"","seoaic_idea_thumbnail_generator":"","thumbnail_generated":false,"thumbnail_generate_prompt":"","seoaic_article_description":"","product-afmeting-lengte-mm":"","product-afmeting-breedte-mm":"","product-afmeting-hoogte-mm":""},"product_brand":[],"product_cat":[1333,1328,1211],"product_tag":[],"class_list":{"0":"post-481933","1":"product","2":"type-product","3":"status-publish","4":"has-post-thumbnail","6":"product_cat-besonderheiten","7":"product_cat-diansheng-de","8":"product_cat-speedcube-de","9":"pa_merken-diansheng-de","11":"first","12":"instock","13":"taxable","14":"shipping-taxable","15":"purchasable","16":"product-type-simple"},"df_price":25.99,"df_sale_price":"","df_regular_price":25.99,"df_image_link":"https:\/\/www.speedcube.nl\/wp-content\/uploads\/2024\/08\/Productvisuals_Speedcubes-Diansheng-Solars-Magnetic-2345-cubes-bundle--285x300.jpg","_links":{"self":[{"href":"https:\/\/www.speedcube.nl\/de\/wp-json\/wp\/v2\/product\/481933","targetHints":{"allow":["GET"]}}],"collection":[{"href":"https:\/\/www.speedcube.nl\/de\/wp-json\/wp\/v2\/product"}],"about":[{"href":"https:\/\/www.speedcube.nl\/de\/wp-json\/wp\/v2\/types\/product"}],"version-history":[{"count":1,"href":"https:\/\/www.speedcube.nl\/de\/wp-json\/wp\/v2\/product\/481933\/revisions"}],"predecessor-version":[{"id":481939,"href":"https:\/\/www.speedcube.nl\/de\/wp-json\/wp\/v2\/product\/481933\/revisions\/481939"}],"wp:featuredmedia":[{"embeddable":true,"href":"https:\/\/www.speedcube.nl\/de\/wp-json\/wp\/v2\/media\/481809"}],"wp:attachment":[{"href":"https:\/\/www.speedcube.nl\/de\/wp-json\/wp\/v2\/media?parent=481933"}],"wp:term":[{"taxonomy":"product_brand","embeddable":true,"href":"https:\/\/www.speedcube.nl\/de\/wp-json\/wp\/v2\/product_brand?post=481933"},{"taxonomy":"product_cat","embeddable":true,"href":"https:\/\/www.speedcube.nl\/de\/wp-json\/wp\/v2\/product_cat?post=481933"},{"taxonomy":"product_tag","embeddable":true,"href":"https:\/\/www.speedcube.nl\/de\/wp-json\/wp\/v2\/product_tag?post=481933"}],"curies":[{"name":"wp","href":"https:\/\/api.w.org\/{rel}","templated":true}]}}