{"id":481932,"date":"2024-08-27T16:01:44","date_gmt":"2024-08-27T14:01:44","guid":{"rendered":"https:\/\/www.speedcube.nl\/?post_type=product&#038;p=481932"},"modified":"2026-05-03T05:27:02","modified_gmt":"2026-05-03T03:27:02","slug":"gan-12-ui-magnetschwebebahn-powerpod","status":"publish","type":"product","link":"https:\/\/www.speedcube.nl\/de\/speedcube-de\/smartcubes-de\/gan-12-ui-magnetschwebebahn-powerpod\/","title":{"rendered":"GAN 12 UI Magnetschwebebahn + Powerpod"},"content":{"rendered":"<p data-pm-slice=\"1 1 []\">Der GAN 12 UI MagLev ist der allererste intelligente Magnetschwebew\u00fcrfel der Welt. Er wurde in der Qualit\u00e4t des GAN 12 entwickelt und garantiert Spitzenleistungen.<br \/>\nDieser W\u00fcrfel verf\u00fcgt \u00fcber anpassbare Magnete in seinen Komponenten und ein anpassbares System f\u00fcr magnetisches Schweben, Spannung und Kompression.<br \/>\nDiese Technologie nutzt entgegengesetzte Magnete, um das Gef\u00fchl einer Feder zu imitieren und gleichzeitig Reibung und Ger\u00e4usche zu reduzieren.<br \/>\nDar\u00fcber hinaus wird er mit dem GAN PowerPod V3 zum einfachen Aufladen und Aufbewahren geliefert.<br \/>\nSie k\u00f6nnen ihn \u00fcber Bluetooth mit Ihrem Telefon verbinden und die kostenlose mobile App <strong>CubeStation<\/strong> verwenden, um gegen Ihre Freunde oder andere W\u00fcrfelspieler weltweit anzutreten.<br \/>\nDie App bietet auch ein Lernsystem, das Ihnen hilft, den W\u00fcrfel zu l\u00f6sen, indem es Ihnen Tipps und Verbesserungen gibt, damit Sie immer besser werden.<br \/>\nDank der 15-st\u00fcndigen Akkulaufzeit k\u00f6nnen Sie den ganzen Tag lang \u00fcben!<br \/>\nUm die CubeStation App verwenden zu k\u00f6nnen, muss sie auf die Version 4.27 oder h\u00f6her aktualisiert werden.<br \/>\nHinweis: Die kontinuierliche Verwendung dieses W\u00fcrfels bei niedrigem Batteriestand kann die Batterie besch\u00e4digen.        <\/p>\n<p>  Im Lieferumfang enthalten sind: GAN 12 UI Maglev, Gan PowerPod V3, Benutzerhandbuch, Typ-C-Ladekabel, Wiederherstellungshandbuch, Einstellwerkzeug und ein GAN-Etui.<br \/>\nHauptmerkmale: + Magnetisches System + Wiegt 69 Gramm + Bis zu 84 werkseitig installierte Magnete + 8 Magnetwinkel-Einstellungen + Verbesserte Kernpositionierung 3.0 + Numerisches GTN-Spannsystem (3 Positionen) + 216 m\u00f6gliche Konfigurationseinstellungen + Wabenf\u00f6rmiges Design f\u00fcr bessere Schmiermittelverteilung + Magnetkraft GES V2 + GMS V3 + Starke Magnetschiene (3 G\u00e4nge einstellbar) vs. schwache Magnetschiene (3 G\u00e4nge einstellbar) <\/p>\n","protected":false},"excerpt":{"rendered":"<p>GAN<\/p>\n","protected":false},"featured_media":481794,"template":"","meta":{"_improvement_type_select":"improve_an_existing","_thumb_yes_seoaic":false,"_frame_yes_seoaic":false,"seoaic_generate_description":"","seoaic_improve_instructions_prompt":"","seoaic_rollback_content_improvement":"","seoaic_idea_thumbnail_generator":"","thumbnail_generated":false,"thumbnail_generate_prompt":"","seoaic_article_description":"","product-afmeting-lengte-mm":"56","product-afmeting-breedte-mm":"56","product-afmeting-hoogte-mm":"56"},"product_brand":[],"product_cat":[1221,1270,1564,1211],"product_tag":[],"class_list":{"0":"post-481932","1":"product","2":"type-product","3":"status-publish","4":"has-post-thumbnail","6":"product_cat-3x3-de","7":"product_cat-gan-de","8":"product_cat-smartcubes-de","9":"product_cat-speedcube-de","10":"pa_merken-gan-de","12":"first","13":"instock","14":"taxable","15":"shipping-taxable","16":"purchasable","17":"product-type-simple"},"df_price":137.99,"df_sale_price":"","df_regular_price":137.99,"df_image_link":"https:\/\/www.speedcube.nl\/wp-content\/uploads\/2024\/08\/Productvisuals_Speedcubes-GAN-12-ui-Maglev-with-Powerpod--285x300.jpg","_links":{"self":[{"href":"https:\/\/www.speedcube.nl\/de\/wp-json\/wp\/v2\/product\/481932","targetHints":{"allow":["GET"]}}],"collection":[{"href":"https:\/\/www.speedcube.nl\/de\/wp-json\/wp\/v2\/product"}],"about":[{"href":"https:\/\/www.speedcube.nl\/de\/wp-json\/wp\/v2\/types\/product"}],"version-history":[{"count":1,"href":"https:\/\/www.speedcube.nl\/de\/wp-json\/wp\/v2\/product\/481932\/revisions"}],"predecessor-version":[{"id":481945,"href":"https:\/\/www.speedcube.nl\/de\/wp-json\/wp\/v2\/product\/481932\/revisions\/481945"}],"wp:featuredmedia":[{"embeddable":true,"href":"https:\/\/www.speedcube.nl\/de\/wp-json\/wp\/v2\/media\/481794"}],"wp:attachment":[{"href":"https:\/\/www.speedcube.nl\/de\/wp-json\/wp\/v2\/media?parent=481932"}],"wp:term":[{"taxonomy":"product_brand","embeddable":true,"href":"https:\/\/www.speedcube.nl\/de\/wp-json\/wp\/v2\/product_brand?post=481932"},{"taxonomy":"product_cat","embeddable":true,"href":"https:\/\/www.speedcube.nl\/de\/wp-json\/wp\/v2\/product_cat?post=481932"},{"taxonomy":"product_tag","embeddable":true,"href":"https:\/\/www.speedcube.nl\/de\/wp-json\/wp\/v2\/product_tag?post=481932"}],"curies":[{"name":"wp","href":"https:\/\/api.w.org\/{rel}","templated":true}]}}