{"id":480929,"date":"2024-08-15T10:39:23","date_gmt":"2024-08-15T08:39:23","guid":{"rendered":"https:\/\/www.speedcube.nl\/?post_type=product&#038;p=480929"},"modified":"2026-05-09T05:04:01","modified_gmt":"2026-05-09T03:04:01","slug":"yoyofactory-axolotl","status":"publish","type":"product","link":"https:\/\/www.speedcube.nl\/de\/yo-yos\/yoyofactory-de\/yoyofactory-axolotl\/","title":{"rendered":"YoYoFactory Axolotl"},"content":{"rendered":"<p>Lernen Sie das Axolotl kennen, das ideale Einsteiger-YoYo!<br \/>\nDieses Yo-Yo wurde von der Weltmeisterin und mexikanischen Landesmeisterin in der Damenklasse, Betty Gallegos, entwickelt.<br \/>\nMit mehr als 1 Million Anh\u00e4ngern auf ihren Social Media-Plattformen konzentriert sich Betty darauf, ein noch besseres Yo-Yo f\u00fcr Anf\u00e4nger zu entwickeln.<br \/>\nDieses Modell basiert auf dem beliebten YoYoFactory Arrow, aber mit einem Twist, der es einzigartig macht.<br \/>\nDieses reaktionsschnelle Yo-Yo erfordert nur minimalen Kraftaufwand f\u00fcr eine lange Spin-Performance und kehrt mit einem sanften Ruck leicht in Ihre Hand zur\u00fcck, wodurch es f\u00fcr Anf\u00e4nger geeignet ist.<br \/>\nDas Axolotl ist perfekt f\u00fcr alle, die DNA-Tricks lernen wollen, denn es hat eine zentrale Nabe f\u00fcr optimale Finger-Spins.<br \/>\nEr hat ein schlankes, schmales Lager f\u00fcr ein reaktionsschnelles Spiel, das leicht gegen ein gr\u00f6\u00dferes Lager f\u00fcr ein nicht reaktionsschnelles Spiel ausgetauscht werden kann.<br \/>\nDieses Produkt enth\u00e4lt eine zus\u00e4tzliche Schnur und ein gr\u00f6\u00dferes Lager, um es zu einem nicht reagierenden Yoyo zu machen!<br \/>\nGewicht: 64 Gramm Durchmesser: 58,5 mm Breite: 42,0 mm (un)responsive: Responsive und Unresponsive        <\/p>\n","protected":false},"excerpt":{"rendered":"<p>YOYOFACTORY<\/p>\n","protected":false},"featured_media":480888,"template":"","meta":{"_improvement_type_select":"improve_an_existing","_thumb_yes_seoaic":false,"_frame_yes_seoaic":false,"seoaic_generate_description":"","seoaic_improve_instructions_prompt":"","seoaic_rollback_content_improvement":"","seoaic_idea_thumbnail_generator":"","thumbnail_generated":false,"thumbnail_generate_prompt":"","seoaic_article_description":"","product-afmeting-lengte-mm":"58","product-afmeting-breedte-mm":"58","product-afmeting-hoogte-mm":"42"},"product_brand":[],"product_cat":[1419,1418,1255,1238,1462],"product_tag":[],"class_list":{"0":"post-480929","1":"product","2":"type-product","3":"status-publish","4":"has-post-thumbnail","6":"product_cat-ansprechbar","7":"product_cat-kunststoff","8":"product_cat-nicht-ansprechbar","9":"product_cat-yo-yos","10":"product_cat-yoyofactory-de","11":"pa_merken-yoyofactory-de","13":"first","14":"instock","15":"sale","16":"taxable","17":"shipping-taxable","18":"purchasable","19":"product-type-variable"},"df_price":8.5,"df_sale_price":"","df_regular_price":8.5,"df_image_link":"https:\/\/www.speedcube.nl\/wp-content\/uploads\/2024\/08\/Productvisuals_yoyo-YoYoFactory-Axolotl--285x300.jpg","_links":{"self":[{"href":"https:\/\/www.speedcube.nl\/de\/wp-json\/wp\/v2\/product\/480929","targetHints":{"allow":["GET"]}}],"collection":[{"href":"https:\/\/www.speedcube.nl\/de\/wp-json\/wp\/v2\/product"}],"about":[{"href":"https:\/\/www.speedcube.nl\/de\/wp-json\/wp\/v2\/types\/product"}],"version-history":[{"count":0,"href":"https:\/\/www.speedcube.nl\/de\/wp-json\/wp\/v2\/product\/480929\/revisions"}],"wp:featuredmedia":[{"embeddable":true,"href":"https:\/\/www.speedcube.nl\/de\/wp-json\/wp\/v2\/media\/480888"}],"wp:attachment":[{"href":"https:\/\/www.speedcube.nl\/de\/wp-json\/wp\/v2\/media?parent=480929"}],"wp:term":[{"taxonomy":"product_brand","embeddable":true,"href":"https:\/\/www.speedcube.nl\/de\/wp-json\/wp\/v2\/product_brand?post=480929"},{"taxonomy":"product_cat","embeddable":true,"href":"https:\/\/www.speedcube.nl\/de\/wp-json\/wp\/v2\/product_cat?post=480929"},{"taxonomy":"product_tag","embeddable":true,"href":"https:\/\/www.speedcube.nl\/de\/wp-json\/wp\/v2\/product_tag?post=480929"}],"curies":[{"name":"wp","href":"https:\/\/api.w.org\/{rel}","templated":true}]}}