{"id":480842,"date":"2024-08-14T09:41:05","date_gmt":"2024-08-14T07:41:05","guid":{"rendered":"https:\/\/www.speedcube.nl\/?post_type=product&#038;p=480842"},"modified":"2026-05-03T05:27:02","modified_gmt":"2026-05-03T03:27:02","slug":"rubiks-connected-x","status":"publish","type":"product","link":"https:\/\/www.speedcube.nl\/de\/speedcube-de\/rubiks-de\/rubiks-connected-x\/","title":{"rendered":"Rubik&#8217;s Connected X"},"content":{"rendered":"<p data-pm-slice=\"1 1 []\">Der Rubik&#8217;s Connected X Speed Cube wurde ohne Magnete entworfen und ist daher ideal f\u00fcr Menschen, die gerade erst mit dem L\u00f6sen des W\u00fcrfels beginnen.<br \/>\nDer W\u00fcrfel wird mit einer M\u00fcnzbatterie betrieben, die nicht wiederaufladbar ist, so dass er bis zu 80 Stunden lang ohne Wartung benutzt werden kann.<br \/>\nAu\u00dferdem konzentriert sich die mitgelieferte kostenlose App Rubik&#8217;s Connected darauf, die Grundlagen des W\u00fcrfelspiels zu vermitteln, ohne einen Wettbewerbsmodus.<br \/>\nDieser W\u00fcrfel ist perfekt f\u00fcr jeden, der seine ersten Schritte in die Welt des Speedcubing machen m\u00f6chte.   <\/p>\n<p data-pm-slice=\"1 1 []\">SPEZIFIKATIONEN; Kann sich selbstst\u00e4ndig mit dem Internet verbinden: Nein F\u00fcr die gesamte Funktionalit\u00e4t ist eine App erforderlich: Ja Die App funktioniert mit folgenden Betriebssystemen: Android &amp; iOS Bluetooth erforderlich: Ja<\/p>\n","protected":false},"excerpt":{"rendered":"<p>RUBIK&#8217;S<\/p>\n","protected":false},"featured_media":477991,"template":"","meta":{"_improvement_type_select":"improve_an_existing","_thumb_yes_seoaic":false,"_frame_yes_seoaic":false,"seoaic_generate_description":"","seoaic_improve_instructions_prompt":"","seoaic_rollback_content_improvement":"","seoaic_idea_thumbnail_generator":"","thumbnail_generated":false,"thumbnail_generate_prompt":"","seoaic_article_description":"","product-afmeting-lengte-mm":"56","product-afmeting-breedte-mm":"56","product-afmeting-hoogte-mm":"56"},"product_brand":[],"product_cat":[1221,1843,1564,1211],"product_tag":[],"class_list":{"0":"post-480842","1":"product","2":"type-product","3":"status-publish","4":"has-post-thumbnail","6":"product_cat-3x3-de","7":"product_cat-rubiks-de","8":"product_cat-smartcubes-de","9":"product_cat-speedcube-de","10":"pa_merken-rubiks-de","12":"first","13":"instock","14":"taxable","15":"shipping-taxable","16":"purchasable","17":"product-type-simple"},"df_price":59.99,"df_sale_price":"","df_regular_price":59.99,"df_image_link":"https:\/\/www.speedcube.nl\/wp-content\/uploads\/2024\/07\/Productvisuals_Speedcubes-Rubiks-Connected-X_-285x300.jpg","_links":{"self":[{"href":"https:\/\/www.speedcube.nl\/de\/wp-json\/wp\/v2\/product\/480842","targetHints":{"allow":["GET"]}}],"collection":[{"href":"https:\/\/www.speedcube.nl\/de\/wp-json\/wp\/v2\/product"}],"about":[{"href":"https:\/\/www.speedcube.nl\/de\/wp-json\/wp\/v2\/types\/product"}],"version-history":[{"count":0,"href":"https:\/\/www.speedcube.nl\/de\/wp-json\/wp\/v2\/product\/480842\/revisions"}],"wp:featuredmedia":[{"embeddable":true,"href":"https:\/\/www.speedcube.nl\/de\/wp-json\/wp\/v2\/media\/477991"}],"wp:attachment":[{"href":"https:\/\/www.speedcube.nl\/de\/wp-json\/wp\/v2\/media?parent=480842"}],"wp:term":[{"taxonomy":"product_brand","embeddable":true,"href":"https:\/\/www.speedcube.nl\/de\/wp-json\/wp\/v2\/product_brand?post=480842"},{"taxonomy":"product_cat","embeddable":true,"href":"https:\/\/www.speedcube.nl\/de\/wp-json\/wp\/v2\/product_cat?post=480842"},{"taxonomy":"product_tag","embeddable":true,"href":"https:\/\/www.speedcube.nl\/de\/wp-json\/wp\/v2\/product_tag?post=480842"}],"curies":[{"name":"wp","href":"https:\/\/api.w.org\/{rel}","templated":true}]}}