{"id":479949,"date":"2024-07-31T21:11:47","date_gmt":"2024-07-31T19:11:47","guid":{"rendered":"https:\/\/www.speedcube.nl\/?post_type=product&#038;p=479949"},"modified":"2026-05-02T05:02:05","modified_gmt":"2026-05-02T03:02:05","slug":"yuxin-blutenblatt-megaminx","status":"publish","type":"product","link":"https:\/\/www.speedcube.nl\/de\/speedcube-de\/megaminx-de\/yuxin-blutenblatt-megaminx\/","title":{"rendered":"Yuxin Bl\u00fctenblatt Megaminx"},"content":{"rendered":"<p data-pm-slice=\"1 1 []\">Der Yuxin Petal Megaminx ist mit geschwungenen Schnitten und Bl\u00fctenblattformen gestaltet, die nicht nur \u00e4sthetisch ansprechend, sondern auch funktional sind. Dieses einzigartige Design sorgt f\u00fcr einen reibungslosen Betrieb ohne jegliche Verz\u00f6gerung. So k\u00f6nnen Sie die geheimnisvollen Bewegungen dieses Meisterwerks mit Bewunderung nachempfinden. Das Bemerkenswerteste an Yuxin Petal Megaminx ist seine Patchwork-Konstruktion aus 12 sorgf\u00e4ltig ausgew\u00e4hlten Farben. Dies ist nicht nur ein visuelles Vergn\u00fcgen, sondern soll auch das logische Denken anregen und das Gehirn entwickeln. Bei diesem farbenfrohen R\u00e4tsel m\u00fcssen Sie immer kreative L\u00f6sungen finden. Die Bl\u00fctenbl\u00e4tter sind mit einer feink\u00f6rnigen, matten Beschichtung versehen, die Kratzer verhindert, abriebfest ist und nicht spiegelt. Dadurch sieht der Megaminx auch nach vielen Stunden intensiver Nutzung immer noch wie neu und frisch aus. Au\u00dferdem ist es schmutzabweisend, was zu seiner Langlebigkeit beitr\u00e4gt. Im Inneren des Yuxin Petal Megaminx ist der W\u00fcrfel mit einer durchdachten Zapfenverbindung ausgestattet, die daf\u00fcr sorgt, dass alle Teile auch bei intensivem Gebrauch fest an ihrem Platz bleiben. Diese innovative Struktur sorgt daf\u00fcr, dass der W\u00fcrfel nahtlos von innen nach au\u00dfen funktioniert und so f\u00fcr das ultimative Aussehen und Gef\u00fchl sorgt. Das Yuxin Petal Megaminx bietet nicht nur Spa\u00df, sondern auch eine Herausforderung f\u00fcr diejenigen, die ihre F\u00e4higkeiten verbessern m\u00f6chten. Mit einer 30-Grad-Drehachse k\u00f6nnen Sie die Prismen in verschiedene Richtungen drehen, was zu einem dynamischen und verworrenen Spiel f\u00fchrt. Diese M\u00f6glichkeit, die Prismen zu verzerren, erh\u00f6ht den Schwierigkeitsgrad erheblich und fordert selbst die erfahrensten R\u00e4tselfreunde heraus. Dank der exzellenten Materialauswahl ist der Yuxin Petal Megaminx rutschfest und sturzsicher und sorgt so f\u00fcr ein lang anhaltendes und angenehmes Erlebnis. Die \u00fcberh\u00e4ngende Mittelachse sorgt au\u00dferdem f\u00fcr eine robuste und redundante Struktur, die dazu beitr\u00e4gt, dass der W\u00fcrfel auch bei den intensivsten Puzzlesitzungen robust und stabil ist.<\/p>\n","protected":false},"excerpt":{"rendered":"<p>YUXIN<\/p>\n","protected":false},"featured_media":479022,"template":"","meta":{"_improvement_type_select":"improve_an_existing","_thumb_yes_seoaic":false,"_frame_yes_seoaic":false,"seoaic_generate_description":"","seoaic_improve_instructions_prompt":"","seoaic_rollback_content_improvement":"","seoaic_idea_thumbnail_generator":"","thumbnail_generated":false,"thumbnail_generate_prompt":"","seoaic_article_description":"","product-afmeting-lengte-mm":"90","product-afmeting-breedte-mm":"90","product-afmeting-hoogte-mm":"90"},"product_brand":[],"product_cat":[1378,1377,1211],"product_tag":[],"class_list":{"0":"post-479949","1":"product","2":"type-product","3":"status-publish","4":"has-post-thumbnail","6":"product_cat-megaminx-de","7":"product_cat-yuxin-de","8":"product_cat-speedcube-de","9":"pa_merken-yuxin-de","11":"first","12":"instock","13":"taxable","14":"shipping-taxable","15":"purchasable","16":"product-type-simple"},"df_price":29.99,"df_sale_price":"","df_regular_price":29.99,"df_image_link":"https:\/\/www.speedcube.nl\/wp-content\/uploads\/2024\/07\/Productvisuals_Speedcubes-Yuxin-Petal-Megaminx--285x300.jpg","_links":{"self":[{"href":"https:\/\/www.speedcube.nl\/de\/wp-json\/wp\/v2\/product\/479949","targetHints":{"allow":["GET"]}}],"collection":[{"href":"https:\/\/www.speedcube.nl\/de\/wp-json\/wp\/v2\/product"}],"about":[{"href":"https:\/\/www.speedcube.nl\/de\/wp-json\/wp\/v2\/types\/product"}],"version-history":[{"count":0,"href":"https:\/\/www.speedcube.nl\/de\/wp-json\/wp\/v2\/product\/479949\/revisions"}],"wp:featuredmedia":[{"embeddable":true,"href":"https:\/\/www.speedcube.nl\/de\/wp-json\/wp\/v2\/media\/479022"}],"wp:attachment":[{"href":"https:\/\/www.speedcube.nl\/de\/wp-json\/wp\/v2\/media?parent=479949"}],"wp:term":[{"taxonomy":"product_brand","embeddable":true,"href":"https:\/\/www.speedcube.nl\/de\/wp-json\/wp\/v2\/product_brand?post=479949"},{"taxonomy":"product_cat","embeddable":true,"href":"https:\/\/www.speedcube.nl\/de\/wp-json\/wp\/v2\/product_cat?post=479949"},{"taxonomy":"product_tag","embeddable":true,"href":"https:\/\/www.speedcube.nl\/de\/wp-json\/wp\/v2\/product_tag?post=479949"}],"curies":[{"name":"wp","href":"https:\/\/api.w.org\/{rel}","templated":true}]}}