{"id":479948,"date":"2024-07-31T21:08:09","date_gmt":"2024-07-31T19:08:09","guid":{"rendered":"https:\/\/www.speedcube.nl\/?post_type=product&#038;p=479948"},"modified":"2026-05-14T05:16:05","modified_gmt":"2026-05-14T03:16:05","slug":"yuxin-interstellar-megaminx-sternenexplosion","status":"publish","type":"product","link":"https:\/\/www.speedcube.nl\/de\/speedcube-de\/megaminx-de\/yuxin-interstellar-megaminx-sternenexplosion\/","title":{"rendered":"Yuxin Interstellar Megaminx &#8211; Sternenexplosion"},"content":{"rendered":"<p data-pm-slice=\"1 1 []\">Entdecken Sie das ultimative Puzzle-Erlebnis mit dem Yuxin Interstellar Megaminx Star Burst, einem der sch\u00f6nen W\u00fcrfel aus der Interstellar-Serie. Yuxin ist f\u00fcr seine hochwertigen Produkte bekannt und dieses neue Meisterwerk ist keine Ausnahme. Was den Interstellar Megaminx Starburst einzigartig macht, ist seine F\u00e4higkeit, die Elastizit\u00e4t anzupassen. Mit dieser Funktion k\u00f6nnen Sie das R\u00e4tsel perfekt an Ihre pers\u00f6nlichen Vorlieben anpassen und so sicherstellen, dass Sie beim L\u00f6sen immer die ultimative Kontrolle behalten. Jeder Scheitelpunkt des Megaminx ist mit geometrischen Rillen versehen, die f\u00fcr au\u00dfergew\u00f6hnlichen Grip und Pr\u00e4zision bei jedem Spin sorgen. Nicht nur die Au\u00dfenseite des W\u00fcrfels ist mit unifarbenen N\u00e4hten versehen, die ihm ein elegantes und stilvolles Aussehen verleihen, sondern auch das Innere weist eine fortschrittliche, schnelle Struktur auf. Dies sorgt daf\u00fcr, dass sich der W\u00fcrfel nicht nur schnell, sondern auch \u00e4u\u00dferst stabil und gleichm\u00e4\u00dfig dreht. Die geteilte Struktur bietet ein perfektes Gleichgewicht zwischen Stabilit\u00e4t und Geschmeidigkeit, so dass selbst die komplexesten Bewegungen m\u00fchelos gelingen.<\/p>\n","protected":false},"excerpt":{"rendered":"<p>YUXIN<\/p>\n","protected":false},"featured_media":479047,"template":"","meta":{"_improvement_type_select":"improve_an_existing","_thumb_yes_seoaic":false,"_frame_yes_seoaic":false,"seoaic_generate_description":"","seoaic_improve_instructions_prompt":"","seoaic_rollback_content_improvement":"","seoaic_idea_thumbnail_generator":"","thumbnail_generated":false,"thumbnail_generate_prompt":"","seoaic_article_description":"","product-afmeting-lengte-mm":"90","product-afmeting-breedte-mm":"90","product-afmeting-hoogte-mm":"90"},"product_brand":[],"product_cat":[1378,1377,1211],"product_tag":[],"class_list":{"0":"post-479948","1":"product","2":"type-product","3":"status-publish","4":"has-post-thumbnail","6":"product_cat-megaminx-de","7":"product_cat-yuxin-de","8":"product_cat-speedcube-de","9":"pa_merken-yuxin-de","11":"first","12":"instock","13":"taxable","14":"shipping-taxable","15":"purchasable","16":"product-type-simple"},"df_price":29.99,"df_sale_price":"","df_regular_price":29.99,"df_image_link":"https:\/\/www.speedcube.nl\/wp-content\/uploads\/2024\/07\/Productvisuals_Speedcubes-Yuxin-Interstellar-Series-Magaminx-Star-Burst--285x300.jpg","_links":{"self":[{"href":"https:\/\/www.speedcube.nl\/de\/wp-json\/wp\/v2\/product\/479948","targetHints":{"allow":["GET"]}}],"collection":[{"href":"https:\/\/www.speedcube.nl\/de\/wp-json\/wp\/v2\/product"}],"about":[{"href":"https:\/\/www.speedcube.nl\/de\/wp-json\/wp\/v2\/types\/product"}],"version-history":[{"count":0,"href":"https:\/\/www.speedcube.nl\/de\/wp-json\/wp\/v2\/product\/479948\/revisions"}],"wp:featuredmedia":[{"embeddable":true,"href":"https:\/\/www.speedcube.nl\/de\/wp-json\/wp\/v2\/media\/479047"}],"wp:attachment":[{"href":"https:\/\/www.speedcube.nl\/de\/wp-json\/wp\/v2\/media?parent=479948"}],"wp:term":[{"taxonomy":"product_brand","embeddable":true,"href":"https:\/\/www.speedcube.nl\/de\/wp-json\/wp\/v2\/product_brand?post=479948"},{"taxonomy":"product_cat","embeddable":true,"href":"https:\/\/www.speedcube.nl\/de\/wp-json\/wp\/v2\/product_cat?post=479948"},{"taxonomy":"product_tag","embeddable":true,"href":"https:\/\/www.speedcube.nl\/de\/wp-json\/wp\/v2\/product_tag?post=479948"}],"curies":[{"name":"wp","href":"https:\/\/api.w.org\/{rel}","templated":true}]}}