{"id":479946,"date":"2024-07-31T21:10:43","date_gmt":"2024-07-31T19:10:43","guid":{"rendered":"https:\/\/www.speedcube.nl\/?post_type=product&#038;p=479946"},"modified":"2026-04-30T05:12:25","modified_gmt":"2026-04-30T03:12:25","slug":"qiyi-tornado-v3-pioneer-firefly-limited-edition","status":"publish","type":"product","link":"https:\/\/www.speedcube.nl\/de\/aanbieding-de\/qiyi-tornado-v3-pioneer-firefly-limited-edition\/","title":{"rendered":"QiYi Tornado V3 Pioneer Firefly Limited Edition"},"content":{"rendered":"<p data-pm-slice=\"1 1 []\">Der QiYi Tornado V3 Pioneer Firefly Limited Edition ist ein bemerkenswerter Speedcube, der die Herzen von Speedcubern weltweit erobert. Diese limitierte Sonderedition verk\u00f6rpert den Geist des Sommers und erstrahlt in einem bezaubernden Design, das an Gl\u00fchw\u00fcrmchen erinnert, die die Nachtlandschaft erleuchten. Der QiYi Tornado V3 Pioneer Firefly Limited Edition ist ein einzigartiger Speedcube, von dem es weltweit nur 4650 St\u00fcck gibt. Inspiriert von Gl\u00fchw\u00fcrmchen, kombiniert dieser W\u00fcrfel \u00c4sthetik mit modernster Technologie. Zu den wichtigsten Merkmalen geh\u00f6rt ein einstellbares Magnetsystem, das dank umgekehrter Kernmagnete eine sanfte Rotation erm\u00f6glicht. Das Design sorgt f\u00fcr ein gleichm\u00e4\u00dfiges Dreherlebnis durch den gleichen Achsabstand auf allen sechs Fl\u00e4chen. Mit 125 Tuning-Optionen k\u00f6nnen Sie den W\u00fcrfel durch f\u00fcnf Einstellungen f\u00fcr Achsenabstand, elastische Spannung und Magnetkraft vollst\u00e4ndig anpassen. Der W\u00fcrfel hat auch eine reine Innenseite mit UV-Beschichtung f\u00fcr Haltbarkeit und reibungsloses Drehen. Innovationen wie das omnidirektionale Magnetkernsystem sorgen f\u00fcr Stabilit\u00e4t bei Dreh\u00fcberg\u00e4ngen durch gr\u00f6\u00dfere magnetische Kontaktfl\u00e4chen. Das zweifach verstellbare Ring-Pull-System erm\u00f6glicht eine einfache und werkzeuglose Feinabstimmung, ideal f\u00fcr wettbewerbsf\u00e4hige Speedcuber. Dar\u00fcber hinaus bietet das QiYi Tornado V3 Pioneer Firefly Limited Edition eine hervorragende Eckensch\u00e4rfe mit einer Verbesserung von 17,2 % bei der R\u00fcckw\u00e4rtssch\u00e4rfe im Vergleich zur vorherigen Generation,<\/p>\n","protected":false},"excerpt":{"rendered":"<p>QIYI<\/p>\n","protected":false},"featured_media":479546,"template":"","meta":{"_improvement_type_select":"improve_an_existing","_thumb_yes_seoaic":false,"_frame_yes_seoaic":false,"seoaic_generate_description":"","seoaic_improve_instructions_prompt":"","seoaic_rollback_content_improvement":"","seoaic_idea_thumbnail_generator":"","thumbnail_generated":false,"thumbnail_generate_prompt":"","seoaic_article_description":"","product-afmeting-lengte-mm":"56","product-afmeting-breedte-mm":"56","product-afmeting-hoogte-mm":"56"},"product_brand":[],"product_cat":[1235,1211,2558],"product_tag":[],"class_list":{"0":"post-479946","1":"product","2":"type-product","3":"status-publish","4":"has-post-thumbnail","6":"product_cat-qiyi-de","7":"product_cat-speedcube-de","8":"product_cat-aanbieding-de","9":"pa_merken-qiyi-de","11":"first","12":"instock","13":"sale","14":"taxable","15":"shipping-taxable","16":"purchasable","17":"product-type-simple"},"df_price":34.99,"df_sale_price":34.99,"df_regular_price":49.99,"df_image_link":"https:\/\/www.speedcube.nl\/wp-content\/uploads\/2024\/07\/Productvisuals_Speedcubes-QiYi-Tornado-V3-Pioneer-Firefly-Limited-Edition--285x300.jpg","_links":{"self":[{"href":"https:\/\/www.speedcube.nl\/de\/wp-json\/wp\/v2\/product\/479946","targetHints":{"allow":["GET"]}}],"collection":[{"href":"https:\/\/www.speedcube.nl\/de\/wp-json\/wp\/v2\/product"}],"about":[{"href":"https:\/\/www.speedcube.nl\/de\/wp-json\/wp\/v2\/types\/product"}],"version-history":[{"count":0,"href":"https:\/\/www.speedcube.nl\/de\/wp-json\/wp\/v2\/product\/479946\/revisions"}],"wp:featuredmedia":[{"embeddable":true,"href":"https:\/\/www.speedcube.nl\/de\/wp-json\/wp\/v2\/media\/479546"}],"wp:attachment":[{"href":"https:\/\/www.speedcube.nl\/de\/wp-json\/wp\/v2\/media?parent=479946"}],"wp:term":[{"taxonomy":"product_brand","embeddable":true,"href":"https:\/\/www.speedcube.nl\/de\/wp-json\/wp\/v2\/product_brand?post=479946"},{"taxonomy":"product_cat","embeddable":true,"href":"https:\/\/www.speedcube.nl\/de\/wp-json\/wp\/v2\/product_cat?post=479946"},{"taxonomy":"product_tag","embeddable":true,"href":"https:\/\/www.speedcube.nl\/de\/wp-json\/wp\/v2\/product_tag?post=479946"}],"curies":[{"name":"wp","href":"https:\/\/api.w.org\/{rel}","templated":true}]}}