{"id":479944,"date":"2024-07-31T21:10:44","date_gmt":"2024-07-31T19:10:44","guid":{"rendered":"https:\/\/www.speedcube.nl\/?post_type=product&#038;p=479944"},"modified":"2026-04-28T05:01:21","modified_gmt":"2026-04-28T03:01:21","slug":"gan-14-maglev-pro-aurora-limitierte-auflage","status":"publish","type":"product","link":"https:\/\/www.speedcube.nl\/de\/aanbieding-de\/gan-14-maglev-pro-aurora-limitierte-auflage\/","title":{"rendered":"GAN 14 Maglev Pro Aurora Limitierte Auflage"},"content":{"rendered":"<p data-pm-slice=\"1 1 []\">Der GAN 14 Maglev Pro Aurora Limited Edition ist ein Speed Cube, der in den brillanten Farben des Nordlichts leuchtet. Als wahrer Tanz der Aurora Borealis verk\u00f6rpert diese limitierte Auflage nicht nur Pr\u00e4zision und Geschwindigkeit, sondern auch ein \u00e4sthetisches Meisterwerk, das jeden W\u00fcrfelliebhaber zum Tr\u00e4umen bringt. Das L\u00f6sen dieses W\u00fcrfels erfrischt den Geist mit jeder Drehung, w\u00e4hrend die leuchtenden Farben des Speed Cube ein visuelles Vergn\u00fcgen sind. Mit der Weltrekordzeit von 4,48 Sekunden, gehalten von Yiheng Wang, ist die GAN 14 Maglev Pro Aurora Limited Edition nicht nur eine Augenweide, sondern auch das ultimative Werkzeug f\u00fcr Leistung. Die sch\u00f6nen Details des W\u00fcrfels, wie z.B. sein einzigartiger Magnetkern und die sorgf\u00e4ltig entworfenen Eckst\u00fccke, sorgen f\u00fcr ein unvergleichliches Spinnerlebnis. Eingebaute magnetische Ringe und langlebige Konstruktionsmaterialien garantieren ein reibungsloses und schnelles Spiel. Die Magnetschwebetechnologie dieses Modells macht es zu einer revolution\u00e4ren Wahl in der Welt des Speedcubing. Die internen Magnete sorgen f\u00fcr nahtlose Rotationen, reduzieren die Reibung und bieten optimale Stabilit\u00e4t bei hohen Geschwindigkeiten. Jede Drehung der GAN 14 Maglev Pro Aurora Limited Edition f\u00fchlt sich an wie eine ausgekl\u00fcgelte Choreographie, die Pr\u00e4zision, Geschwindigkeit und \u00c4sthetik vereint. Die Aurora Limited Edition wird in einer wundersch\u00f6n gestalteten GAN Box v11 geliefert, die diesem exzellenten Speed Cube Schutz bietet und ihm Stil verleiht. Die umfangreiche Konfigurationsliste der GAN 14 Maglev Pro Aurora Limited Edition sorgt f\u00fcr ein komplettes Erlebnis f\u00fcr jeden Speedcruiser. Mit viel Liebe zum Detail und hochwertigen Materialien sorgt dieses hervorragende Set daf\u00fcr, dass jede Bewegung des Speedcube so reibungslos wie m\u00f6glich verl\u00e4uft. Mit der Aurora Limited Edition f\u00fchlen Sie sich eins mit dem Tanz der Nordlichter, w\u00e4hrend Sie die Kunstst\u00fccke vollbringen, die Sie schon immer anstrebten!<\/p>\n<p>  Hauptmerkmale: + Verbesserte Kernpositionierung 4.0 + 6 Magneteinstellungen + Verbesserte Kernpositionierung 4.0 + Automatische Ausrichtung 15-40 Grad + 88 werkseitig installierte Magnete + 12 Winkel-\/Kantenmagneteinstellungen + GES V3 Spannung + Anti-Pop-Mechanismus + 1.296 Einstellm\u00f6glichkeiten  &nbsp;<\/p>\n<p>&nbsp;<\/p>\n","protected":false},"excerpt":{"rendered":"<p>GAN<\/p>\n","protected":false},"featured_media":479513,"template":"","meta":{"_improvement_type_select":"improve_an_existing","_thumb_yes_seoaic":false,"_frame_yes_seoaic":false,"seoaic_generate_description":"","seoaic_improve_instructions_prompt":"","seoaic_rollback_content_improvement":"","seoaic_idea_thumbnail_generator":"","thumbnail_generated":false,"thumbnail_generate_prompt":"","seoaic_article_description":"","product-afmeting-lengte-mm":"56","product-afmeting-breedte-mm":"56","product-afmeting-hoogte-mm":"56"},"product_brand":[],"product_cat":[1270,1211,2558],"product_tag":[],"class_list":{"0":"post-479944","1":"product","2":"type-product","3":"status-publish","4":"has-post-thumbnail","6":"product_cat-gan-de","7":"product_cat-speedcube-de","8":"product_cat-aanbieding-de","9":"pa_merken-gan-de","11":"first","12":"instock","13":"sale","14":"taxable","15":"shipping-taxable","16":"purchasable","17":"product-type-simple"},"df_price":81.19,"df_sale_price":81.19,"df_regular_price":115.99,"df_image_link":"https:\/\/www.speedcube.nl\/wp-content\/uploads\/2024\/07\/Productvisuals_Speedcubes-GAN-14-Maglev-Pro-Aurora-Limited-Edition--285x300.jpg","_links":{"self":[{"href":"https:\/\/www.speedcube.nl\/de\/wp-json\/wp\/v2\/product\/479944","targetHints":{"allow":["GET"]}}],"collection":[{"href":"https:\/\/www.speedcube.nl\/de\/wp-json\/wp\/v2\/product"}],"about":[{"href":"https:\/\/www.speedcube.nl\/de\/wp-json\/wp\/v2\/types\/product"}],"version-history":[{"count":0,"href":"https:\/\/www.speedcube.nl\/de\/wp-json\/wp\/v2\/product\/479944\/revisions"}],"wp:featuredmedia":[{"embeddable":true,"href":"https:\/\/www.speedcube.nl\/de\/wp-json\/wp\/v2\/media\/479513"}],"wp:attachment":[{"href":"https:\/\/www.speedcube.nl\/de\/wp-json\/wp\/v2\/media?parent=479944"}],"wp:term":[{"taxonomy":"product_brand","embeddable":true,"href":"https:\/\/www.speedcube.nl\/de\/wp-json\/wp\/v2\/product_brand?post=479944"},{"taxonomy":"product_cat","embeddable":true,"href":"https:\/\/www.speedcube.nl\/de\/wp-json\/wp\/v2\/product_cat?post=479944"},{"taxonomy":"product_tag","embeddable":true,"href":"https:\/\/www.speedcube.nl\/de\/wp-json\/wp\/v2\/product_tag?post=479944"}],"curies":[{"name":"wp","href":"https:\/\/api.w.org\/{rel}","templated":true}]}}