{"id":479941,"date":"2024-07-31T21:11:45","date_gmt":"2024-07-31T19:11:45","guid":{"rendered":"https:\/\/www.speedcube.nl\/?post_type=product&#038;p=479941"},"modified":"2026-05-12T05:01:56","modified_gmt":"2026-05-12T03:01:56","slug":"yuxin-12-achsen-fusball-megaminx","status":"publish","type":"product","link":"https:\/\/www.speedcube.nl\/de\/speedcube-de\/megaminx-de\/yuxin-12-achsen-fusball-megaminx\/","title":{"rendered":"YuXin 12-Achsen Fu\u00dfball Megaminx"},"content":{"rendered":"<p data-pm-slice=\"1 1 []\">Der YuXin 12-Axis Soccer Megaminx ist ein revolution\u00e4rer Speed Cube mit einer einzigartigen Fu\u00dfballform und nicht weniger als 32 Seiten. Diese Innovation beweist, dass die M\u00f6glichkeiten von W\u00fcrfeln nie enden. Mit einem inneren Schlagkreis von 90 mm und noch nie dagewesenen 20 Farben in einem einfarbigen Blockdesign bietet diese Megaminx ein visuelles Spektakel. Das superglatte Finish wird durch die Verwendung ausgew\u00e4hlter Farben von Masterbatch-Partikeln in einem hochgl\u00e4nzenden Design erreicht. Dank der gekr\u00fcmmten Schnitte werden die \u00d6ffnungen im W\u00fcrfel verkleinert, was zu einem sanfteren Drehverhalten f\u00fchrt. Der YuXin 12-Axis Soccer Megaminx ist mit einer robusten, professionellen Struktur und starken Gelenken ausgestattet. Die prismatische Zapfenverbindung und die Anti-Fly-Rippen sorgen f\u00fcr eine stabile und solide Konstruktion. Mit seinem einzigartigen 12-Achsen-Design fungiert dieser W\u00fcrfel als Mikrokosmos, wobei die Achsen das Herz bilden, das den Rest des W\u00fcrfels in perfekter Harmonie rotieren l\u00e4sst. Dank des Markenschutzes von YuXin genie\u00dfen Sie ein zuverl\u00e4ssiges und hochwertiges Speedcube-Erlebnis.<\/p>\n","protected":false},"excerpt":{"rendered":"<p>YUXIN<\/p>\n","protected":false},"featured_media":479422,"template":"","meta":{"_improvement_type_select":"improve_an_existing","_thumb_yes_seoaic":false,"_frame_yes_seoaic":false,"seoaic_generate_description":"","seoaic_improve_instructions_prompt":"","seoaic_rollback_content_improvement":"","seoaic_idea_thumbnail_generator":"","thumbnail_generated":false,"thumbnail_generate_prompt":"","seoaic_article_description":"","product-afmeting-lengte-mm":"90","product-afmeting-breedte-mm":"90","product-afmeting-hoogte-mm":"90"},"product_brand":[],"product_cat":[1378,1377,1211],"product_tag":[],"class_list":{"0":"post-479941","1":"product","2":"type-product","3":"status-publish","4":"has-post-thumbnail","6":"product_cat-megaminx-de","7":"product_cat-yuxin-de","8":"product_cat-speedcube-de","9":"pa_merken-yuxin-de","11":"first","12":"instock","13":"taxable","14":"shipping-taxable","15":"purchasable","16":"product-type-simple"},"df_price":30.99,"df_sale_price":"","df_regular_price":30.99,"df_image_link":"https:\/\/www.speedcube.nl\/wp-content\/uploads\/2024\/07\/Productvisuals_Speedcubes-YuXin-12-Axis-Soccer-Megaminx--285x300.jpg","_links":{"self":[{"href":"https:\/\/www.speedcube.nl\/de\/wp-json\/wp\/v2\/product\/479941","targetHints":{"allow":["GET"]}}],"collection":[{"href":"https:\/\/www.speedcube.nl\/de\/wp-json\/wp\/v2\/product"}],"about":[{"href":"https:\/\/www.speedcube.nl\/de\/wp-json\/wp\/v2\/types\/product"}],"version-history":[{"count":0,"href":"https:\/\/www.speedcube.nl\/de\/wp-json\/wp\/v2\/product\/479941\/revisions"}],"wp:featuredmedia":[{"embeddable":true,"href":"https:\/\/www.speedcube.nl\/de\/wp-json\/wp\/v2\/media\/479422"}],"wp:attachment":[{"href":"https:\/\/www.speedcube.nl\/de\/wp-json\/wp\/v2\/media?parent=479941"}],"wp:term":[{"taxonomy":"product_brand","embeddable":true,"href":"https:\/\/www.speedcube.nl\/de\/wp-json\/wp\/v2\/product_brand?post=479941"},{"taxonomy":"product_cat","embeddable":true,"href":"https:\/\/www.speedcube.nl\/de\/wp-json\/wp\/v2\/product_cat?post=479941"},{"taxonomy":"product_tag","embeddable":true,"href":"https:\/\/www.speedcube.nl\/de\/wp-json\/wp\/v2\/product_tag?post=479941"}],"curies":[{"name":"wp","href":"https:\/\/api.w.org\/{rel}","templated":true}]}}