{"id":479938,"date":"2024-07-31T21:08:59","date_gmt":"2024-07-31T19:08:59","guid":{"rendered":"https:\/\/www.speedcube.nl\/?post_type=product&#038;p=479938"},"modified":"2026-05-05T05:11:57","modified_gmt":"2026-05-05T03:11:57","slug":"qiyi-11x11","status":"publish","type":"product","link":"https:\/\/www.speedcube.nl\/de\/speedcube-de\/11x11-de\/qiyi-11x11\/","title":{"rendered":"QiYi 11&#215;11"},"content":{"rendered":"<p data-pm-slice=\"1 1 []\">Der Qiyi 11&#215;11 Speed Cube ist nicht einfach ein weiterer W\u00fcrfel, sondern ein revolution\u00e4res Puzzle, das Ihnen eine ganz neue Herausforderung bietet. Dieser raffinierte W\u00fcrfel \u00f6ffnet die T\u00fcr zu einer Welt voller Kreativit\u00e4t und Spa\u00df, perfekt f\u00fcr Wort- und Bilderr\u00e4tsler! Jeder kleine W\u00fcrfel des 11&#215;11-W\u00fcrfels fungiert als &#8222;Pixelpunkt&#8220;. Je h\u00f6her die Anzahl der Teile des W\u00fcrfels, desto mehr &#8222;Pixelpunkte&#8220; haben Sie. Dadurch ist es m\u00f6glich, detaillierte und komplexe W\u00f6rter oder Muster zu erstellen, was mit W\u00fcrfeln mit weniger Teilen nicht m\u00f6glich ist. Dieser W\u00fcrfel ist mit seiner lebhaften Farbpalette nicht nur optisch ansprechend, sondern auch \u00e4u\u00dferst funktionell. Das integrierte Design der Mittelst\u00fccke sorgt daf\u00fcr, dass Sie sich nie wieder mit losen Kappen herumschlagen m\u00fcssen. Das Ergebnis ist ein au\u00dfergew\u00f6hnlich stabiles und sanftes Dreherlebnis. Der Qiyi 11&#215;11 verf\u00fcgt \u00fcber ein innovatives Triple &#8222;Center + Inner Circle&#8220;-Design, das f\u00fcr beispiellose Stabilit\u00e4t sorgt. Dieses einzigartige Design bietet dreifach starken Halt und reduziert das Risiko, beim Drehen auseinanderzufallen, erheblich. So k\u00f6nnen Sie auch die komplexesten Muster und Wortr\u00e4tsel ohne Unterbrechungen mit Sicherheit und Pr\u00e4zision l\u00f6sen. Der Qiyi 11&#215;11 hat eine matte Oberfl\u00e4che, die nicht nur elegant aussieht, sondern auch sehr praktisch ist. Es ist resistent gegen Kratzer, Spiegelungen und Fingerabdr\u00fccke, so dass Ihr W\u00fcrfel auch nach unz\u00e4hligen Stunden intensiver Nutzung immer gut aussieht. Die leuchtende Farbpalette des Qiyi 11&#215;11 speedcube ist nicht nur sch\u00f6n anzusehen, sondern verbessert auch die Sichtbarkeit und Erkennung von Farben. Auf diese Weise k\u00f6nnen Sie Muster und W\u00f6rter schnell und genau lesen, was Ihre L\u00f6sungskompetenz erheblich beschleunigen kann. Die verbreiterten Au\u00dfenschichten wurden speziell f\u00fcr eine m\u00fchelose Handhabung entwickelt und sorgen daf\u00fcr, dass Sie das Qiyi 11&#215;11 mit Leichtigkeit handhaben k\u00f6nnen. Dieses Design reduziert die Gefahr des Abrutschens der Hand erheblich und gibt Ihnen die volle Kontrolle beim L\u00f6sen des W\u00fcrfels. Dies gew\u00e4hrleistet eine reibungslose und kontrollierte Handhabung auch in den schwierigsten Momenten.<\/p>\n<p><strong>Sind Sie neu im Cubing oder ein Anf\u00e4nger?<\/strong><\/p>\n<p><strong>Pops und Expolsians sind nicht von der Garantie abgedeckt.<\/strong><\/p>\n<p><strong>Seien Sie also vorsichtig, wenn Sie die ersten Kurven fahren.<\/strong><\/p>\n<p><strong>Passen Sie den W\u00fcrfel bei Bedarf fester an.<\/strong><\/p>\n<p><strong>R\u00fccksendungen werden nur f\u00fcr vollst\u00e4ndig montierte W\u00fcrfel akzeptiert.<\/strong><\/p>\n<p><strong>Es gibt 2 Arten von &#8218;Pops&#8216; beim W\u00fcrfeln:<\/strong><\/p>\n<p><strong> <\/strong><strong>-Pops &#8211; Ein einzelnes St\u00fcck (oder mehrere St\u00fccke) f\u00e4llt aus dem W\u00fcrfel.<\/strong><\/p>\n<p><strong>-Explosionen &#8211; der ganze W\u00fcrfel f\u00e4llt auseinander und Sie haben nur noch einen Haufen Scherben.<\/strong><\/p>\n<p><strong><br \/>\n<\/strong><strong>Hinweis: Dies kann bei einem brandneuen W\u00fcrfel bei Ihrer ersten L\u00f6sung passieren. Es ist immer eine gute Idee, einige langsame Drehungen zu machen und die Spannung des W\u00fcrfels zu \u00fcberpr\u00fcfen.<br \/>\n<\/strong><\/p>\n<p><strong>In jedem Fall sind Sie vielleicht ein wenig irritiert und verwirrt, wie Sie es wieder zusammensetzen sollen.  <\/strong><\/p>\n<p><strong>Wenn Ihr W\u00fcrfel explodiert ist und Sie nur noch einen Haufen Scherben haben oder ein<\/strong><strong>Wenn Ihr W\u00fcrfel geplatzt ist und ein einzelnes St\u00fcck oder ein paar St\u00fccke herausgekommen sind, lassen Sie es uns bitte wissen und wir k\u00f6nnen Ihnen ein Anleitungsvideo schicken.<\/strong><\/p>\n<p><strong>Hinweis: Sollte ein St\u00fcck brechen, ersetzen wir das St\u00fcck und nicht den ganzen W\u00fcrfel.<\/strong><\/p>\n","protected":false},"excerpt":{"rendered":"<p>QIYI<\/p>\n","protected":false},"featured_media":479204,"template":"","meta":{"_improvement_type_select":"improve_an_existing","_thumb_yes_seoaic":false,"_frame_yes_seoaic":false,"seoaic_generate_description":"","seoaic_improve_instructions_prompt":"","seoaic_rollback_content_improvement":"","seoaic_idea_thumbnail_generator":"","thumbnail_generated":false,"thumbnail_generate_prompt":"","seoaic_article_description":"","product-afmeting-lengte-mm":"88","product-afmeting-breedte-mm":"88","product-afmeting-hoogte-mm":"88"},"product_brand":[],"product_cat":[2401,1235,1211],"product_tag":[],"class_list":{"0":"post-479938","1":"product","2":"type-product","3":"status-publish","4":"has-post-thumbnail","6":"product_cat-11x11-de","7":"product_cat-qiyi-de","8":"product_cat-speedcube-de","9":"pa_merken-qiyi-de","11":"first","12":"instock","13":"taxable","14":"shipping-taxable","15":"purchasable","16":"product-type-simple"},"df_price":81.99,"df_sale_price":"","df_regular_price":81.99,"df_image_link":"https:\/\/www.speedcube.nl\/wp-content\/uploads\/2024\/07\/Productvisuals_Speedcubes-QiYi-11x11--285x300.jpg","_links":{"self":[{"href":"https:\/\/www.speedcube.nl\/de\/wp-json\/wp\/v2\/product\/479938","targetHints":{"allow":["GET"]}}],"collection":[{"href":"https:\/\/www.speedcube.nl\/de\/wp-json\/wp\/v2\/product"}],"about":[{"href":"https:\/\/www.speedcube.nl\/de\/wp-json\/wp\/v2\/types\/product"}],"version-history":[{"count":1,"href":"https:\/\/www.speedcube.nl\/de\/wp-json\/wp\/v2\/product\/479938\/revisions"}],"predecessor-version":[{"id":520761,"href":"https:\/\/www.speedcube.nl\/de\/wp-json\/wp\/v2\/product\/479938\/revisions\/520761"}],"wp:featuredmedia":[{"embeddable":true,"href":"https:\/\/www.speedcube.nl\/de\/wp-json\/wp\/v2\/media\/479204"}],"wp:attachment":[{"href":"https:\/\/www.speedcube.nl\/de\/wp-json\/wp\/v2\/media?parent=479938"}],"wp:term":[{"taxonomy":"product_brand","embeddable":true,"href":"https:\/\/www.speedcube.nl\/de\/wp-json\/wp\/v2\/product_brand?post=479938"},{"taxonomy":"product_cat","embeddable":true,"href":"https:\/\/www.speedcube.nl\/de\/wp-json\/wp\/v2\/product_cat?post=479938"},{"taxonomy":"product_tag","embeddable":true,"href":"https:\/\/www.speedcube.nl\/de\/wp-json\/wp\/v2\/product_tag?post=479938"}],"curies":[{"name":"wp","href":"https:\/\/api.w.org\/{rel}","templated":true}]}}