{"id":479935,"date":"2024-07-31T21:09:00","date_gmt":"2024-07-31T19:09:00","guid":{"rendered":"https:\/\/www.speedcube.nl\/?post_type=product&#038;p=479935"},"modified":"2026-05-02T05:01:48","modified_gmt":"2026-05-02T03:01:48","slug":"sengso-spiegel-achse-quadrat-1-wurfel","status":"publish","type":"product","link":"https:\/\/www.speedcube.nl\/de\/speedcube-de\/spiegel\/sengso-spiegel-achse-quadrat-1-wurfel\/","title":{"rendered":"Sengso Spiegel-Achse Quadrat-1 W\u00fcrfel"},"content":{"rendered":"<p data-pm-slice=\"1 1 []\">Machen Sie sich bereit f\u00fcr die ultimative Herausforderung mit dem Sengso Mirror Axis Square-1 Cube, einem Meisterwerk, das die Grenzen der Komplexit\u00e4t und der Technik sprengt. Dieser W\u00fcrfel hat ein wundersch\u00f6nes Metall-Spiegel-Finish, das sofort ins Auge sticht und jede W\u00fcrfelsammlung vervollst\u00e4ndigt. Eine der beeindruckendsten Eigenschaften des Sengso Mirror Axis Square-1 Cube ist, wie einfach er zu justieren ist. Egal, ob Sie Anf\u00e4nger oder ein echter Speed Cubeber sind, die verstellbaren Teile machen es Ihnen leicht, den W\u00fcrfel an Ihre eigenen Vorlieben anzupassen. So haben Sie immer den perfekten Widerstand und die perfekte Drehkraft. Dieser W\u00fcrfel zeichnet sich durch seine einzigartige Form aus und bietet eine sensationelle Herausforderung f\u00fcr jeden Liebhaber. Die variablen Formen machen jede Wendung unvorhersehbar und regen Ihre Probleml\u00f6sungsf\u00e4higkeiten immer wieder aufs Neue an. Au\u00dferdem werden Sie mit diesem W\u00fcrfel die Vorteile einer sanften Rotation und einer hervorragenden Spinqualit\u00e4t erleben. Dank der fortschrittlichen Schmierung und Abstimmung dreht sich dieser W\u00fcrfel reibungslos und ohne Schluckauf und sorgt so f\u00fcr ein angenehmes und frustrationsfreies Puzzle-Erlebnis. Der Sengso Mirror Axis Square-1 Cube ist leicht und liegt mit seinen abgerundeten Ecken gut in der Hand. Trotz seines komplexen Designs bietet dieser W\u00fcrfel eine erstaunlich stabile Struktur, so dass er einer intensiven Nutzung und langen Spielsitzungen standh\u00e4lt. Die N\u00e4hte und inneren Schichten des W\u00fcrfels wurden sorgf\u00e4ltig entworfen, um die Stabilit\u00e4t zu erh\u00f6hen und ein dauerhaftes, hochwertiges Erlebnis zu gew\u00e4hrleisten. Die Kombination aus innovativem Design, reibungslosen Dreheigenschaften und Anpassungsf\u00e4higkeit machen diesen W\u00fcrfel zu einem unverzichtbaren Gegenstand f\u00fcr jeden Speedcubing-Enthusiasten. Entdecken Sie den Spa\u00df eines neuen Schwierigkeitsgrades und fordern Sie sich mit dem Sengso Mirror Axis Square-1 Cube heraus. Egal, ob Sie Ihre F\u00e4higkeiten verbessern oder einfach nur ein neues, aufregendes R\u00e4tsel erleben m\u00f6chten, dieser W\u00fcrfel bietet stundenlange, herausfordernde und befriedigende Unterhaltung. Nehmen Sie die Herausforderung an und f\u00fcgen Sie diesen sch\u00f6nen W\u00fcrfel Ihrer Sammlung hinzu!<\/p>\n","protected":false},"excerpt":{"rendered":"<p>SENGSO<\/p>\n","protected":false},"featured_media":479168,"template":"","meta":{"_improvement_type_select":"improve_an_existing","_thumb_yes_seoaic":false,"_frame_yes_seoaic":false,"seoaic_generate_description":"","seoaic_improve_instructions_prompt":"","seoaic_rollback_content_improvement":"","seoaic_idea_thumbnail_generator":"","thumbnail_generated":false,"thumbnail_generate_prompt":"","seoaic_article_description":"","product-afmeting-lengte-mm":"56","product-afmeting-breedte-mm":"56","product-afmeting-hoogte-mm":"56"},"product_brand":[],"product_cat":[1229,1778,2453,1211],"product_tag":[],"class_list":{"0":"post-479935","1":"product","2":"type-product","3":"status-publish","4":"has-post-thumbnail","6":"product_cat-4x4-de","7":"product_cat-sengso-de","8":"product_cat-spiegel","9":"product_cat-speedcube-de","10":"pa_merken-sengso-de","12":"first","13":"instock","14":"taxable","15":"shipping-taxable","16":"purchasable","17":"product-type-simple"},"df_price":15.99,"df_sale_price":"","df_regular_price":15.99,"df_image_link":"https:\/\/www.speedcube.nl\/wp-content\/uploads\/2024\/07\/Productvisuals_Speedcubes-SengSo-Mirror-Axis-Square-1-Cube--285x300.jpg","_links":{"self":[{"href":"https:\/\/www.speedcube.nl\/de\/wp-json\/wp\/v2\/product\/479935","targetHints":{"allow":["GET"]}}],"collection":[{"href":"https:\/\/www.speedcube.nl\/de\/wp-json\/wp\/v2\/product"}],"about":[{"href":"https:\/\/www.speedcube.nl\/de\/wp-json\/wp\/v2\/types\/product"}],"version-history":[{"count":0,"href":"https:\/\/www.speedcube.nl\/de\/wp-json\/wp\/v2\/product\/479935\/revisions"}],"wp:featuredmedia":[{"embeddable":true,"href":"https:\/\/www.speedcube.nl\/de\/wp-json\/wp\/v2\/media\/479168"}],"wp:attachment":[{"href":"https:\/\/www.speedcube.nl\/de\/wp-json\/wp\/v2\/media?parent=479935"}],"wp:term":[{"taxonomy":"product_brand","embeddable":true,"href":"https:\/\/www.speedcube.nl\/de\/wp-json\/wp\/v2\/product_brand?post=479935"},{"taxonomy":"product_cat","embeddable":true,"href":"https:\/\/www.speedcube.nl\/de\/wp-json\/wp\/v2\/product_cat?post=479935"},{"taxonomy":"product_tag","embeddable":true,"href":"https:\/\/www.speedcube.nl\/de\/wp-json\/wp\/v2\/product_tag?post=479935"}],"curies":[{"name":"wp","href":"https:\/\/api.w.org\/{rel}","templated":true}]}}