{"id":479931,"date":"2024-07-31T21:09:01","date_gmt":"2024-07-31T19:09:01","guid":{"rendered":"https:\/\/www.speedcube.nl\/?post_type=product&#038;p=479931"},"modified":"2026-05-05T05:12:12","modified_gmt":"2026-05-05T03:12:12","slug":"sengso-spiegel-4x4-zauberwurfel","status":"publish","type":"product","link":"https:\/\/www.speedcube.nl\/de\/speedcube-de\/spiegel\/sengso-spiegel-4x4-zauberwurfel\/","title":{"rendered":"SengSo Spiegel 4&#215;4 Zauberw\u00fcrfel"},"content":{"rendered":"<p data-pm-slice=\"1 1 []\">Der wundersch\u00f6ne Sengso Mirror 4&#215;4 Magic zeichnet sich durch seine sch\u00f6ne Farbe aus, die sofort ins Auge sticht und eine stilvolle Erg\u00e4nzung Ihrer Sammlung darstellt. Einer der gr\u00f6\u00dften Vorteile des Sengso Mirror 4&#215;4 Magic ist, dass er sich leicht anpassen l\u00e4sst. Egal, ob Sie ein Anf\u00e4nger oder ein erfahrener Speedcuber sind, Sie k\u00f6nnen die Einstellungen an Ihre Vorlieben anpassen, um ein optimales Erlebnis zu haben. Die sanfte Drehung von Mirror 4&#215;4 Magic macht jede Drehung zu einem Vergn\u00fcgen. Sie werden erstaunt sein, wie reibungslos und m\u00fchelos die Teile an ihren Platz fallen. In Kombination mit seinem runden und leichten Design ist es ein Vergn\u00fcgen, lange damit zu spielen, ohne zu erm\u00fcden. Und nicht zuletzt macht die stabile Struktur dieses W\u00fcrfels ihn robust und langlebig. Es kann die Intensit\u00e4t Ihrer schnellsten Bewegungen aushalten, ohne seine Integrit\u00e4t zu beeintr\u00e4chtigen.<\/p>\n","protected":false},"excerpt":{"rendered":"<p>SENGSO<\/p>\n","protected":false},"featured_media":479139,"template":"","meta":{"_improvement_type_select":"improve_an_existing","_thumb_yes_seoaic":false,"_frame_yes_seoaic":false,"seoaic_generate_description":"","seoaic_improve_instructions_prompt":"","seoaic_rollback_content_improvement":"","seoaic_idea_thumbnail_generator":"","thumbnail_generated":false,"thumbnail_generate_prompt":"","seoaic_article_description":"","product-afmeting-lengte-mm":"68","product-afmeting-breedte-mm":"68","product-afmeting-hoogte-mm":"68"},"product_brand":[],"product_cat":[1229,1778,2453,1211],"product_tag":[],"class_list":{"0":"post-479931","1":"product","2":"type-product","3":"status-publish","4":"has-post-thumbnail","6":"product_cat-4x4-de","7":"product_cat-sengso-de","8":"product_cat-spiegel","9":"product_cat-speedcube-de","10":"pa_merken-sengso-de","12":"first","13":"instock","14":"taxable","15":"shipping-taxable","16":"purchasable","17":"product-type-simple"},"df_price":16.99,"df_sale_price":"","df_regular_price":16.99,"df_image_link":"https:\/\/www.speedcube.nl\/wp-content\/uploads\/2024\/07\/Productvisuals_Speedcubes-SengSo-Mirror-4x4-Magic-Cube--285x300.jpg","_links":{"self":[{"href":"https:\/\/www.speedcube.nl\/de\/wp-json\/wp\/v2\/product\/479931","targetHints":{"allow":["GET"]}}],"collection":[{"href":"https:\/\/www.speedcube.nl\/de\/wp-json\/wp\/v2\/product"}],"about":[{"href":"https:\/\/www.speedcube.nl\/de\/wp-json\/wp\/v2\/types\/product"}],"version-history":[{"count":0,"href":"https:\/\/www.speedcube.nl\/de\/wp-json\/wp\/v2\/product\/479931\/revisions"}],"wp:featuredmedia":[{"embeddable":true,"href":"https:\/\/www.speedcube.nl\/de\/wp-json\/wp\/v2\/media\/479139"}],"wp:attachment":[{"href":"https:\/\/www.speedcube.nl\/de\/wp-json\/wp\/v2\/media?parent=479931"}],"wp:term":[{"taxonomy":"product_brand","embeddable":true,"href":"https:\/\/www.speedcube.nl\/de\/wp-json\/wp\/v2\/product_brand?post=479931"},{"taxonomy":"product_cat","embeddable":true,"href":"https:\/\/www.speedcube.nl\/de\/wp-json\/wp\/v2\/product_cat?post=479931"},{"taxonomy":"product_tag","embeddable":true,"href":"https:\/\/www.speedcube.nl\/de\/wp-json\/wp\/v2\/product_tag?post=479931"}],"curies":[{"name":"wp","href":"https:\/\/api.w.org\/{rel}","templated":true}]}}