{"id":479927,"date":"2024-07-31T21:08:06","date_gmt":"2024-07-31T19:08:06","guid":{"rendered":"https:\/\/www.speedcube.nl\/?post_type=product&#038;p=479927"},"modified":"2026-05-02T05:01:46","modified_gmt":"2026-05-02T03:01:46","slug":"yuxin-interstellar-megaminx-star-navi","status":"publish","type":"product","link":"https:\/\/www.speedcube.nl\/de\/speedcube-de\/megaminx-de\/yuxin-interstellar-megaminx-star-navi\/","title":{"rendered":"Yuxin Interstellar Megaminx &#8211; Star Navi"},"content":{"rendered":"<p data-pm-slice=\"1 1 []\">Lernen Sie das Yuxin Interstellar Megaminx Space Navi kennen, das neueste Schmuckst\u00fcck der Interstellar-Serie. In der Form eines Nordsternkompasses bietet diese einzigartige Megaminx eine Balance aus \u00c4sthetik und Leistung, die Ihr Herz erobern wird. Das Yuxin Interstellar Megaminx Space Navi verf\u00fcgt \u00fcber eine einstellbare Elastizit\u00e4t, mit der Sie die Spannung an Ihre pers\u00f6nlichen Vorlieben anpassen k\u00f6nnen. Dies gew\u00e4hrleistet optimale Wendigkeit und Geschwindigkeit, wo immer Sie auch sind. Die geometrischen Rillen auf der Oberfl\u00e4che verbessern die Griffigkeit, so dass sich jede Bewegung pr\u00e4zise und fl\u00fcssig anf\u00fchlt. Das Besondere am Space Navi sind die einfarbigen Formteile, die dem Design einen eleganten und modernen Look verleihen. Dieser Megaminx hat eine schnelle Struktur, die blitzschnelle L\u00f6sungen erm\u00f6glicht, w\u00e4hrend der W\u00fcrfel dank seines F\u00fcnf-Sterne-Tunks und der soliden Splei\u00dfung robust und langlebig bleibt. Das Yuxin Interstellar Megaminx Space Navi wurde bis ins kleinste Detail durchdacht und verf\u00fcgt \u00fcber eine professionelle Strukturabdeckung im Zentrum, die seine Stabilit\u00e4t und Haltbarkeit erh\u00f6ht. So k\u00f6nnen Sie immer wieder ein m\u00fcheloses und angenehmes Erlebnis genie\u00dfen, ohne sich Gedanken \u00fcber Verschlei\u00df oder Defekte machen zu m\u00fcssen.<\/p>\n","protected":false},"excerpt":{"rendered":"<p>YUXIN<\/p>\n","protected":false},"featured_media":479116,"template":"","meta":{"_improvement_type_select":"improve_an_existing","_thumb_yes_seoaic":false,"_frame_yes_seoaic":false,"seoaic_generate_description":"","seoaic_improve_instructions_prompt":"","seoaic_rollback_content_improvement":"","seoaic_idea_thumbnail_generator":"","thumbnail_generated":false,"thumbnail_generate_prompt":"","seoaic_article_description":"","product-afmeting-lengte-mm":"115","product-afmeting-breedte-mm":"115","product-afmeting-hoogte-mm":"115"},"product_brand":[],"product_cat":[1378,1377,1211],"product_tag":[],"class_list":{"0":"post-479927","1":"product","2":"type-product","3":"status-publish","4":"has-post-thumbnail","6":"product_cat-megaminx-de","7":"product_cat-yuxin-de","8":"product_cat-speedcube-de","9":"pa_merken-yuxin-de","11":"first","12":"instock","13":"taxable","14":"shipping-taxable","15":"purchasable","16":"product-type-simple"},"df_price":33.99,"df_sale_price":"","df_regular_price":33.99,"df_image_link":"https:\/\/www.speedcube.nl\/wp-content\/uploads\/2024\/07\/Productvisuals_Speedcubes-Yuxin-Interstellar-Series-Magaminx-Star-Navi--285x300.jpg","_links":{"self":[{"href":"https:\/\/www.speedcube.nl\/de\/wp-json\/wp\/v2\/product\/479927","targetHints":{"allow":["GET"]}}],"collection":[{"href":"https:\/\/www.speedcube.nl\/de\/wp-json\/wp\/v2\/product"}],"about":[{"href":"https:\/\/www.speedcube.nl\/de\/wp-json\/wp\/v2\/types\/product"}],"version-history":[{"count":0,"href":"https:\/\/www.speedcube.nl\/de\/wp-json\/wp\/v2\/product\/479927\/revisions"}],"wp:featuredmedia":[{"embeddable":true,"href":"https:\/\/www.speedcube.nl\/de\/wp-json\/wp\/v2\/media\/479116"}],"wp:attachment":[{"href":"https:\/\/www.speedcube.nl\/de\/wp-json\/wp\/v2\/media?parent=479927"}],"wp:term":[{"taxonomy":"product_brand","embeddable":true,"href":"https:\/\/www.speedcube.nl\/de\/wp-json\/wp\/v2\/product_brand?post=479927"},{"taxonomy":"product_cat","embeddable":true,"href":"https:\/\/www.speedcube.nl\/de\/wp-json\/wp\/v2\/product_cat?post=479927"},{"taxonomy":"product_tag","embeddable":true,"href":"https:\/\/www.speedcube.nl\/de\/wp-json\/wp\/v2\/product_tag?post=479927"}],"curies":[{"name":"wp","href":"https:\/\/api.w.org\/{rel}","templated":true}]}}