{"id":477932,"date":"2024-07-09T11:23:27","date_gmt":"2024-07-09T09:23:27","guid":{"rendered":"https:\/\/www.speedcube.nl\/?post_type=product&#038;p=477932"},"modified":"2026-05-07T05:12:11","modified_gmt":"2026-05-07T03:12:11","slug":"constantin-auge-des-horus","status":"publish","type":"product","link":"https:\/\/www.speedcube.nl\/de\/knobelaufgaben\/constantin-de\/constantin-auge-des-horus\/","title":{"rendered":"Constantin Auge des Horus"},"content":{"rendered":"<p data-pm-slice=\"1 1 []\">Der urspr\u00fcngliche Name des Auges des Horus ist Das Auge des Ra, eine Anspielung auf den weiblichen Sonnengott in der alt\u00e4gyptischen Mythologie. \u00c4gypten ist bekannt f\u00fcr seine faszinierenden versteckten Kammern und komplexen Eing\u00e4nge. Bei diesem R\u00e4tsel geht es darum, die L\u00f6sung zu finden, die den oberen Deckel entriegelt und Ihnen Zugang zu dem geheimen Raum darunter verschafft. Benutzen Sie Ihr Geschick beim Kippen, Drehen und Sch\u00fctteln und Ihren Grips, um den starken Deckel zu entfernen. Das Constatin Eye of Horus ist aus hochwertigem FSC-Holz gefertigt und bietet eine au\u00dfergew\u00f6hnliche Herausforderung f\u00fcr Liebhaber von Holzpuzzles und Knobelspielen in Schachteln.<\/p>\n","protected":false},"excerpt":{"rendered":"<p>CONSTANTIN<\/p>\n","protected":false},"featured_media":477605,"template":"","meta":{"_improvement_type_select":"improve_an_existing","_thumb_yes_seoaic":false,"_frame_yes_seoaic":false,"seoaic_generate_description":"","seoaic_improve_instructions_prompt":"","seoaic_rollback_content_improvement":"","seoaic_idea_thumbnail_generator":"","thumbnail_generated":false,"thumbnail_generate_prompt":"","seoaic_article_description":"","product-afmeting-lengte-mm":"150","product-afmeting-breedte-mm":"58","product-afmeting-hoogte-mm":"50"},"product_brand":[],"product_cat":[1240,2517,1795,1227,1233],"product_tag":[],"class_list":{"0":"post-477932","1":"product","2":"type-product","3":"status-publish","4":"has-post-thumbnail","6":"product_cat-4-sterne-schwierig","7":"product_cat-constantin-de","8":"product_cat-holzerne-knobelaufgaben","9":"product_cat-knobelaufgaben","10":"product_cat-knobelaufgaben-fur-erwachsene","11":"pa_merken-constantin-de","13":"first","14":"instock","15":"taxable","16":"shipping-taxable","17":"purchasable","18":"product-type-simple"},"df_price":19.95,"df_sale_price":"","df_regular_price":19.95,"df_image_link":"https:\/\/www.speedcube.nl\/wp-content\/uploads\/2024\/07\/Productvisuals_Breinbrekers-Constantin-Eye-of-Horus--285x300.jpg","_links":{"self":[{"href":"https:\/\/www.speedcube.nl\/de\/wp-json\/wp\/v2\/product\/477932","targetHints":{"allow":["GET"]}}],"collection":[{"href":"https:\/\/www.speedcube.nl\/de\/wp-json\/wp\/v2\/product"}],"about":[{"href":"https:\/\/www.speedcube.nl\/de\/wp-json\/wp\/v2\/types\/product"}],"version-history":[{"count":0,"href":"https:\/\/www.speedcube.nl\/de\/wp-json\/wp\/v2\/product\/477932\/revisions"}],"wp:featuredmedia":[{"embeddable":true,"href":"https:\/\/www.speedcube.nl\/de\/wp-json\/wp\/v2\/media\/477605"}],"wp:attachment":[{"href":"https:\/\/www.speedcube.nl\/de\/wp-json\/wp\/v2\/media?parent=477932"}],"wp:term":[{"taxonomy":"product_brand","embeddable":true,"href":"https:\/\/www.speedcube.nl\/de\/wp-json\/wp\/v2\/product_brand?post=477932"},{"taxonomy":"product_cat","embeddable":true,"href":"https:\/\/www.speedcube.nl\/de\/wp-json\/wp\/v2\/product_cat?post=477932"},{"taxonomy":"product_tag","embeddable":true,"href":"https:\/\/www.speedcube.nl\/de\/wp-json\/wp\/v2\/product_tag?post=477932"}],"curies":[{"name":"wp","href":"https:\/\/api.w.org\/{rel}","templated":true}]}}