{"id":477929,"date":"2024-07-09T11:23:38","date_gmt":"2024-07-09T09:23:38","guid":{"rendered":"https:\/\/www.speedcube.nl\/?post_type=product&#038;p=477929"},"modified":"2026-05-05T05:11:04","modified_gmt":"2026-05-05T03:11:04","slug":"constantin-jcs-schloss","status":"publish","type":"product","link":"https:\/\/www.speedcube.nl\/de\/aanbieding-de\/constantin-jcs-schloss\/","title":{"rendered":"Constantin JC&#8217;s Schloss"},"content":{"rendered":"<p data-pm-slice=\"1 1 []\">Entschl\u00fcsseln Sie das Geheimnis von JCs Schloss! Lassen Sie sich von dem meisterhaften Design des renommierten Puzzlemachers Jean Claude Constantin \u00fcberraschen. F\u00fcr dieses Holzschloss braucht man keinen Schl\u00fcssel, sondern nur einen scharfen und erfinderischen Verstand, um das clevere Labyrinth zu durchdringen. Wenn es Ihnen gelingt, das Schloss zu \u00f6ffnen, haben Sie ein wahres Meisterwerk vollbracht. Dieses faszinierende Puzzle-Schloss aus hochwertigem FSC-zertifiziertem Holz ist unverzichtbar f\u00fcr jeden R\u00e4tselliebhaber.<\/p>\n","protected":false},"excerpt":{"rendered":"<p>CONSTANTIN<\/p>\n","protected":false},"featured_media":477590,"template":"","meta":{"_improvement_type_select":"improve_an_existing","_thumb_yes_seoaic":false,"_frame_yes_seoaic":false,"seoaic_generate_description":"","seoaic_improve_instructions_prompt":"","seoaic_rollback_content_improvement":"","seoaic_idea_thumbnail_generator":"","thumbnail_generated":false,"thumbnail_generate_prompt":"","seoaic_article_description":"","product-afmeting-lengte-mm":"164","product-afmeting-breedte-mm":"113","product-afmeting-hoogte-mm":"23"},"product_brand":[],"product_cat":[2517,1227,2558],"product_tag":[],"class_list":{"0":"post-477929","1":"product","2":"type-product","3":"status-publish","4":"has-post-thumbnail","6":"product_cat-constantin-de","7":"product_cat-knobelaufgaben","8":"product_cat-aanbieding-de","9":"pa_merken-constantin-de","11":"first","12":"instock","13":"sale","14":"taxable","15":"shipping-taxable","16":"purchasable","17":"product-type-simple"},"df_price":13.965,"df_sale_price":13.965,"df_regular_price":19.95,"df_image_link":"https:\/\/www.speedcube.nl\/wp-content\/uploads\/2024\/07\/Productvisuals_Breinbrekers-Constantin-JCs-Lock--285x300.jpg","_links":{"self":[{"href":"https:\/\/www.speedcube.nl\/de\/wp-json\/wp\/v2\/product\/477929","targetHints":{"allow":["GET"]}}],"collection":[{"href":"https:\/\/www.speedcube.nl\/de\/wp-json\/wp\/v2\/product"}],"about":[{"href":"https:\/\/www.speedcube.nl\/de\/wp-json\/wp\/v2\/types\/product"}],"version-history":[{"count":0,"href":"https:\/\/www.speedcube.nl\/de\/wp-json\/wp\/v2\/product\/477929\/revisions"}],"wp:featuredmedia":[{"embeddable":true,"href":"https:\/\/www.speedcube.nl\/de\/wp-json\/wp\/v2\/media\/477590"}],"wp:attachment":[{"href":"https:\/\/www.speedcube.nl\/de\/wp-json\/wp\/v2\/media?parent=477929"}],"wp:term":[{"taxonomy":"product_brand","embeddable":true,"href":"https:\/\/www.speedcube.nl\/de\/wp-json\/wp\/v2\/product_brand?post=477929"},{"taxonomy":"product_cat","embeddable":true,"href":"https:\/\/www.speedcube.nl\/de\/wp-json\/wp\/v2\/product_cat?post=477929"},{"taxonomy":"product_tag","embeddable":true,"href":"https:\/\/www.speedcube.nl\/de\/wp-json\/wp\/v2\/product_tag?post=477929"}],"curies":[{"name":"wp","href":"https:\/\/api.w.org\/{rel}","templated":true}]}}