{"id":477918,"date":"2024-07-09T11:21:12","date_gmt":"2024-07-09T09:21:12","guid":{"rendered":"https:\/\/www.speedcube.nl\/?post_type=product&#038;p=477918"},"modified":"2026-05-10T05:04:48","modified_gmt":"2026-05-10T03:04:48","slug":"schleimige-ooops-tasse","status":"publish","type":"product","link":"https:\/\/www.speedcube.nl\/de\/aanbieding-de\/schleimige-ooops-tasse\/","title":{"rendered":"Schleimige Ooops Tasse"},"content":{"rendered":"<p data-pm-slice=\"1 1 []\">Entdecken Sie die urkomische Welt von Slimy Ooops, dem Schleimigen, der immer f\u00fcr einen Lacher gut ist! Wissen Sie, was das Tolle an diesem Schleim ist? Sie k\u00f6nnen damit die unglaublichsten dreckigen Sounds machen. Dr\u00fccken, quetschen und ziehen Sie den Slimy Ooops und h\u00f6ren Sie diese unerwarteten &#8222;OEPS&#8220;-Ger\u00e4usche &#8211; perfekt f\u00fcr komische Momente oder um Ihre Freunde zu \u00fcberraschen! Die verf\u00fcgbaren Farben k\u00f6nnen variieren und es ist eine \u00dcberraschung, welche Farbe Sie erhalten.<\/p>\n<p>Schleim ist bei Kindern sehr beliebt und hat auch einen besonderen p\u00e4dagogischen Wert. Durch Ber\u00fchren, Kneten und Verteilen des Schleims werden die sensorischen und motorischen F\u00e4higkeiten geschult. Lassen Sie Ihrer Fantasie freien Lauf! Die Produktsicherheit ist f\u00fcr uns besonders wichtig. Die Original-SLIMY\u00ae-Produkte basieren auf nat\u00fcrlichen und sehr hochwertigen Inhaltsstoffen. Patentiertes Konservierungsverfahren ohne Parabene oder andere sch\u00e4dliche Stoffe, Konservierungsmittel und 100% glutenfrei. Das Original SLIMY\u00ae erf\u00fcllt die strengsten internationalen Qualit\u00e4ts- und Sicherheitsstandards.<\/p>\n<p><em>Merkmale:<\/em><br \/>\n+ Gewicht: 80 Gramm<br \/>\n+ Spa\u00df f\u00fcr Kinder ab 3 Jahren<\/p>\n","protected":false},"excerpt":{"rendered":"<p>SLIMY<\/p>\n","protected":false},"featured_media":476626,"template":"","meta":{"_improvement_type_select":"improve_an_existing","_thumb_yes_seoaic":false,"_frame_yes_seoaic":false,"seoaic_generate_description":"","seoaic_improve_instructions_prompt":"","seoaic_rollback_content_improvement":"","seoaic_idea_thumbnail_generator":"","thumbnail_generated":false,"thumbnail_generate_prompt":"","seoaic_article_description":"","product-afmeting-lengte-mm":"77","product-afmeting-breedte-mm":"63","product-afmeting-hoogte-mm":"63"},"product_brand":[],"product_cat":[1552,2558,1752],"product_tag":[],"class_list":{"0":"post-477918","1":"product","2":"type-product","3":"status-publish","4":"has-post-thumbnail","6":"product_cat-kitt","7":"product_cat-aanbieding-de","8":"product_cat-schleimig","9":"pa_merken-slimy-de","11":"first","12":"instock","13":"sale","14":"taxable","15":"shipping-taxable","16":"purchasable","17":"product-type-simple"},"df_price":2.39,"df_sale_price":2.39,"df_regular_price":3.99,"df_image_link":"https:\/\/www.speedcube.nl\/wp-content\/uploads\/2024\/06\/Productvisuals_putty-Slimy-Ooops-Beker--285x300.jpg","_links":{"self":[{"href":"https:\/\/www.speedcube.nl\/de\/wp-json\/wp\/v2\/product\/477918","targetHints":{"allow":["GET"]}}],"collection":[{"href":"https:\/\/www.speedcube.nl\/de\/wp-json\/wp\/v2\/product"}],"about":[{"href":"https:\/\/www.speedcube.nl\/de\/wp-json\/wp\/v2\/types\/product"}],"version-history":[{"count":0,"href":"https:\/\/www.speedcube.nl\/de\/wp-json\/wp\/v2\/product\/477918\/revisions"}],"wp:featuredmedia":[{"embeddable":true,"href":"https:\/\/www.speedcube.nl\/de\/wp-json\/wp\/v2\/media\/476626"}],"wp:attachment":[{"href":"https:\/\/www.speedcube.nl\/de\/wp-json\/wp\/v2\/media?parent=477918"}],"wp:term":[{"taxonomy":"product_brand","embeddable":true,"href":"https:\/\/www.speedcube.nl\/de\/wp-json\/wp\/v2\/product_brand?post=477918"},{"taxonomy":"product_cat","embeddable":true,"href":"https:\/\/www.speedcube.nl\/de\/wp-json\/wp\/v2\/product_cat?post=477918"},{"taxonomy":"product_tag","embeddable":true,"href":"https:\/\/www.speedcube.nl\/de\/wp-json\/wp\/v2\/product_tag?post=477918"}],"curies":[{"name":"wp","href":"https:\/\/api.w.org\/{rel}","templated":true}]}}