{"id":477426,"date":"2024-07-05T08:47:38","date_gmt":"2024-07-05T06:47:38","guid":{"rendered":"https:\/\/www.speedcube.nl\/?post_type=product&#038;p=477426"},"modified":"2026-04-28T05:00:32","modified_gmt":"2026-04-28T03:00:32","slug":"ugears-harry-potter-goldener-hai","status":"publish","type":"product","link":"https:\/\/www.speedcube.nl\/de\/ugears\/ugears-harry-potter-goldener-hai\/","title":{"rendered":"Ugears Harry Potter Goldener Hai"},"content":{"rendered":"<p data-pm-slice=\"1 1 []\">Der schwer fassbare Goldene Schnatz oder Goldene Snaai, das begehrte Objekt im Quidditch-Spiel aus der magischen Welt von Harry Potter, ist jetzt als Holzmodell zum Selbermachen von Ugears erh\u00e4ltlich. Bei einem Quidditch-Match schweben die Spieler in der Luft durch eine Arena und versuchen, einen Quaffel in die Ringe des Gegners zu werfen oder zu schlagen, wobei sie jedes Mal 10 Punkte erzielen. Aber das Team, dessen Sucher es schafft, die Goldene Schlinge zu fangen, erh\u00e4lt satte 150 Punkte und gewinnt das Spiel. Machen Sie sich auf die Jagd nach dieser wertvollen goldenen Belohnung und bauen und spielen Sie mit dem mechanischen Holzmodell von Ugears Harry Potter Goldener Hai!<\/p>\n<p>Das Design des Ugears Goldenen Hais ist inspiriert von den detaillierten Beschreibungen und Illustrationen aus den beliebten Harry Potter B\u00fcchern und Filmen. Dieses federbetriebene Heimwerkermodell verf\u00fcgt \u00fcber eine Zugschnur an der Spitze, die, wenn sie gezogen wird, eine interne Trommel aufzieht. Die eleganten, leichten Holzfl\u00fcgel beginnen zu flattern, wenn die Schnur losgelassen wird. Halten Sie den Schnatz in Ihrer Hand und beobachten Sie, wie er mit flatternden Fl\u00fcgeln zu entkommen versucht. Oder halten Sie den Zugring mit dem Modell darunter und staunen Sie, wenn der Schnatz nach oben fliegt, um nach Ihrer Hand zu greifen! Wenn Sie den Snitch nicht benutzen, k\u00f6nnen Sie ihn in die elegante Halterung stellen, die sich ideal f\u00fcr die Pr\u00e4sentation auf einem Tisch oder Regal eignet. Sie k\u00f6nnen das Modell auch an der \u00d6se der Kordel aufh\u00e4ngen, so dass der Snitch in der Luft zu schweben scheint. Das Modell ist mit einem ger\u00e4uschlosen Ratschensystem ausgestattet und die Federspannung kann mit einer Kurbel eingestellt werden, so dass Sie die Bewegung der Fl\u00fcgel kontrollieren k\u00f6nnen. Die Basis und der K\u00f6rper des Hais sind aus robustem, 3 mm starkem, hochwertigem Verbundholz gefertigt, w\u00e4hrend die zierlichen Fl\u00fcgel aus 1,5 mm starkem Verbundholz bestehen. Enth\u00e4lt einen Ersatzfl\u00fcgel in der Verpackung, damit Sie immer vorbereitet sind.<\/p>\n<p>Anzahl der Teile: 120<br \/>\nGesch\u00e4tzte Montagezeit: 3 Stunden<\/p>\n","protected":false},"excerpt":{"rendered":"<p>UGEARS<\/p>\n","protected":false},"featured_media":477375,"template":"","meta":{"_improvement_type_select":"improve_an_existing","_thumb_yes_seoaic":false,"_frame_yes_seoaic":false,"seoaic_generate_description":"","seoaic_improve_instructions_prompt":"","seoaic_rollback_content_improvement":"","seoaic_idea_thumbnail_generator":"","thumbnail_generated":false,"thumbnail_generate_prompt":"","seoaic_article_description":"","product-afmeting-lengte-mm":"220","product-afmeting-breedte-mm":"145","product-afmeting-hoogte-mm":"105"},"product_brand":[],"product_cat":[1499,5352,2558],"product_tag":[],"class_list":{"0":"post-477426","1":"product","2":"type-product","3":"status-publish","4":"has-post-thumbnail","6":"product_cat-modellbau","7":"product_cat-ugears","8":"product_cat-aanbieding-de","9":"pa_merken-ugears-de","11":"first","12":"instock","13":"sale","14":"taxable","15":"shipping-taxable","16":"purchasable","17":"product-type-simple"},"df_price":24.71,"df_sale_price":24.71,"df_regular_price":32.95,"df_image_link":"https:\/\/www.speedcube.nl\/wp-content\/uploads\/2024\/07\/Productvisuals_Modelbouw-Ugears-Harry-Potter-Gouden-Snaai--285x300.jpg","_links":{"self":[{"href":"https:\/\/www.speedcube.nl\/de\/wp-json\/wp\/v2\/product\/477426","targetHints":{"allow":["GET"]}}],"collection":[{"href":"https:\/\/www.speedcube.nl\/de\/wp-json\/wp\/v2\/product"}],"about":[{"href":"https:\/\/www.speedcube.nl\/de\/wp-json\/wp\/v2\/types\/product"}],"version-history":[{"count":0,"href":"https:\/\/www.speedcube.nl\/de\/wp-json\/wp\/v2\/product\/477426\/revisions"}],"wp:featuredmedia":[{"embeddable":true,"href":"https:\/\/www.speedcube.nl\/de\/wp-json\/wp\/v2\/media\/477375"}],"wp:attachment":[{"href":"https:\/\/www.speedcube.nl\/de\/wp-json\/wp\/v2\/media?parent=477426"}],"wp:term":[{"taxonomy":"product_brand","embeddable":true,"href":"https:\/\/www.speedcube.nl\/de\/wp-json\/wp\/v2\/product_brand?post=477426"},{"taxonomy":"product_cat","embeddable":true,"href":"https:\/\/www.speedcube.nl\/de\/wp-json\/wp\/v2\/product_cat?post=477426"},{"taxonomy":"product_tag","embeddable":true,"href":"https:\/\/www.speedcube.nl\/de\/wp-json\/wp\/v2\/product_tag?post=477426"}],"curies":[{"name":"wp","href":"https:\/\/api.w.org\/{rel}","templated":true}]}}