{"id":477421,"date":"2024-07-05T08:47:20","date_gmt":"2024-07-05T06:47:20","guid":{"rendered":"https:\/\/www.speedcube.nl\/?post_type=product&#038;p=477421"},"modified":"2026-04-28T05:00:32","modified_gmt":"2026-04-28T03:00:32","slug":"ugears-harry-potter-hogwarts-schloss","status":"publish","type":"product","link":"https:\/\/www.speedcube.nl\/de\/modellbau\/gebaude-de\/ugears-harry-potter-hogwarts-schloss\/","title":{"rendered":"Ugears Harry Potter Hogwarts Schloss"},"content":{"rendered":"<p data-pm-slice=\"1 1 []\">Stellen Sie sich vor, Sie sind eine frisch gebackene Hexe oder ein frisch gebackener Magier und verlassen gerade den Hogwarts-Express auf dem Bahnsteig der Hogsmeade Station, aufgeregt, weil Sie Ihr erstes Semester in Hogwarts beginnen. Ein riesiger, b\u00e4rtiger Mann befiehlt den Erstsemestern, eine Reihe zu bilden. Als Sie sich umsehen, ruft ein Mitsch\u00fcler aufgeregt: &#8222;Schauen Sie mal da dr\u00fcben &#8211; Hogwarts!&#8220; In der Ferne, hoch oben auf einem H\u00fcgel, erheben sich die beeindruckenden Steint\u00fcrme und T\u00fcrmchen von Schloss Hogwarts. Es ist genau so, wie Sie es sich vorgestellt haben, eine Mischung aus Tr\u00e4umen und \u00c4ngsten. Sie schlucken nerv\u00f6s, als Sie einen Drachen am Hauptturm h\u00e4ngen sehen &#8211; ist es das Haustier von jemandem oder ein Bote von Er-der-nicht-genannt-wird? Dieses Jahr verspricht, au\u00dfergew\u00f6hnlich zu werden!<\/p>\n<p>Das Ugears Harry Potter Schloss Hogwarts wird f\u00fcr Kinder ab 14 Jahren empfohlen und hat einen mittleren Schwierigkeitsgrad mit 340 Teilen und einer gesch\u00e4tzten Bauzeit von 6 Stunden. Die Teile sind aus hochwertigen Verbundholzbrettern lasergeschnitten. Der Zusammenbau ist einfach: Sie nehmen die Teile vorsichtig aus den Regalen und klicken sie gem\u00e4\u00df der detaillierten Anleitung zusammen. Sie brauchen weder Klebstoff noch Spezialwerkzeug, um die Burg zu bauen &#8211; alles, was Sie brauchen, ist in der Schachtel enthalten. Nach der Fertigstellung haben Sie ein wundersch\u00f6nes, haltbares Modell von Schloss Hogwarts, das als beeindruckendes Ausstellungsst\u00fcck dienen kann.<\/p>\n","protected":false},"excerpt":{"rendered":"<p>UGEARS<\/p>\n","protected":false},"featured_media":477306,"template":"","meta":{"_improvement_type_select":"improve_an_existing","_thumb_yes_seoaic":false,"_frame_yes_seoaic":false,"seoaic_generate_description":"","seoaic_improve_instructions_prompt":"","seoaic_rollback_content_improvement":"","seoaic_idea_thumbnail_generator":"","thumbnail_generated":false,"thumbnail_generate_prompt":"","seoaic_article_description":"","product-afmeting-lengte-mm":"369","product-afmeting-breedte-mm":"273","product-afmeting-hoogte-mm":"117"},"product_brand":[],"product_cat":[1617,1500,1724,3086,1499,1713],"product_tag":[],"class_list":{"0":"post-477421","1":"product","2":"type-product","3":"status-publish","4":"has-post-thumbnail","6":"product_cat-baukasten-aus-holz","7":"product_cat-baukasten-fur-erwachsene","8":"product_cat-film-de","9":"product_cat-gebaude-de","10":"product_cat-modellbau","11":"product_cat-ugears-modellbau","12":"pa_merken-ugears-de","14":"first","15":"instock","16":"taxable","17":"shipping-taxable","18":"purchasable","19":"product-type-simple"},"df_price":59.95,"df_sale_price":"","df_regular_price":59.95,"df_image_link":"https:\/\/www.speedcube.nl\/wp-content\/uploads\/2024\/07\/Productvisuals_Modelbouw-Ugears-Harry-Potter-Hogwarts-Kasteel--285x300.jpg","_links":{"self":[{"href":"https:\/\/www.speedcube.nl\/de\/wp-json\/wp\/v2\/product\/477421","targetHints":{"allow":["GET"]}}],"collection":[{"href":"https:\/\/www.speedcube.nl\/de\/wp-json\/wp\/v2\/product"}],"about":[{"href":"https:\/\/www.speedcube.nl\/de\/wp-json\/wp\/v2\/types\/product"}],"version-history":[{"count":0,"href":"https:\/\/www.speedcube.nl\/de\/wp-json\/wp\/v2\/product\/477421\/revisions"}],"wp:featuredmedia":[{"embeddable":true,"href":"https:\/\/www.speedcube.nl\/de\/wp-json\/wp\/v2\/media\/477306"}],"wp:attachment":[{"href":"https:\/\/www.speedcube.nl\/de\/wp-json\/wp\/v2\/media?parent=477421"}],"wp:term":[{"taxonomy":"product_brand","embeddable":true,"href":"https:\/\/www.speedcube.nl\/de\/wp-json\/wp\/v2\/product_brand?post=477421"},{"taxonomy":"product_cat","embeddable":true,"href":"https:\/\/www.speedcube.nl\/de\/wp-json\/wp\/v2\/product_cat?post=477421"},{"taxonomy":"product_tag","embeddable":true,"href":"https:\/\/www.speedcube.nl\/de\/wp-json\/wp\/v2\/product_tag?post=477421"}],"curies":[{"name":"wp","href":"https:\/\/api.w.org\/{rel}","templated":true}]}}