{"id":477244,"date":"2024-06-24T09:00:47","date_gmt":"2024-06-24T07:00:47","guid":{"rendered":"https:\/\/www.speedcube.nl\/?post_type=product&#038;p=477244"},"modified":"2026-05-01T05:04:27","modified_gmt":"2026-05-01T03:04:27","slug":"moyu-weilong-v10-ai-gyroskop-kern","status":"publish","type":"product","link":"https:\/\/www.speedcube.nl\/de\/speedcube-de\/smartcubes-de\/moyu-weilong-v10-ai-gyroskop-kern\/","title":{"rendered":"MoYu Weilong V10 AI Gyroskop Kern"},"content":{"rendered":"<p data-pm-slice=\"1 1 []\">Der Moyu Weilong v10 AI Gyroscope Core ist der ultimative W\u00fcrfel f\u00fcr Enthusiasten, die auf der Suche nach intelligenter Leistung und Renngef\u00fchl sind. Mit seinen 8 Lebensdoppelverstellungen bietet der W\u00fcrfel ein anpassungsf\u00e4higes Gef\u00fchl, das genau Ihren Bed\u00fcrfnissen entspricht. Der Gyroskopkern und das intelligente Upgrade sorgen f\u00fcr eine noch nie dagewesene mathematische Genauigkeit. Dank des 76-Magnetsystems und der wettbewerbsorientierten Konfiguration ist die Stabilit\u00e4t un\u00fcbertroffen. Mit der unterst\u00fctzenden App WCU Cube k\u00f6nnen Anf\u00e4nger durch Training und den Kampf gegen die Zeit m\u00fchelos zu Meistern werden. Der W\u00fcrfel ist mit einer globalen Konnektivit\u00e4t ausgestattet, die Mehrspieler- und Klassifizierungsk\u00e4mpfe erm\u00f6glicht. Automatische Zeitmessung und wissenschaftliche Fortschritte sorgen f\u00fcr ein noch besseres Erlebnis. Dank USB-Aufladung und einer Akkulaufzeit von 30 Stunden sowie Bluetooth-Konnektivit\u00e4t und kabelloser Synchronisierung ist eine problemlose Nutzung garantiert. Das Magnetsystem bietet eine vollst\u00e4ndige Positionierung des Kernkantenwinkels mit einer superstabilen Leistung von 76 Magneten und 8 Kernmagneten f\u00fcr einen geringen Startwiderstand. Der W\u00fcrfel verf\u00fcgt au\u00dferdem \u00fcber eine 43-Grad-Hilfsausrichtung, die die Rotation und die allgemeine Kontrolle weiter verbessert. Das Moyu Weilong v10 wird mit einer leuchtend orangefarbenen Ladebox geliefert, die f\u00fcr ein auff\u00e4lliges und praktisches Aufbewahrungssystem sorgt und f\u00fcr zus\u00e4tzlichen Stil und Haltbarkeit sorgt. Neben der Version ohne Aufkleber, die eine matte Oberfl\u00e4che hat und etwas geschmeidiger in der Hand liegt, haben wir auch die UV-Version mit einer klaren, gl\u00e4nzenden Oberfl\u00e4che, die bei l\u00e4ngerem Gebrauch nicht so leicht abf\u00e4rbt und ein dauerhaft sch\u00f6nes Aussehen gew\u00e4hrleistet. F\u00fcr welche entscheiden Sie sich?<\/p>\n<div class=\"elementor-element elementor-element-c09f0e7 elementor-widget elementor-widget-woocommerce-product-content\" data-id=\"c09f0e7\" data-element_type=\"widget\" data-widget_type=\"woocommerce-product-content.default\">\n<div class=\"elementor-widget-container\">\n<p>SPEZIFIKATIONEN;<br \/>\nDie App funktioniert mit folgenden Betriebssystemen: Android 10 oder h\u00f6her &amp; iOS 12 oder h\u00f6her<\/p>\n<p><em>Hinweis: An der Unterseite des Ladekoffers befindet sich ein Schalter mit zwei Positionen: eine D-Seite und eine C-Seite. Die D-Seite sollte nur verwendet werden, wenn der W\u00fcrfel nicht auf andere Weise aufgeladen werden kann. Die Verwendung dieses Modus kann unter normalen Umst\u00e4nden zu einer dauerhaften Besch\u00e4digung des Akkus f\u00fchren. Weitere Einzelheiten zur Verwendung der mit dem W\u00fcrfel gelieferten D-Seite finden Sie im Handbuch.<\/em><\/p>\n<\/div>\n<\/div>\n","protected":false},"excerpt":{"rendered":"<p>MOYU<\/p>\n","protected":false},"featured_media":477228,"template":"","meta":{"_improvement_type_select":"improve_an_existing","_thumb_yes_seoaic":false,"_frame_yes_seoaic":false,"seoaic_generate_description":"","seoaic_improve_instructions_prompt":"","seoaic_rollback_content_improvement":"","seoaic_idea_thumbnail_generator":"","thumbnail_generated":false,"thumbnail_generate_prompt":"","seoaic_article_description":"","product-afmeting-lengte-mm":"55","product-afmeting-breedte-mm":"55","product-afmeting-hoogte-mm":"55"},"product_brand":[],"product_cat":[1221,1332,1564,1211],"product_tag":[],"class_list":{"0":"post-477244","1":"product","2":"type-product","3":"status-publish","4":"has-post-thumbnail","6":"product_cat-3x3-de","7":"product_cat-moyu-de","8":"product_cat-smartcubes-de","9":"product_cat-speedcube-de","10":"pa_merken-moyu-de","12":"first","13":"instock","14":"taxable","15":"shipping-taxable","16":"purchasable","17":"product-type-variable"},"df_price":56.99,"df_sale_price":"","df_regular_price":56.99,"df_image_link":"https:\/\/www.speedcube.nl\/wp-content\/uploads\/2024\/06\/Productvisuals_Speedcubes-MoYu-Weilong-V10-AI-Gyroscope--285x300.jpg","_links":{"self":[{"href":"https:\/\/www.speedcube.nl\/de\/wp-json\/wp\/v2\/product\/477244","targetHints":{"allow":["GET"]}}],"collection":[{"href":"https:\/\/www.speedcube.nl\/de\/wp-json\/wp\/v2\/product"}],"about":[{"href":"https:\/\/www.speedcube.nl\/de\/wp-json\/wp\/v2\/types\/product"}],"version-history":[{"count":0,"href":"https:\/\/www.speedcube.nl\/de\/wp-json\/wp\/v2\/product\/477244\/revisions"}],"wp:featuredmedia":[{"embeddable":true,"href":"https:\/\/www.speedcube.nl\/de\/wp-json\/wp\/v2\/media\/477228"}],"wp:attachment":[{"href":"https:\/\/www.speedcube.nl\/de\/wp-json\/wp\/v2\/media?parent=477244"}],"wp:term":[{"taxonomy":"product_brand","embeddable":true,"href":"https:\/\/www.speedcube.nl\/de\/wp-json\/wp\/v2\/product_brand?post=477244"},{"taxonomy":"product_cat","embeddable":true,"href":"https:\/\/www.speedcube.nl\/de\/wp-json\/wp\/v2\/product_cat?post=477244"},{"taxonomy":"product_tag","embeddable":true,"href":"https:\/\/www.speedcube.nl\/de\/wp-json\/wp\/v2\/product_tag?post=477244"}],"curies":[{"name":"wp","href":"https:\/\/api.w.org\/{rel}","templated":true}]}}