{"id":477237,"date":"2024-06-24T09:45:17","date_gmt":"2024-06-24T07:45:17","guid":{"rendered":"https:\/\/www.speedcube.nl\/?post_type=product&#038;p=477237"},"modified":"2026-05-11T05:01:26","modified_gmt":"2026-05-11T03:01:26","slug":"diansheng-fto-magnetisch","status":"publish","type":"product","link":"https:\/\/www.speedcube.nl\/de\/speedcube-de\/besonderheiten\/diansheng-fto-magnetisch\/","title":{"rendered":"Diansheng FTO Magnetisch"},"content":{"rendered":"<p data-pm-slice=\"1 1 []\">Das Diansheng Face Turning Octahedron Magnetic ist ein unkonventionelles Puzzle, das f\u00fcr optimale Griffigkeit entworfen wurde und sich f\u00fcr Speedcubing eignet. Die Magnetkammer bietet ein besseres Gef\u00fchl f\u00fcr die Positionierung bei geringerem Widerstand, was zu einem stabilen und starken Erlebnis f\u00fchrt. Das Design mit den abgerundeten Ecken wurde optimiert, w\u00e4hrend das Upgrade mit den Schildpatt-Schmierrillen f\u00fcr doppelte Verbesserung und St\u00e4rke sorgt. Mit seiner inneren Kreisstruktur verhindert dieser Oktaeder Blockaden und macht das Drehen effizienter und reibungsloser. Sein geringes Gewicht von 87,8 g f\u00fchlt sich beim Gebrauch erfrischend an. Die Fliesenstruktur bietet eine nahtlose und dauerhafte Passform und macht sie widerstandsf\u00e4higer gegen St\u00fcrze. Das leuchtende Farbdesign ist nicht nur sch\u00f6n und cool, sondern die hochgl\u00e4nzende Oberfl\u00e4che ist auch rutschfest und resistent gegen Fingerabdr\u00fccke, so dass das Puzzle auch nach l\u00e4ngerem Gebrauch noch wie neu aussieht.<\/p>\n","protected":false},"excerpt":{"rendered":"<p>DIANSHENG<\/p>\n","protected":false},"featured_media":477098,"template":"","meta":{"_improvement_type_select":"improve_an_existing","_thumb_yes_seoaic":false,"_frame_yes_seoaic":false,"seoaic_generate_description":"","seoaic_improve_instructions_prompt":"","seoaic_rollback_content_improvement":"","seoaic_idea_thumbnail_generator":"","thumbnail_generated":false,"thumbnail_generate_prompt":"","seoaic_article_description":"","product-afmeting-lengte-mm":"55","product-afmeting-breedte-mm":"55","product-afmeting-hoogte-mm":"55"},"product_brand":[],"product_cat":[1333,1328,1211],"product_tag":[],"class_list":{"0":"post-477237","1":"product","2":"type-product","3":"status-publish","4":"has-post-thumbnail","6":"product_cat-besonderheiten","7":"product_cat-diansheng-de","8":"product_cat-speedcube-de","9":"pa_merken-diansheng-de","11":"first","12":"instock","13":"taxable","14":"shipping-taxable","15":"purchasable","16":"product-type-simple"},"df_price":19.99,"df_sale_price":"","df_regular_price":19.99,"df_image_link":"https:\/\/www.speedcube.nl\/wp-content\/uploads\/2024\/06\/Productvisuals_Speedcubes-Diansheng-FTO-Magnetic--285x300.jpg","_links":{"self":[{"href":"https:\/\/www.speedcube.nl\/de\/wp-json\/wp\/v2\/product\/477237","targetHints":{"allow":["GET"]}}],"collection":[{"href":"https:\/\/www.speedcube.nl\/de\/wp-json\/wp\/v2\/product"}],"about":[{"href":"https:\/\/www.speedcube.nl\/de\/wp-json\/wp\/v2\/types\/product"}],"version-history":[{"count":0,"href":"https:\/\/www.speedcube.nl\/de\/wp-json\/wp\/v2\/product\/477237\/revisions"}],"wp:featuredmedia":[{"embeddable":true,"href":"https:\/\/www.speedcube.nl\/de\/wp-json\/wp\/v2\/media\/477098"}],"wp:attachment":[{"href":"https:\/\/www.speedcube.nl\/de\/wp-json\/wp\/v2\/media?parent=477237"}],"wp:term":[{"taxonomy":"product_brand","embeddable":true,"href":"https:\/\/www.speedcube.nl\/de\/wp-json\/wp\/v2\/product_brand?post=477237"},{"taxonomy":"product_cat","embeddable":true,"href":"https:\/\/www.speedcube.nl\/de\/wp-json\/wp\/v2\/product_cat?post=477237"},{"taxonomy":"product_tag","embeddable":true,"href":"https:\/\/www.speedcube.nl\/de\/wp-json\/wp\/v2\/product_tag?post=477237"}],"curies":[{"name":"wp","href":"https:\/\/api.w.org\/{rel}","templated":true}]}}