{"id":477233,"date":"2024-06-24T09:30:07","date_gmt":"2024-06-24T07:30:07","guid":{"rendered":"https:\/\/www.speedcube.nl\/?post_type=product&#038;p=477233"},"modified":"2026-05-09T05:00:25","modified_gmt":"2026-05-09T03:00:25","slug":"yj-appari-m-3x3","status":"publish","type":"product","link":"https:\/\/www.speedcube.nl\/de\/aanbieding-de\/yj-appari-m-3x3\/","title":{"rendered":"YJ Appari M 3&#215;3"},"content":{"rendered":"<p data-pm-slice=\"1 1 []\">Der YJ Appari M 3&#215;3 ist ein revolution\u00e4rer W\u00fcrfel mit einer weiterentwickelten Federstruktur, die L\u00e4rm und Abnutzung verhindert. Seine Geschwindigkeit wird durch einen Mikroantrieb erreicht, der eine un\u00fcbertroffene Leistung gew\u00e4hrleistet. Mit einem Antrieb auf der Basis von Ultrakernmagneten und einer omnidirektionalen Positionierung mit 48+16 gleichm\u00e4\u00dfig umlaufenden Magneten bietet dieser W\u00fcrfel Pr\u00e4zision und Benutzerfreundlichkeit. Das elastische Verstellsystem erm\u00f6glicht eine magische Einstellung und bietet ein unglaubliches Gef\u00fchl beim Drehen. Das Vichy Plaid Array oder Rautenmuster mit antiadh\u00e4siven Rillen und ein \u00d6lspeicher sorgen f\u00fcr eine ausgewogene Reibung und damit f\u00fcr ein lang anhaltendes, geschmeidiges Gef\u00fchl. Die sechs Farben des W\u00fcrfels verbessern nicht nur die Benutzerfreundlichkeit und den Komfort, sondern verringern auch das Risiko von Besch\u00e4digungen. Das farbenfrohe Design unterstreicht die Farbabstimmung und erleichtert die Beobachtung bei Hochgeschwindigkeitsl\u00f6sungen. Kurz gesagt, der YJ Appari M 3&#215;3 kombiniert Innovation und Ergonomie f\u00fcr das ultimative W\u00fcrfelerlebnis.<\/p>\n","protected":false},"excerpt":{"rendered":"<p>YJ<\/p>\n","protected":false},"featured_media":477131,"template":"","meta":{"_improvement_type_select":"improve_an_existing","_thumb_yes_seoaic":false,"_frame_yes_seoaic":false,"seoaic_generate_description":"","seoaic_improve_instructions_prompt":"","seoaic_rollback_content_improvement":"","seoaic_idea_thumbnail_generator":"","thumbnail_generated":false,"thumbnail_generate_prompt":"","seoaic_article_description":"","product-afmeting-lengte-mm":"56","product-afmeting-breedte-mm":"56","product-afmeting-hoogte-mm":"56"},"product_brand":[],"product_cat":[2174,1211,2558],"product_tag":[],"class_list":{"0":"post-477233","1":"product","2":"type-product","3":"status-publish","4":"has-post-thumbnail","6":"product_cat-yj-de","7":"product_cat-speedcube-de","8":"product_cat-aanbieding-de","9":"pa_merken-yj-de","11":"first","12":"instock","13":"sale","14":"taxable","15":"shipping-taxable","16":"purchasable","17":"product-type-simple"},"df_price":10.79,"df_sale_price":10.79,"df_regular_price":17.99,"df_image_link":"https:\/\/www.speedcube.nl\/wp-content\/uploads\/2024\/07\/Productvisuals_Speedcubes-YJ-Appari-M-3x3--285x300.jpg","_links":{"self":[{"href":"https:\/\/www.speedcube.nl\/de\/wp-json\/wp\/v2\/product\/477233","targetHints":{"allow":["GET"]}}],"collection":[{"href":"https:\/\/www.speedcube.nl\/de\/wp-json\/wp\/v2\/product"}],"about":[{"href":"https:\/\/www.speedcube.nl\/de\/wp-json\/wp\/v2\/types\/product"}],"version-history":[{"count":0,"href":"https:\/\/www.speedcube.nl\/de\/wp-json\/wp\/v2\/product\/477233\/revisions"}],"wp:featuredmedia":[{"embeddable":true,"href":"https:\/\/www.speedcube.nl\/de\/wp-json\/wp\/v2\/media\/477131"}],"wp:attachment":[{"href":"https:\/\/www.speedcube.nl\/de\/wp-json\/wp\/v2\/media?parent=477233"}],"wp:term":[{"taxonomy":"product_brand","embeddable":true,"href":"https:\/\/www.speedcube.nl\/de\/wp-json\/wp\/v2\/product_brand?post=477233"},{"taxonomy":"product_cat","embeddable":true,"href":"https:\/\/www.speedcube.nl\/de\/wp-json\/wp\/v2\/product_cat?post=477233"},{"taxonomy":"product_tag","embeddable":true,"href":"https:\/\/www.speedcube.nl\/de\/wp-json\/wp\/v2\/product_tag?post=477233"}],"curies":[{"name":"wp","href":"https:\/\/api.w.org\/{rel}","templated":true}]}}