{"id":477231,"date":"2024-06-24T10:00:25","date_gmt":"2024-06-24T08:00:25","guid":{"rendered":"https:\/\/www.speedcube.nl\/?post_type=product&#038;p=477231"},"modified":"2026-05-02T05:02:41","modified_gmt":"2026-05-02T03:02:41","slug":"sengso-glanzend-magnetisch-3x3","status":"publish","type":"product","link":"https:\/\/www.speedcube.nl\/de\/speedcube-de\/sengso-de\/sengso-glanzend-magnetisch-3x3\/","title":{"rendered":"Sengso Gl\u00e4nzend Magnetisch 3&#215;3"},"content":{"rendered":"<p data-pm-slice=\"1 1 []\">Der Sengso Lustrous Magnetic 3&#215;3 bietet ein einzigartiges Erlebnis mit einem Lichteffekt, der durch Dr\u00fccken des mittleren gelben W\u00fcrfels aktiviert wird. Im Lieferumfang ist ein praktisches USB-Kabel enthalten, mit dem Sie die Lampen ganz einfach aufladen k\u00f6nnen. Der transparente Kern sorgt nicht nur f\u00fcr ein sch\u00f6nes Aussehen, sondern auch f\u00fcr eine stabile und reibungslose Rotation. Mit seiner sch\u00f6nen Farbe und seinem runden, leichten Design ist dieser Speedcube nicht nur optisch ansprechend, sondern auch bequem zu benutzen. Au\u00dferdem hat der W\u00fcrfel eine stabile Struktur, die die Konsistenz beim W\u00fcrfeln gew\u00e4hrleistet. Angesichts der hochwertigen Leistung und der enthaltenen Extras bietet der Sengso Lustrous Magnetic 3&#215;3 ein ausgezeichnetes Preis-Leistungs-Verh\u00e4ltnis.<\/p>\n","protected":false},"excerpt":{"rendered":"<p>SENGSO<\/p>\n","protected":false},"featured_media":477064,"template":"","meta":{"_improvement_type_select":"improve_an_existing","_thumb_yes_seoaic":false,"_frame_yes_seoaic":false,"seoaic_generate_description":"","seoaic_improve_instructions_prompt":"","seoaic_rollback_content_improvement":"","seoaic_idea_thumbnail_generator":"","thumbnail_generated":false,"thumbnail_generate_prompt":"","seoaic_article_description":"","product-afmeting-lengte-mm":"56","product-afmeting-breedte-mm":"56","product-afmeting-hoogte-mm":"56"},"product_brand":[],"product_cat":[1221,1778,1211],"product_tag":[],"class_list":{"0":"post-477231","1":"product","2":"type-product","3":"status-publish","4":"has-post-thumbnail","6":"product_cat-3x3-de","7":"product_cat-sengso-de","8":"product_cat-speedcube-de","9":"pa_merken-sengso-de","11":"first","12":"instock","13":"taxable","14":"shipping-taxable","15":"purchasable","16":"product-type-simple"},"df_price":13.99,"df_sale_price":"","df_regular_price":13.99,"df_image_link":"https:\/\/www.speedcube.nl\/wp-content\/uploads\/2024\/06\/Productvisuals_Speedcubes-Sengso-Lustrous-Magnetic--285x300.jpg","_links":{"self":[{"href":"https:\/\/www.speedcube.nl\/de\/wp-json\/wp\/v2\/product\/477231","targetHints":{"allow":["GET"]}}],"collection":[{"href":"https:\/\/www.speedcube.nl\/de\/wp-json\/wp\/v2\/product"}],"about":[{"href":"https:\/\/www.speedcube.nl\/de\/wp-json\/wp\/v2\/types\/product"}],"version-history":[{"count":0,"href":"https:\/\/www.speedcube.nl\/de\/wp-json\/wp\/v2\/product\/477231\/revisions"}],"wp:featuredmedia":[{"embeddable":true,"href":"https:\/\/www.speedcube.nl\/de\/wp-json\/wp\/v2\/media\/477064"}],"wp:attachment":[{"href":"https:\/\/www.speedcube.nl\/de\/wp-json\/wp\/v2\/media?parent=477231"}],"wp:term":[{"taxonomy":"product_brand","embeddable":true,"href":"https:\/\/www.speedcube.nl\/de\/wp-json\/wp\/v2\/product_brand?post=477231"},{"taxonomy":"product_cat","embeddable":true,"href":"https:\/\/www.speedcube.nl\/de\/wp-json\/wp\/v2\/product_cat?post=477231"},{"taxonomy":"product_tag","embeddable":true,"href":"https:\/\/www.speedcube.nl\/de\/wp-json\/wp\/v2\/product_tag?post=477231"}],"curies":[{"name":"wp","href":"https:\/\/api.w.org\/{rel}","templated":true}]}}