{"id":475735,"date":"2024-06-15T14:08:21","date_gmt":"2024-06-15T12:08:21","guid":{"rendered":"https:\/\/www.speedcube.nl\/?post_type=product&#038;p=475735"},"modified":"2026-04-18T05:02:13","modified_gmt":"2026-04-18T03:02:13","slug":"robotime-vintage-kamera-tg403","status":"publish","type":"product","link":"https:\/\/www.speedcube.nl\/de\/aanbieding-de\/robotime-vintage-kamera-tg403\/","title":{"rendered":"Robotime Vintage Kamera TG403"},"content":{"rendered":"<p data-pm-slice=\"1 1 []\">In alten Filmen sieht man sie manchmal noch: Fotografen, die sich \u00fcber ihre Kamera beugen und sich ein schwarzes Tuch \u00fcber den Kopf ziehen. Sie taten dies, um unerw\u00fcnschtes Licht zu blockieren, damit sie eine klare Sicht auf das Bild auf der Glasplatte im Inneren der Kamera hatten. Obwohl die Leinwand nicht enthalten ist, enth\u00e4lt dieser Bausatz aus umweltfreundlichem Birkensperrholz 142 Teile, die Sie zur Fertigstellung der Robotime Vintage Camera TG403 ben\u00f6tigen.<\/p>\n","protected":false},"excerpt":{"rendered":"<p>ROBOTIME<\/p>\n","protected":false},"featured_media":475583,"template":"","meta":{"_improvement_type_select":"improve_an_existing","_thumb_yes_seoaic":false,"_frame_yes_seoaic":false,"seoaic_generate_description":"","seoaic_improve_instructions_prompt":"","seoaic_rollback_content_improvement":"","seoaic_idea_thumbnail_generator":"","thumbnail_generated":false,"thumbnail_generate_prompt":"","seoaic_article_description":"","product-afmeting-lengte-mm":"110","product-afmeting-breedte-mm":"102","product-afmeting-hoogte-mm":"180"},"product_brand":[],"product_cat":[1499,1619,2558],"product_tag":[],"class_list":{"0":"post-475735","1":"product","2":"type-product","3":"status-publish","4":"has-post-thumbnail","6":"product_cat-modellbau","7":"product_cat-robotime-de","8":"product_cat-aanbieding-de","9":"pa_merken-robotime-de","11":"first","12":"instock","13":"sale","14":"taxable","15":"shipping-taxable","16":"purchasable","17":"product-type-simple"},"df_price":6.495,"df_sale_price":6.495,"df_regular_price":12.99,"df_image_link":"https:\/\/www.speedcube.nl\/wp-content\/uploads\/2024\/06\/Productvisuals_Modelbouw-Robotime-Vintage-Camera-TG403--285x300.jpg","_links":{"self":[{"href":"https:\/\/www.speedcube.nl\/de\/wp-json\/wp\/v2\/product\/475735","targetHints":{"allow":["GET"]}}],"collection":[{"href":"https:\/\/www.speedcube.nl\/de\/wp-json\/wp\/v2\/product"}],"about":[{"href":"https:\/\/www.speedcube.nl\/de\/wp-json\/wp\/v2\/types\/product"}],"version-history":[{"count":0,"href":"https:\/\/www.speedcube.nl\/de\/wp-json\/wp\/v2\/product\/475735\/revisions"}],"wp:featuredmedia":[{"embeddable":true,"href":"https:\/\/www.speedcube.nl\/de\/wp-json\/wp\/v2\/media\/475583"}],"wp:attachment":[{"href":"https:\/\/www.speedcube.nl\/de\/wp-json\/wp\/v2\/media?parent=475735"}],"wp:term":[{"taxonomy":"product_brand","embeddable":true,"href":"https:\/\/www.speedcube.nl\/de\/wp-json\/wp\/v2\/product_brand?post=475735"},{"taxonomy":"product_cat","embeddable":true,"href":"https:\/\/www.speedcube.nl\/de\/wp-json\/wp\/v2\/product_cat?post=475735"},{"taxonomy":"product_tag","embeddable":true,"href":"https:\/\/www.speedcube.nl\/de\/wp-json\/wp\/v2\/product_tag?post=475735"}],"curies":[{"name":"wp","href":"https:\/\/api.w.org\/{rel}","templated":true}]}}