{"id":475476,"date":"2024-06-14T09:40:03","date_gmt":"2024-06-14T07:40:03","guid":{"rendered":"https:\/\/www.speedcube.nl\/?post_type=product&#038;p=475476"},"modified":"2026-04-05T05:01:24","modified_gmt":"2026-04-05T03:01:24","slug":"qiyi-xmd-silikon-gleitmittel","status":"publish","type":"product","link":"https:\/\/www.speedcube.nl\/de\/speedcube-de\/zubehor-speedcube\/qiyi-xmd-silikon-gleitmittel\/","title":{"rendered":"QiYi XMD Silikon-Gleitmittel"},"content":{"rendered":"<p data-pm-slice=\"1 1 []\">Das QiYi X-Man Design Silicone Lubricant (5ml) ist ein Premium-Gleitmittel, das die Leistung von Speedcubes verbessert. Dieses Silikon\u00f6l reduziert die Reibung und f\u00f6rdert die reibungslose Rotation der W\u00fcrfelteile, was zu schnelleren und leiseren Bewegungen f\u00fchrt. Die Flasche enth\u00e4lt 5 Milliliter, genug f\u00fcr mehrere Anwendungen. Eine \u00fcberm\u00e4\u00dfige Menge an Schmiermittel kann die Leistung Ihres W\u00fcrfels beeintr\u00e4chtigen. Beginnen Sie mit 1-2 Tropfen und finden Sie die richtige Balance.<\/p>\n","protected":false},"excerpt":{"rendered":"<p>QIYI<\/p>\n","protected":false},"featured_media":475402,"template":"","meta":{"_improvement_type_select":"improve_an_existing","_thumb_yes_seoaic":false,"_frame_yes_seoaic":false,"seoaic_generate_description":"","seoaic_improve_instructions_prompt":"","seoaic_rollback_content_improvement":"","seoaic_idea_thumbnail_generator":"","thumbnail_generated":false,"thumbnail_generate_prompt":"","seoaic_article_description":"","product-afmeting-lengte-mm":"20","product-afmeting-breedte-mm":"20","product-afmeting-hoogte-mm":"52"},"product_brand":[],"product_cat":[1235,2564,1211,2704],"product_tag":[],"class_list":{"0":"post-475476","1":"product","2":"type-product","3":"status-publish","4":"has-post-thumbnail","6":"product_cat-qiyi-de","7":"product_cat-schmierstoffe","8":"product_cat-speedcube-de","9":"product_cat-zubehor-speedcube","10":"pa_merken-qiyi-de","12":"first","13":"instock","14":"taxable","15":"shipping-taxable","16":"purchasable","17":"product-type-simple"},"df_price":6.99,"df_sale_price":"","df_regular_price":6.99,"df_image_link":"https:\/\/www.speedcube.nl\/wp-content\/uploads\/2024\/06\/Productvisuals_Speedcubes-QiYi-XMD-Siliconen-Smeermiddel-1-285x300.jpg","_links":{"self":[{"href":"https:\/\/www.speedcube.nl\/de\/wp-json\/wp\/v2\/product\/475476","targetHints":{"allow":["GET"]}}],"collection":[{"href":"https:\/\/www.speedcube.nl\/de\/wp-json\/wp\/v2\/product"}],"about":[{"href":"https:\/\/www.speedcube.nl\/de\/wp-json\/wp\/v2\/types\/product"}],"version-history":[{"count":0,"href":"https:\/\/www.speedcube.nl\/de\/wp-json\/wp\/v2\/product\/475476\/revisions"}],"wp:featuredmedia":[{"embeddable":true,"href":"https:\/\/www.speedcube.nl\/de\/wp-json\/wp\/v2\/media\/475402"}],"wp:attachment":[{"href":"https:\/\/www.speedcube.nl\/de\/wp-json\/wp\/v2\/media?parent=475476"}],"wp:term":[{"taxonomy":"product_brand","embeddable":true,"href":"https:\/\/www.speedcube.nl\/de\/wp-json\/wp\/v2\/product_brand?post=475476"},{"taxonomy":"product_cat","embeddable":true,"href":"https:\/\/www.speedcube.nl\/de\/wp-json\/wp\/v2\/product_cat?post=475476"},{"taxonomy":"product_tag","embeddable":true,"href":"https:\/\/www.speedcube.nl\/de\/wp-json\/wp\/v2\/product_tag?post=475476"}],"curies":[{"name":"wp","href":"https:\/\/api.w.org\/{rel}","templated":true}]}}