{"id":474837,"date":"2024-06-07T12:15:15","date_gmt":"2024-06-07T10:15:15","guid":{"rendered":"https:\/\/www.speedcube.nl\/?post_type=product&#038;p=474837"},"modified":"2026-05-09T05:00:46","modified_gmt":"2026-05-09T03:00:46","slug":"neu-spielzeug-zigguflat-puzzle","status":"publish","type":"product","link":"https:\/\/www.speedcube.nl\/de\/aanbieding-de\/neu-spielzeug-zigguflat-puzzle\/","title":{"rendered":"Neu Spielzeug Zigguflat Puzzle"},"content":{"rendered":"<p data-pm-slice=\"1 1 []\">Perfekt f\u00fcr alle, die gerne mit den H\u00e4nden arbeiten. Dieses herausfordernde Recent Toys Zigguflat Puzzle besteht aus sechs genial ineinander greifenden Teilen. Bewegen Sie die Teile hin und her, um sie auseinander zu nehmen und versuchen Sie dann, sie in einer der drei m\u00f6glichen Anordnungen wieder zusammenzusetzen. Dieses clevere Denkspiel ist 12 cm lang, besteht aus stabilem und farbenfrohem Kunststoff und macht ein sch\u00f6nes Klickger\u00e4usch. Fordern Sie Ihr Denken und Ihre Logik heraus und beweisen Sie, dass Sie der R\u00e4tselmeister sind. Empfohlenes Alter: 14+<\/p>\n","protected":false},"excerpt":{"rendered":"<p>NEUES SPIELZEUG<\/p>\n","protected":false},"featured_media":474744,"template":"","meta":{"_improvement_type_select":"improve_an_existing","_thumb_yes_seoaic":false,"_frame_yes_seoaic":false,"seoaic_generate_description":"","seoaic_improve_instructions_prompt":"","seoaic_rollback_content_improvement":"","seoaic_idea_thumbnail_generator":"","thumbnail_generated":false,"thumbnail_generate_prompt":"","seoaic_article_description":"","product-afmeting-lengte-mm":"120","product-afmeting-breedte-mm":"70","product-afmeting-hoogte-mm":"16"},"product_brand":[],"product_cat":[1227,2053,2558],"product_tag":[],"class_list":{"0":"post-474837","1":"product","2":"type-product","3":"status-publish","4":"has-post-thumbnail","6":"product_cat-knobelaufgaben","7":"product_cat-neueste-spielzeuge","8":"product_cat-aanbieding-de","9":"pa_merken-neues-spielzeug","11":"first","12":"instock","13":"sale","14":"taxable","15":"shipping-taxable","16":"purchasable","17":"product-type-simple"},"df_price":7.79,"df_sale_price":7.79,"df_regular_price":12.99,"df_image_link":"https:\/\/www.speedcube.nl\/wp-content\/uploads\/2024\/06\/Productvisuals_Breinbrekers-Recent-Toys-Zigguflat-Puzzel--285x300.jpg","_links":{"self":[{"href":"https:\/\/www.speedcube.nl\/de\/wp-json\/wp\/v2\/product\/474837","targetHints":{"allow":["GET"]}}],"collection":[{"href":"https:\/\/www.speedcube.nl\/de\/wp-json\/wp\/v2\/product"}],"about":[{"href":"https:\/\/www.speedcube.nl\/de\/wp-json\/wp\/v2\/types\/product"}],"version-history":[{"count":0,"href":"https:\/\/www.speedcube.nl\/de\/wp-json\/wp\/v2\/product\/474837\/revisions"}],"wp:featuredmedia":[{"embeddable":true,"href":"https:\/\/www.speedcube.nl\/de\/wp-json\/wp\/v2\/media\/474744"}],"wp:attachment":[{"href":"https:\/\/www.speedcube.nl\/de\/wp-json\/wp\/v2\/media?parent=474837"}],"wp:term":[{"taxonomy":"product_brand","embeddable":true,"href":"https:\/\/www.speedcube.nl\/de\/wp-json\/wp\/v2\/product_brand?post=474837"},{"taxonomy":"product_cat","embeddable":true,"href":"https:\/\/www.speedcube.nl\/de\/wp-json\/wp\/v2\/product_cat?post=474837"},{"taxonomy":"product_tag","embeddable":true,"href":"https:\/\/www.speedcube.nl\/de\/wp-json\/wp\/v2\/product_tag?post=474837"}],"curies":[{"name":"wp","href":"https:\/\/api.w.org\/{rel}","templated":true}]}}