{"id":473801,"date":"2024-06-03T13:54:20","date_gmt":"2024-06-03T11:54:20","guid":{"rendered":"https:\/\/www.speedcube.nl\/?post_type=product&#038;p=473801"},"modified":"2026-05-08T05:04:03","modified_gmt":"2026-05-08T03:04:03","slug":"moyu-weilong-wrm-v10-3x3","status":"publish","type":"product","link":"https:\/\/www.speedcube.nl\/de\/speedcube-de\/moyu-de\/moyu-weilong-wrm-v10-3x3\/","title":{"rendered":"MoYu Weilong WRM V10 3&#215;3"},"content":{"rendered":"<p data-pm-slice=\"1 1 []\">Der MoYu WeiLong WR M V10 3\u00d73 k\u00f6nnte gerade der W\u00fcrfel des Jahres 2024 werden. Dieser Speedcube von ist der Nachfolger des sehr beliebten MoYu WeiLong WR M V9. Trotz der neuesten Technologien von MoYu, die dem WRM V10 hinzugef\u00fcgt wurden, wie z.B. ein Magnetkern, ein fortschrittliches doppeltes Verstellsystem, Drachenschuppen-Design und UV-Beschichtung bei 3 Modellen, ist es gelungen, den Preis dieses W\u00fcrfels niedriger zu halten als bei seinem Vorg\u00e4nger. Der W\u00fcrfel ist in vier spannenden Varianten erh\u00e4ltlich, so dass f\u00fcr jeden etwas dabei ist.<\/p>\n<p><strong>Magnetisch<\/strong>:<br \/>\nDie Moyu Weilong WRM V10 Magnetic Version verf\u00fcgt \u00fcber 48 Magnete f\u00fcr optimale Stabilit\u00e4t und eine doppelte Federeinstellung f\u00fcr eine pr\u00e4zise Feinabstimmung. Die gefrostete \u00e4u\u00dfere Oberfl\u00e4che bietet eine mittlere Griffigkeit und ein mattes Aussehen, w\u00e4hrend 8 Kompressions- und 8 Spannungseinstellungen ultimative Anpassungsm\u00f6glichkeiten bieten.<\/p>\n<p data-pm-slice=\"1 1 []\"><strong>Magnetisches UV<\/strong>:<br \/>\nDie Moyu Weilong WRM V10 Magnetic UV Version hat 48 Magnete und eine doppelte Federeinstellung f\u00fcr Pr\u00e4zision. Mit einer UV-Beschichtung versehen, bietet es eine verbesserte Griffigkeit und ein gl\u00e4nzendes Aussehen. Diese Schicht macht den W\u00fcrfel widerstandsf\u00e4higer gegen Kratzer, Verblassen und Abnutzung, die durch intensiven Gebrauch entstehen k\u00f6nnen. Au\u00dferdem bietet er 8 Kompressionseinstellungen und 8 Spannungseinstellungen f\u00fcr eine umfassende Personalisierung.<\/p>\n<p data-pm-slice=\"1 1 []\"><strong>Magnetischer Kugelkern UV &#8211; 20 Magnete<\/strong>:<br \/>\nDer Moyu Weilong WRM V10 Magnetic UV hat einen Kugelkern mit 88 Magneten und bietet eine doppelte Federeinstellung. Die Kugelkernkonstruktion verbessert die Stabilit\u00e4t und Gleichm\u00e4\u00dfigkeit der Drehbewegungen. Ein Kugelkern kann auch zu einem gleichm\u00e4\u00dfigeren Gef\u00fchl beim Spinnen beitragen, da er das Risiko einer ungleichm\u00e4\u00dfigen Spannung verringert und einen glatteren und robusteren Mechanismus f\u00fcr die Spinnteile bietet. Die UV-Au\u00dfenbeschichtung sorgt f\u00fcr einen guten Halt, und mit 8 Kompressions- und 8 Spannungseinstellungen k\u00f6nnen Sie den W\u00fcrfel perfekt anpassen.<\/p>\n<p data-pm-slice=\"1 1 []\"><strong>Maglev Ball-core UV &#8211; 20 Magnete<\/strong>:<br \/>\nDie Moyu Weilong WRM V10 Maglev Ball-core UV verf\u00fcgt \u00fcber insgesamt 100 Magnete und verwendet Magnetschwebetechnologie und einen Kugelkern f\u00fcr au\u00dfergew\u00f6hnliche Stabilit\u00e4t. Die Maglev-Technologie ersetzt herk\u00f6mmliche Federn durch absto\u00dfende Magnete, was zu einem sanfteren und gleichm\u00e4\u00dfigeren Dreherlebnis f\u00fchrt. Dies reduziert Reibung und Verschlei\u00df und macht den W\u00fcrfel langlebiger. Die \u00e4u\u00dfere UV-Beschichtung sorgt f\u00fcr guten Halt. Mit 8 Kompressions- und 8 Spannungseinstellungen bietet dieser W\u00fcrfel umfangreiche Personalisierungsm\u00f6glichkeiten.<\/p>\n","protected":false},"excerpt":{"rendered":"<p>MOYU<\/p>\n","protected":false},"featured_media":473547,"template":"","meta":{"_improvement_type_select":"improve_an_existing","_thumb_yes_seoaic":false,"_frame_yes_seoaic":false,"seoaic_generate_description":"","seoaic_improve_instructions_prompt":"","seoaic_rollback_content_improvement":"","seoaic_idea_thumbnail_generator":"","thumbnail_generated":false,"thumbnail_generate_prompt":"","seoaic_article_description":"","product-afmeting-lengte-mm":"55","product-afmeting-breedte-mm":"55","product-afmeting-hoogte-mm":"55"},"product_brand":[],"product_cat":[1221,1332,1211],"product_tag":[],"class_list":{"0":"post-473801","1":"product","2":"type-product","3":"status-publish","4":"has-post-thumbnail","6":"product_cat-3x3-de","7":"product_cat-moyu-de","8":"product_cat-speedcube-de","9":"pa_merken-moyu-de","11":"first","12":"instock","13":"taxable","14":"shipping-taxable","15":"purchasable","16":"product-type-variable"},"df_price":14.99,"df_sale_price":"","df_regular_price":14.99,"df_image_link":"https:\/\/www.speedcube.nl\/wp-content\/uploads\/2024\/05\/Productvisuals_Speedcubes-MoYu-Weilong-WRM-V10--285x300.jpg","_links":{"self":[{"href":"https:\/\/www.speedcube.nl\/de\/wp-json\/wp\/v2\/product\/473801","targetHints":{"allow":["GET"]}}],"collection":[{"href":"https:\/\/www.speedcube.nl\/de\/wp-json\/wp\/v2\/product"}],"about":[{"href":"https:\/\/www.speedcube.nl\/de\/wp-json\/wp\/v2\/types\/product"}],"version-history":[{"count":0,"href":"https:\/\/www.speedcube.nl\/de\/wp-json\/wp\/v2\/product\/473801\/revisions"}],"wp:featuredmedia":[{"embeddable":true,"href":"https:\/\/www.speedcube.nl\/de\/wp-json\/wp\/v2\/media\/473547"}],"wp:attachment":[{"href":"https:\/\/www.speedcube.nl\/de\/wp-json\/wp\/v2\/media?parent=473801"}],"wp:term":[{"taxonomy":"product_brand","embeddable":true,"href":"https:\/\/www.speedcube.nl\/de\/wp-json\/wp\/v2\/product_brand?post=473801"},{"taxonomy":"product_cat","embeddable":true,"href":"https:\/\/www.speedcube.nl\/de\/wp-json\/wp\/v2\/product_cat?post=473801"},{"taxonomy":"product_tag","embeddable":true,"href":"https:\/\/www.speedcube.nl\/de\/wp-json\/wp\/v2\/product_tag?post=473801"}],"curies":[{"name":"wp","href":"https:\/\/api.w.org\/{rel}","templated":true}]}}