{"id":473791,"date":"2024-06-03T13:54:00","date_gmt":"2024-06-03T11:54:00","guid":{"rendered":"https:\/\/www.speedcube.nl\/?post_type=product&#038;p=473791"},"modified":"2026-05-02T05:04:45","modified_gmt":"2026-05-02T03:04:45","slug":"qiyi-qiheng-megaminx","status":"publish","type":"product","link":"https:\/\/www.speedcube.nl\/de\/speedcube-de\/megaminx-de\/qiyi-qiheng-megaminx\/","title":{"rendered":"QiYi QiHeng Megaminx"},"content":{"rendered":"<div>\n<p>Entscheiden Sie sich f\u00fcr den Standard QiYi QiHeng S2 Megaminx oder den magnetischen QiYi QiHeng Magnetic Megaminx? Der Hauptunterschied zwischen dem QiYi QiHeng S2 Megaminx 3&#215;3 und dem QiYi QiHeng Magnetic Megaminx 3&#215;3 ist das Vorhandensein von Magneten. Die magnetische Variante bietet eine bessere Stabilit\u00e4t und Leichtg\u00e4ngigkeit und ist daher ideal f\u00fcr Speedcubing. Die nicht-magnetische Version hingegen ist eine ausgezeichnete Wahl f\u00fcr Gelegenheitsnutzer, die eine preiswertere Option suchen. Beide Megaminxen haben einen gro\u00dfen Drehbereich und verf\u00fcgen \u00fcber eine konkave Oberfl\u00e4che und ein abgerundetes Bogendesign (konkaves Design), das einen festen Griff gew\u00e4hrleistet und ein Abrutschen bei schnellen Drehungen verhindert. Das Anti-Stick-Design reduziert die Reibung beim W\u00fcrfeln und verbessert die Gl\u00e4tte. Dar\u00fcber hinaus haben die W\u00fcrfel eine matte Oberfl\u00e4che, um Kratzer und Blendungen zu vermeiden, und sind leicht.<\/p>\n<\/div>\n<p><strong>QiYi QiHeng S2 Megaminx 3&#215;3<\/strong>: Dieses Modell ist nicht-magnetisch. Trotz des Fehlens von Magneten bietet dieser W\u00fcrfel ein sanftes und angenehmes Drehen, auch wenn es etwas mehr Geschick erfordert, um schnelle und pr\u00e4zise Bewegungen auszuf\u00fchren. Dieses Modell ist im Vergleich zu seinem magnetischen Gegenst\u00fcck preiswerter und ist eine ausgezeichnete Wahl f\u00fcr Gelegenheits-Cuber oder diejenigen, die weniger f\u00fcr einen Speed Cube ausgeben m\u00f6chten. Alles in allem bietet das QiYi QiHeng S2 eine solide Erfahrung mit ausreichender Stabilit\u00e4t.<\/p>\n<div>\n<p><strong>QiYi QiHeng Magnetic Megaminx 3&#215;3<\/strong>: Dieses Modell enth\u00e4lt 120 eingebaute Magnete, die zu einer verbesserten Stabilit\u00e4t und Kontrolle beim Drehen beitragen. Diese Magnete halten die Schichten an Ort und Stelle, was zu einer pr\u00e4zisen Ausrichtung und einem reibungslosen Dreherlebnis f\u00fchrt. Dieses Modell bietet ein professionelles Erlebnis mit verbesserter Leistung, was besonders f\u00fcr den Einsatz im Wettbewerb n\u00fctzlich ist. Die bessere Ausrichtung der Ebenen dank der Magnete verringert das Fehlerrisiko und sorgt f\u00fcr ein optimales Gesamterlebnis, was besonders f\u00fcr schnelle L\u00f6ser von Vorteil ist.<\/p>\n<\/div>\n","protected":false},"excerpt":{"rendered":"<p>QIYI<\/p>\n","protected":false},"featured_media":473471,"template":"","meta":{"_improvement_type_select":"improve_an_existing","_thumb_yes_seoaic":false,"_frame_yes_seoaic":false,"seoaic_generate_description":"","seoaic_improve_instructions_prompt":"","seoaic_rollback_content_improvement":"","seoaic_idea_thumbnail_generator":"","thumbnail_generated":false,"thumbnail_generate_prompt":"","seoaic_article_description":"","product-afmeting-lengte-mm":"91","product-afmeting-breedte-mm":"91","product-afmeting-hoogte-mm":"91"},"product_brand":[],"product_cat":[1378,1235,1211],"product_tag":[],"class_list":{"0":"post-473791","1":"product","2":"type-product","3":"status-publish","4":"has-post-thumbnail","6":"product_cat-megaminx-de","7":"product_cat-qiyi-de","8":"product_cat-speedcube-de","9":"pa_merken-qiyi-de","11":"first","12":"instock","13":"taxable","14":"shipping-taxable","15":"purchasable","16":"product-type-variable"},"df_price":10.99,"df_sale_price":"","df_regular_price":10.99,"df_image_link":"https:\/\/www.speedcube.nl\/wp-content\/uploads\/2024\/05\/Productvisuals_Speedcubes-QiYi-QiHeng-S2-Megaminx-3x3--285x300.jpg","_links":{"self":[{"href":"https:\/\/www.speedcube.nl\/de\/wp-json\/wp\/v2\/product\/473791","targetHints":{"allow":["GET"]}}],"collection":[{"href":"https:\/\/www.speedcube.nl\/de\/wp-json\/wp\/v2\/product"}],"about":[{"href":"https:\/\/www.speedcube.nl\/de\/wp-json\/wp\/v2\/types\/product"}],"version-history":[{"count":0,"href":"https:\/\/www.speedcube.nl\/de\/wp-json\/wp\/v2\/product\/473791\/revisions"}],"wp:featuredmedia":[{"embeddable":true,"href":"https:\/\/www.speedcube.nl\/de\/wp-json\/wp\/v2\/media\/473471"}],"wp:attachment":[{"href":"https:\/\/www.speedcube.nl\/de\/wp-json\/wp\/v2\/media?parent=473791"}],"wp:term":[{"taxonomy":"product_brand","embeddable":true,"href":"https:\/\/www.speedcube.nl\/de\/wp-json\/wp\/v2\/product_brand?post=473791"},{"taxonomy":"product_cat","embeddable":true,"href":"https:\/\/www.speedcube.nl\/de\/wp-json\/wp\/v2\/product_cat?post=473791"},{"taxonomy":"product_tag","embeddable":true,"href":"https:\/\/www.speedcube.nl\/de\/wp-json\/wp\/v2\/product_tag?post=473791"}],"curies":[{"name":"wp","href":"https:\/\/api.w.org\/{rel}","templated":true}]}}