{"id":473789,"date":"2024-06-03T13:53:51","date_gmt":"2024-06-03T11:53:51","guid":{"rendered":"https:\/\/www.speedcube.nl\/?post_type=product&#038;p=473789"},"modified":"2026-05-05T05:12:03","modified_gmt":"2026-05-05T03:12:03","slug":"cyclone-jungen-metallic-3x3-m-farbverlauf","status":"publish","type":"product","link":"https:\/\/www.speedcube.nl\/de\/aanbieding-de\/cyclone-jungen-metallic-3x3-m-farbverlauf\/","title":{"rendered":"Cyclone Jungen Metallic 3&#215;3 M Farbverlauf"},"content":{"rendered":"<p data-pm-slice=\"1 1 []\">Der Cyclone Boys Metallic 3&#215;3 M Gradient besticht durch seinen auff\u00e4lligen metallischen Farbverlauf ohne Aufkleber und verf\u00fcgt \u00fcber eine metallische Au\u00dfenseite. Die Innenseite ist aus Kunststoff, was f\u00fcr ein unglaublich glattes und schnelles Drehgef\u00fchl sorgt. Dank der eingebauten starken Werksmagnete bleibt der W\u00fcrfel w\u00e4hrend des Aufl\u00f6sens fest und pr\u00e4zise in Position.<\/p>\n","protected":false},"excerpt":{"rendered":"<p>CYCLONE BOYS<\/p>\n","protected":false},"featured_media":473487,"template":"","meta":{"_improvement_type_select":"improve_an_existing","_thumb_yes_seoaic":false,"_frame_yes_seoaic":false,"seoaic_generate_description":"","seoaic_improve_instructions_prompt":"","seoaic_rollback_content_improvement":"","seoaic_idea_thumbnail_generator":"","thumbnail_generated":false,"thumbnail_generate_prompt":"","seoaic_article_description":"","product-afmeting-lengte-mm":"56","product-afmeting-breedte-mm":"56","product-afmeting-hoogte-mm":"56"},"product_brand":[],"product_cat":[1221,1211,1863,2558],"product_tag":[],"class_list":{"0":"post-473789","1":"product","2":"type-product","3":"status-publish","4":"has-post-thumbnail","6":"product_cat-3x3-de","7":"product_cat-speedcube-de","8":"product_cat-zyklon-jungen","9":"product_cat-aanbieding-de","10":"pa_merken-cyclone-boy-de","12":"first","13":"instock","14":"sale","15":"taxable","16":"shipping-taxable","17":"purchasable","18":"product-type-simple"},"df_price":10.79,"df_sale_price":10.79,"df_regular_price":17.99,"df_image_link":"https:\/\/www.speedcube.nl\/wp-content\/uploads\/2024\/05\/Productvisuals_Speedcubes-Cyclone-boys-Metallic-3x3-M-Gradient--285x300.jpg","_links":{"self":[{"href":"https:\/\/www.speedcube.nl\/de\/wp-json\/wp\/v2\/product\/473789","targetHints":{"allow":["GET"]}}],"collection":[{"href":"https:\/\/www.speedcube.nl\/de\/wp-json\/wp\/v2\/product"}],"about":[{"href":"https:\/\/www.speedcube.nl\/de\/wp-json\/wp\/v2\/types\/product"}],"version-history":[{"count":0,"href":"https:\/\/www.speedcube.nl\/de\/wp-json\/wp\/v2\/product\/473789\/revisions"}],"wp:featuredmedia":[{"embeddable":true,"href":"https:\/\/www.speedcube.nl\/de\/wp-json\/wp\/v2\/media\/473487"}],"wp:attachment":[{"href":"https:\/\/www.speedcube.nl\/de\/wp-json\/wp\/v2\/media?parent=473789"}],"wp:term":[{"taxonomy":"product_brand","embeddable":true,"href":"https:\/\/www.speedcube.nl\/de\/wp-json\/wp\/v2\/product_brand?post=473789"},{"taxonomy":"product_cat","embeddable":true,"href":"https:\/\/www.speedcube.nl\/de\/wp-json\/wp\/v2\/product_cat?post=473789"},{"taxonomy":"product_tag","embeddable":true,"href":"https:\/\/www.speedcube.nl\/de\/wp-json\/wp\/v2\/product_tag?post=473789"}],"curies":[{"name":"wp","href":"https:\/\/api.w.org\/{rel}","templated":true}]}}