{"id":469721,"date":"2024-05-08T12:09:47","date_gmt":"2024-05-08T10:09:47","guid":{"rendered":"https:\/\/www.speedcube.nl\/?post_type=product&#038;p=469721"},"modified":"2026-04-10T05:00:46","modified_gmt":"2026-04-10T03:00:46","slug":"metall-erde-premium-serie-london-tower-bridge","status":"publish","type":"product","link":"https:\/\/www.speedcube.nl\/de\/aanbieding-de\/metall-erde-premium-serie-london-tower-bridge\/","title":{"rendered":"Metall Erde Premium Serie London Tower Bridge"},"content":{"rendered":"<p>Entdecken Sie den Zauber der Londoner Tower Bridge, einem Meisterwerk der Architektur und Geschichte, das die wundersch\u00f6ne Themse \u00fcberspannt. Diese ikonische Br\u00fccke wurde von 1886 bis 1894 erbaut und verbindet die Eleganz einer H\u00e4ngebr\u00fccke mit dem funktionalen Design einer Zugbr\u00fccke. Mit ihrer beeindruckenden L\u00e4nge von 244 Metern und zwei 65 Meter hohen T\u00fcrmen ist die Tower Bridge zu einem unverwechselbaren Symbol der pulsierenden Stadt London geworden. Bauen Sie diese fantastische Br\u00fccke selbst mit der Metal Earth Premium Series London Tower Bridge! Dieses Modell besteht aus 3 Bl\u00e4ttern.<\/p>\n<p><a href=\"https:\/\/www.speedcube.nl\/wp-content\/uploads\/2024\/05\/PS2009-3500w.pdf\">Anleitung PDF: PS2009<\/a><\/p>\n<p>&nbsp;<\/p>\n","protected":false},"excerpt":{"rendered":"<p>METALLERDE<\/p>\n","protected":false},"featured_media":469716,"template":"","meta":{"_improvement_type_select":"improve_an_existing","_thumb_yes_seoaic":false,"_frame_yes_seoaic":false,"seoaic_generate_description":"","seoaic_improve_instructions_prompt":"","seoaic_rollback_content_improvement":"","seoaic_idea_thumbnail_generator":"","thumbnail_generated":false,"thumbnail_generate_prompt":"","seoaic_article_description":"","product-afmeting-lengte-mm":"330","product-afmeting-breedte-mm":"70","product-afmeting-hoogte-mm":"91"},"product_brand":[],"product_cat":[1714,1499,2558],"product_tag":[],"class_list":{"0":"post-469721","1":"product","2":"type-product","3":"status-publish","4":"has-post-thumbnail","6":"product_cat-metall-erde","7":"product_cat-modellbau","8":"product_cat-aanbieding-de","9":"pa_merken-metallerde","11":"first","12":"instock","13":"sale","14":"taxable","15":"shipping-taxable","16":"purchasable","17":"product-type-simple"},"df_price":17.475,"df_sale_price":17.475,"df_regular_price":34.95,"df_image_link":"https:\/\/www.speedcube.nl\/wp-content\/uploads\/2024\/05\/Productvisuals_Modelbouw-Metal-Earth-Premium-Series-London-Tower-Bridge--285x300.jpg","_links":{"self":[{"href":"https:\/\/www.speedcube.nl\/de\/wp-json\/wp\/v2\/product\/469721","targetHints":{"allow":["GET"]}}],"collection":[{"href":"https:\/\/www.speedcube.nl\/de\/wp-json\/wp\/v2\/product"}],"about":[{"href":"https:\/\/www.speedcube.nl\/de\/wp-json\/wp\/v2\/types\/product"}],"version-history":[{"count":0,"href":"https:\/\/www.speedcube.nl\/de\/wp-json\/wp\/v2\/product\/469721\/revisions"}],"wp:featuredmedia":[{"embeddable":true,"href":"https:\/\/www.speedcube.nl\/de\/wp-json\/wp\/v2\/media\/469716"}],"wp:attachment":[{"href":"https:\/\/www.speedcube.nl\/de\/wp-json\/wp\/v2\/media?parent=469721"}],"wp:term":[{"taxonomy":"product_brand","embeddable":true,"href":"https:\/\/www.speedcube.nl\/de\/wp-json\/wp\/v2\/product_brand?post=469721"},{"taxonomy":"product_cat","embeddable":true,"href":"https:\/\/www.speedcube.nl\/de\/wp-json\/wp\/v2\/product_cat?post=469721"},{"taxonomy":"product_tag","embeddable":true,"href":"https:\/\/www.speedcube.nl\/de\/wp-json\/wp\/v2\/product_tag?post=469721"}],"curies":[{"name":"wp","href":"https:\/\/api.w.org\/{rel}","templated":true}]}}